{"id":18031,"date":"2021-02-21T14:32:19","date_gmt":"2021-02-21T14:32:19","guid":{"rendered":"https:\/\/www.autonvaraosahaku.fi\/?product=ridex-685i0127-sytytysjohto"},"modified":"2021-02-21T14:32:21","modified_gmt":"2021-02-21T14:32:21","slug":"ridex-685i0127-sytytysjohto","status":"publish","type":"product","link":"https:\/\/www.autonvaraosahaku.fi\/?product=ridex-685i0127-sytytysjohto","title":{"rendered":"RIDEX 685I0127 Sytytysjohto"},"content":{"rendered":"<p>L\u00e4pimitta [mm\u00b2]: 5; M\u00e4\u00e4r\u00e4: 4; Pituus 1 (mm): 380; Pituus 2 (mm): 460; Pituus 3 [mm]: 600; Pituus 4 [mm]: 660; Varustelumahdollisuudet: 4 Cables\/D:5 mm; TOYOTA: STARLET EP91,AVENSIS _T22_,COROLLA Liftback _E11_,COROLLA Compact _E11_,AVENSIS Station Wagon _T22_,AVENSIS Liftback _T22_,PASEO Coupe EL54,COROLLA Compact _E10_,CARINA E _T19_,CELICA ST20_, AT20_,COROLLA _E11_,CARINA E Stufenheck _T19_,CELICA Coupe AT18_, ST18_,COROLLA Wagon __E11_,CARINA E Sportswagon _T19_,COROLLA Liftback _E10_,PASEO Cabriolet EL54,COROLLA _E10_,COROLLA Wagon _E10_; 9091921541, 9091922325, 9091922327, 9091922373; Sytytysjohtosarja,Sytytyskaapeli<\/p>\n","protected":false},"excerpt":{"rendered":"<p>RIDEX Sytytysjohto 685I0127 Sytytysjohtosarja,Sytytyskaapeli TOYOTA,STARLET EP91,AVENSIS _T22_,COROLLA Liftback _E11_,COROLLA Compact _E11_<\/p>\n","protected":false},"featured_media":0,"template":"","meta":{"site-sidebar-layout":"default","site-content-layout":"default","ast-global-header-display":"","ast-main-header-display":"","ast-hfb-above-header-display":"","ast-hfb-below-header-display":"","ast-hfb-mobile-header-display":"","site-post-title":"","ast-breadcrumbs-content":"","ast-featured-img":"","footer-sml-layout":"","theme-transparent-header-meta":"","adv-header-id-meta":"","stick-header-meta":"","header-above-stick-meta":"","header-main-stick-meta":"","header-below-stick-meta":""},"pwb-brand":[157],"product_cat":[198],"product_tag":[],"class_list":{"0":"post-18031","1":"product","2":"type-product","3":"status-publish","5":"pwb-brand-ridex","6":"product_cat-sytytysjohto","7":"desktop-align-left","8":"tablet-align-left","9":"mobile-align-left","11":"first","12":"instock","13":"product-type-external"},"brands":[{"id":157,"name":"RIDEX","slug":"ridex"}],"_links":{"self":[{"href":"https:\/\/www.autonvaraosahaku.fi\/index.php?rest_route=\/wp\/v2\/product\/18031","targetHints":{"allow":["GET"]}}],"collection":[{"href":"https:\/\/www.autonvaraosahaku.fi\/index.php?rest_route=\/wp\/v2\/product"}],"about":[{"href":"https:\/\/www.autonvaraosahaku.fi\/index.php?rest_route=\/wp\/v2\/types\/product"}],"wp:attachment":[{"href":"https:\/\/www.autonvaraosahaku.fi\/index.php?rest_route=%2Fwp%2Fv2%2Fmedia&parent=18031"}],"wp:term":[{"taxonomy":"pwb-brand","embeddable":true,"href":"https:\/\/www.autonvaraosahaku.fi\/index.php?rest_route=%2Fwp%2Fv2%2Fpwb-brand&post=18031"},{"taxonomy":"product_cat","embeddable":true,"href":"https:\/\/www.autonvaraosahaku.fi\/index.php?rest_route=%2Fwp%2Fv2%2Fproduct_cat&post=18031"},{"taxonomy":"product_tag","embeddable":true,"href":"https:\/\/www.autonvaraosahaku.fi\/index.php?rest_route=%2Fwp%2Fv2%2Fproduct_tag&post=18031"}],"curies":[{"name":"wp","href":"https:\/\/api.w.org\/{rel}","templated":true}]}}