{"id":18044,"date":"2021-02-21T14:32:23","date_gmt":"2021-02-21T14:32:23","guid":{"rendered":"https:\/\/www.autonvaraosahaku.fi\/?product=ridex-2s0286-starttimoottori"},"modified":"2021-02-21T14:32:24","modified_gmt":"2021-02-21T14:32:24","slug":"ridex-2s0286-starttimoottori","status":"publish","type":"product","link":"https:\/\/www.autonvaraosahaku.fi\/?product=ridex-2s0286-starttimoottori","title":{"rendered":"RIDEX 2S0286 Starttimoottori"},"content":{"rendered":"<p>Pituus 1 (mm): 76,5; Pituus 2 (mm): 52,5; K\u00e4ynnistinmoottori teho (kW): 2; J\u00e4nnite (V): 12; Kiinnitysreikien lukum\u00e4\u00e4r\u00e4: 3; Py\u00f6rimissuunta: Py\u00f6rimissuunta vastap\u00e4iv\u00e4\u00e4n; Hammasluku: 10; Moottorinumero: CDGA; VW: GOLF IV 1J1,GOLF V 1K1,POLO 9N_,TOURAN 1T1, 1T2,PASSAT Variant 3C5,GOLF PLUS 5M1, 521,PASSAT 3C2,PASSAT Variant 365,GOLF IV Variant 1J5,POLO 6N2,CADDY III Kombi 2KB, 2KJ, 2CB, 2CJ,TRANSPORTER V Bus 7HB, 7HJ, 7EB, 7EJ, 7EF,GOLF V Variant 1K5,MULTIVAN V 7HM, 7HN, 7HF, 7EF, 7EM, 7EN,CADDY III Kasten 2KA, 2KH, 2CA, 2CH,TRANSPORTER V Kasten 7HA, 7HH, 7EA, 7EH,JETTA III 1K2,PASSAT 362,TRANSPORTER V Pritsche\/Fahrgestell 7JD, 7JE, 7JL, 7JY, 7JZ,,POLO Stufenheck 9A4,PASSAT Variant 3G5,PASSAT 3G2,PASSAT ALLTRACK 3G5; AUDI: A3 8P1,A3 Sportback 8PA,TT 8N3,TT Roadster 8N9,A3 Cabriolet 8P7; SKODA: OCTAVIA Combi 1Z5,FABIA Combi 6Y5,FABIA,FABIA 6Y2,FABIA Combi,ROOMSTER 5J,SUPERB Kombi 3T5,OCTAVIA 1Z3,SUPERB 3T4,FABIA Stufenheck 6Y3,ROOMSTER Praktik 5J,FABIA Praktik; SEAT: IBIZA IV 6L1,LEON 1P1,IBIZA V 6J5, 6P5,LEON 1M1,ALTEA 5P1,ALTEA XL 5P5, 5P8,IBIZA V SPORTCOUPE 6J1, 6P1,CORDOBA 6L2,TOLEDO III 5P2; 02Z911023FX, 02Z911023HX, 02Z911024J, 2Z911023F, 2Z911023FX, 2Z911023H, 2Z911023HX, 2Z911024J, 02Z911023FX, 02Z911023HX, 02Z911024J, 02Z911024JX, 2Z911023F, 2Z911023FX, 2Z911023H, 2Z911023HX, 2Z911024J, 2Z911024JX, 02Z911023FX, 02Z911023HX, 02Z911024J, 02Z911024JX, 2Z911023F, 2Z911023FX, 2Z911023H, 2Z911023HX, 2Z911024J, 2Z911024JX, 02Z911023F, 02Z911023FX, 02Z911023H, 02Z911023HX, 02Z911024J, 02Z911024JX, 2Z911023F, 2Z911023FX, 2Z911023H, 2Z911023HX, 2Z911024J, 2Z911024JX; Startti,K\u00e4ynnistinmoottori<\/p>\n","protected":false},"excerpt":{"rendered":"<p>RIDEX Starttimoottori 2S0286 Startti,K\u00e4ynnistinmoottori VW,AUDI,SKODA,GOLF IV 1J1,GOLF V 1K1,POLO 9N_,TOURAN 1T1, 1T2,PASSAT Variant 3C5<\/p>\n","protected":false},"featured_media":0,"template":"","meta":{"site-sidebar-layout":"default","site-content-layout":"default","ast-global-header-display":"","ast-main-header-display":"","ast-hfb-above-header-display":"","ast-hfb-below-header-display":"","ast-hfb-mobile-header-display":"","site-post-title":"","ast-breadcrumbs-content":"","ast-featured-img":"","footer-sml-layout":"","theme-transparent-header-meta":"","adv-header-id-meta":"","stick-header-meta":"","header-above-stick-meta":"","header-main-stick-meta":"","header-below-stick-meta":""},"pwb-brand":[157],"product_cat":[295],"product_tag":[],"class_list":{"0":"post-18044","1":"product","2":"type-product","3":"status-publish","5":"pwb-brand-ridex","6":"product_cat-starttimoottori","7":"desktop-align-left","8":"tablet-align-left","9":"mobile-align-left","11":"first","12":"instock","13":"product-type-external"},"brands":[{"id":157,"name":"RIDEX","slug":"ridex"}],"_links":{"self":[{"href":"https:\/\/www.autonvaraosahaku.fi\/index.php?rest_route=\/wp\/v2\/product\/18044","targetHints":{"allow":["GET"]}}],"collection":[{"href":"https:\/\/www.autonvaraosahaku.fi\/index.php?rest_route=\/wp\/v2\/product"}],"about":[{"href":"https:\/\/www.autonvaraosahaku.fi\/index.php?rest_route=\/wp\/v2\/types\/product"}],"wp:attachment":[{"href":"https:\/\/www.autonvaraosahaku.fi\/index.php?rest_route=%2Fwp%2Fv2%2Fmedia&parent=18044"}],"wp:term":[{"taxonomy":"pwb-brand","embeddable":true,"href":"https:\/\/www.autonvaraosahaku.fi\/index.php?rest_route=%2Fwp%2Fv2%2Fpwb-brand&post=18044"},{"taxonomy":"product_cat","embeddable":true,"href":"https:\/\/www.autonvaraosahaku.fi\/index.php?rest_route=%2Fwp%2Fv2%2Fproduct_cat&post=18044"},{"taxonomy":"product_tag","embeddable":true,"href":"https:\/\/www.autonvaraosahaku.fi\/index.php?rest_route=%2Fwp%2Fv2%2Fproduct_tag&post=18044"}],"curies":[{"name":"wp","href":"https:\/\/api.w.org\/{rel}","templated":true}]}}