{"id":18048,"date":"2021-02-21T14:32:23","date_gmt":"2021-02-21T14:32:23","guid":{"rendered":"https:\/\/www.autonvaraosahaku.fi\/?product=vaico-v52-80016-jarrulevyt"},"modified":"2021-02-21T14:32:24","modified_gmt":"2021-02-21T14:32:24","slug":"vaico-v52-80016-jarrulevyt","status":"publish","type":"product","link":"https:\/\/www.autonvaraosahaku.fi\/?product=vaico-v52-80016-jarrulevyt","title":{"rendered":"VAICO V52-80016 Jarrulevyt"},"content":{"rendered":"<p>Jarrulevyn navan korkeus [mm]: 21,5; Asennuspuoli: Etuakseli; Vanne, aukkoja: 5; Korkeus (mm): 44,4; Jarrulevytyyppi: Tuuletettu; Jarrulevyn paksuus (mm): 23,1; V\u00e4himm\u00e4ispaksuus (mm): 21; Ulkol\u00e4pimitta [mm]: 280; keskitt\u00e4misl\u00e4pimitta [mm]: 69; Reik\u00e4ympyr\u00e4-\u00d8 [mm]: 114,3; Pakkausleveys [cm]: 31,7; Pakkauskorkeus [mm]: 10, 10; Pakkaussyvyys [cm]: 33,2; lis\u00e4tieto: CST99; Jarruj\u00e4rjestelm\u00e4: 15; KIA: CEE&#8217;D JD,CEE`D Sportswagon JD,PRO CEE\u00b4D JD; HYUNDAI: i30 GD,i30 CW GD,i30 Coupe,i30 PDE,i30 Kombi PDE,KONA OS,i30 FASTBACK PDE,CRETA; 51712A6000, 51712A6000; Jarrulevy<\/p>\n","protected":false},"excerpt":{"rendered":"<p>VAICO Jarrulevyt V52-80016 Jarrulevy KIA,HYUNDAI,CEE&#8217;D JD,CEE`D Sportswagon JD,PRO CEE\u00b4D JD,i30 GD,i30 CW GD,i30 Coupe,i30 PDE,i30 Kombi PDE,KONA OS<\/p>\n","protected":false},"featured_media":0,"template":"","meta":{"site-sidebar-layout":"default","site-content-layout":"default","ast-global-header-display":"","ast-main-header-display":"","ast-hfb-above-header-display":"","ast-hfb-below-header-display":"","ast-hfb-mobile-header-display":"","site-post-title":"","ast-breadcrumbs-content":"","ast-featured-img":"","footer-sml-layout":"","theme-transparent-header-meta":"","adv-header-id-meta":"","stick-header-meta":"","header-above-stick-meta":"","header-main-stick-meta":"","header-below-stick-meta":""},"pwb-brand":[330],"product_cat":[66],"product_tag":[],"class_list":{"0":"post-18048","1":"product","2":"type-product","3":"status-publish","5":"pwb-brand-vaico","6":"product_cat-jarrulevyt","7":"desktop-align-left","8":"tablet-align-left","9":"mobile-align-left","11":"first","12":"instock","13":"product-type-external"},"brands":[{"id":330,"name":"VAICO","slug":"vaico"}],"_links":{"self":[{"href":"https:\/\/www.autonvaraosahaku.fi\/index.php?rest_route=\/wp\/v2\/product\/18048","targetHints":{"allow":["GET"]}}],"collection":[{"href":"https:\/\/www.autonvaraosahaku.fi\/index.php?rest_route=\/wp\/v2\/product"}],"about":[{"href":"https:\/\/www.autonvaraosahaku.fi\/index.php?rest_route=\/wp\/v2\/types\/product"}],"wp:attachment":[{"href":"https:\/\/www.autonvaraosahaku.fi\/index.php?rest_route=%2Fwp%2Fv2%2Fmedia&parent=18048"}],"wp:term":[{"taxonomy":"pwb-brand","embeddable":true,"href":"https:\/\/www.autonvaraosahaku.fi\/index.php?rest_route=%2Fwp%2Fv2%2Fpwb-brand&post=18048"},{"taxonomy":"product_cat","embeddable":true,"href":"https:\/\/www.autonvaraosahaku.fi\/index.php?rest_route=%2Fwp%2Fv2%2Fproduct_cat&post=18048"},{"taxonomy":"product_tag","embeddable":true,"href":"https:\/\/www.autonvaraosahaku.fi\/index.php?rest_route=%2Fwp%2Fv2%2Fproduct_tag&post=18048"}],"curies":[{"name":"wp","href":"https:\/\/api.w.org\/{rel}","templated":true}]}}