{"id":18056,"date":"2021-02-21T14:32:23","date_gmt":"2021-02-21T14:32:23","guid":{"rendered":"https:\/\/www.autonvaraosahaku.fi\/?product=daco-germany-564773-iskunvaimennin"},"modified":"2021-02-21T14:32:25","modified_gmt":"2021-02-21T14:32:25","slug":"daco-germany-564773-iskunvaimennin","status":"publish","type":"product","link":"https:\/\/www.autonvaraosahaku.fi\/?product=daco-germany-564773-iskunvaimennin","title":{"rendered":"DACO Germany 564773 Iskunvaimennin"},"content":{"rendered":"<p>Iskunvaimennin tyyppi: Kaasupaine; Iskunvaimennusj\u00e4rjestelm\u00e4: Kaksiputki; Iskunvaimennin asennustapa: Silmukka alhaalla, Tappi ylh\u00e4\u00e4ll\u00e4; Paino [kg]: 1,700; Reik\u00e4-\u00d8 [mm]: 30; suurin pituus [mm]: 593; v\u00e4h. pituus [mm]: 370; Asennuspuoli: Hinterachse; VW: PASSAT Variant 3C5,PASSAT 3C2,PASSAT Variant 365,PASSAT 362,JETTA IV 162, 163,PASSAT ALLTRACK 365; SKODA: YETI 5L,SUPERB Kombi 3T5,SUPERB 3T4; 3C0513049AR, 3C0513049AS, 3C0513049BR, 3C0513049CP, 3C0513049CR, 3C0513049AP, 3C0513049AQ, 3C0513049BJ, 3C0513049BQ, 3C0513049BS, 3C0513049CE, 3C0513049CH, 3C0513049CJ, 3C0513049CN; Iskarit,Iskunvaimennin<\/p>\n","protected":false},"excerpt":{"rendered":"<p>DACO Germany Iskunvaimentimet 564773 Iskarit,Iskunvaimennin VW,SKODA,PASSAT Variant 3C5,PASSAT 3C2,PASSAT Variant 365,PASSAT 362,JETTA IV 162, 163<\/p>\n","protected":false},"featured_media":0,"template":"","meta":{"site-sidebar-layout":"default","site-content-layout":"default","ast-global-header-display":"","ast-main-header-display":"","ast-hfb-above-header-display":"","ast-hfb-below-header-display":"","ast-hfb-mobile-header-display":"","site-post-title":"","ast-breadcrumbs-content":"","ast-featured-img":"","footer-sml-layout":"","theme-transparent-header-meta":"","adv-header-id-meta":"","stick-header-meta":"","header-above-stick-meta":"","header-main-stick-meta":"","header-below-stick-meta":""},"pwb-brand":[349],"product_cat":[80],"product_tag":[],"class_list":{"0":"post-18056","1":"product","2":"type-product","3":"status-publish","5":"pwb-brand-daco-germany","6":"product_cat-iskunvaimennin","7":"desktop-align-left","8":"tablet-align-left","9":"mobile-align-left","11":"first","12":"instock","13":"product-type-external"},"brands":[{"id":349,"name":"DACO Germany","slug":"daco-germany"}],"_links":{"self":[{"href":"https:\/\/www.autonvaraosahaku.fi\/index.php?rest_route=\/wp\/v2\/product\/18056","targetHints":{"allow":["GET"]}}],"collection":[{"href":"https:\/\/www.autonvaraosahaku.fi\/index.php?rest_route=\/wp\/v2\/product"}],"about":[{"href":"https:\/\/www.autonvaraosahaku.fi\/index.php?rest_route=\/wp\/v2\/types\/product"}],"wp:attachment":[{"href":"https:\/\/www.autonvaraosahaku.fi\/index.php?rest_route=%2Fwp%2Fv2%2Fmedia&parent=18056"}],"wp:term":[{"taxonomy":"pwb-brand","embeddable":true,"href":"https:\/\/www.autonvaraosahaku.fi\/index.php?rest_route=%2Fwp%2Fv2%2Fpwb-brand&post=18056"},{"taxonomy":"product_cat","embeddable":true,"href":"https:\/\/www.autonvaraosahaku.fi\/index.php?rest_route=%2Fwp%2Fv2%2Fproduct_cat&post=18056"},{"taxonomy":"product_tag","embeddable":true,"href":"https:\/\/www.autonvaraosahaku.fi\/index.php?rest_route=%2Fwp%2Fv2%2Fproduct_tag&post=18056"}],"curies":[{"name":"wp","href":"https:\/\/api.w.org\/{rel}","templated":true}]}}