{"id":18068,"date":"2021-02-21T14:32:27","date_gmt":"2021-02-21T14:32:27","guid":{"rendered":"https:\/\/www.autonvaraosahaku.fi\/?product=filtron-op-545-oljynsuodatin"},"modified":"2021-02-21T14:32:28","modified_gmt":"2021-02-21T14:32:28","slug":"filtron-op-545-oljynsuodatin","status":"publish","type":"product","link":"https:\/\/www.autonvaraosahaku.fi\/?product=filtron-op-545-oljynsuodatin","title":{"rendered":"FILTRON OP 545 \u00d6ljynsuodatin"},"content":{"rendered":"<p>Korkeus (mm): 96,5; Kierremitta: M 20 X 1.5; Ulkol\u00e4pimitta [mm]: 76; Sis\u00e4l\u00e4pimitta 1 [mm]: 71,5, 71,5; Sis\u00e4l\u00e4pimitta 2 [mm]: 62,5, 62,5; Korvaava tuote\/korvaava tiedote 2: yhdell\u00e4 peruutuksenestoventtiilill\u00e4; Valmistusvuosi alkaen: 10\/1994; LANCIA: Y 840A,THESIS 841AX,LYBRA SW 839BX,KAPPA 838A,LYBRA 839AX,DELTA II 836,KAPPA SW 838B,KAPPA Coupe 838,DEDRA 835,Y10 156,DEDRA SW 835; FIAT: PUNTO 188,STILO 192,BARCHETTA 183,DOBLO Cargo 223,PUNTO 176,STILO Multi Wagon 192,DOBLO 119,CINQUECENTO 170,PANDA 141A_,STRADA Pick-up 178E,MULTIPLA 186,PUNTO Van 188AX,BRAVO I 182,BRAVA 182,PUNTO Cabriolet 176C,SCUDO Kasten 220L,MAREA Weekend 185,UNO 146A\/E,SCUDO Combinato 220P,PALIO Weekend 178DX,FIORINO Kasten 146,SEICENTO Van 187,TIPO 160,PANDA Van 141_,MAREA 185,TEMPRA 159,PUNTO Van 176L,TEMPRA S.W. 159,FIORINO Pick up 146,PALIO 178BX,SIENA 178_; CITRO\u00cbN: JUMPY U6U,JUMPY Kasten BS_, BT_, BY_, BZ_; ALFA ROMEO: 156 Sportwagon 932,156 932,SPIDER 916S_,145 930,146 930,6 119; AUTOBIANCHI: Y10; INNOCENTI: ELBA 146; 01FBO017, 01FBO018, X539, X540, X88, 4648378, 60810852, 60813507, 1109AR, 1109K9, MLS000715, 4648378, 55195984, 59030262, 5973928, 5984044, 60813507, 71736157, 71753738, 71754569, 5016954, 5017814, 5022738, 5973928, 1109AR, 1109K8, 1608076280, 7701415062, 649010<\/p>\n","protected":false},"excerpt":{"rendered":"<p>FILTRON \u00d6ljynsuodatin OP 545  LANCIA,FIAT,CITRO\u00cbN,Y 840A,THESIS 841AX,LYBRA SW 839BX,KAPPA 838A,LYBRA 839AX,DELTA II 836,KAPPA SW 838B,KAPPA Coupe 838<\/p>\n","protected":false},"featured_media":0,"template":"","meta":{"site-sidebar-layout":"default","site-content-layout":"default","ast-global-header-display":"","ast-main-header-display":"","ast-hfb-above-header-display":"","ast-hfb-below-header-display":"","ast-hfb-mobile-header-display":"","site-post-title":"","ast-breadcrumbs-content":"","ast-featured-img":"","footer-sml-layout":"","theme-transparent-header-meta":"","adv-header-id-meta":"","stick-header-meta":"","header-above-stick-meta":"","header-main-stick-meta":"","header-below-stick-meta":""},"pwb-brand":[359],"product_cat":[30],"product_tag":[],"class_list":{"0":"post-18068","1":"product","2":"type-product","3":"status-publish","5":"pwb-brand-filtron","6":"product_cat-oljynsuodatin","7":"desktop-align-left","8":"tablet-align-left","9":"mobile-align-left","11":"first","12":"instock","13":"product-type-external"},"brands":[{"id":359,"name":"FILTRON","slug":"filtron"}],"_links":{"self":[{"href":"https:\/\/www.autonvaraosahaku.fi\/index.php?rest_route=\/wp\/v2\/product\/18068","targetHints":{"allow":["GET"]}}],"collection":[{"href":"https:\/\/www.autonvaraosahaku.fi\/index.php?rest_route=\/wp\/v2\/product"}],"about":[{"href":"https:\/\/www.autonvaraosahaku.fi\/index.php?rest_route=\/wp\/v2\/types\/product"}],"wp:attachment":[{"href":"https:\/\/www.autonvaraosahaku.fi\/index.php?rest_route=%2Fwp%2Fv2%2Fmedia&parent=18068"}],"wp:term":[{"taxonomy":"pwb-brand","embeddable":true,"href":"https:\/\/www.autonvaraosahaku.fi\/index.php?rest_route=%2Fwp%2Fv2%2Fpwb-brand&post=18068"},{"taxonomy":"product_cat","embeddable":true,"href":"https:\/\/www.autonvaraosahaku.fi\/index.php?rest_route=%2Fwp%2Fv2%2Fproduct_cat&post=18068"},{"taxonomy":"product_tag","embeddable":true,"href":"https:\/\/www.autonvaraosahaku.fi\/index.php?rest_route=%2Fwp%2Fv2%2Fproduct_tag&post=18068"}],"curies":[{"name":"wp","href":"https:\/\/api.w.org\/{rel}","templated":true}]}}