{"id":18086,"date":"2021-02-21T14:32:31","date_gmt":"2021-02-21T14:32:31","guid":{"rendered":"https:\/\/www.autonvaraosahaku.fi\/?product=hella-8gh-005-635-128-lamput-hehkulamppu"},"modified":"2021-02-21T14:32:32","modified_gmt":"2021-02-21T14:32:32","slug":"hella-8gh-005-635-128-lamput-hehkulamppu","status":"publish","type":"product","link":"https:\/\/www.autonvaraosahaku.fi\/?product=hella-8gh-005-635-128-lamput-hehkulamppu","title":{"rendered":"HELLA 8GH 005 635-128 Lamput (hehkulamppu)"},"content":{"rendered":"<p>Lamppumalli: HB3; J\u00e4nnite (V): 12; Nimellisteho (W): 60; M\u00e4\u00e4r\u00e4: 1; Tarkistuskilpi: E1; Kantamalli: P20d; Pakkaustyyppi: Kuplapakkaus; Lyhdyn muoto: Halogen; VW: PHAETON 3D_; AUDI: A8 4D2, 4D8; MAZDA: 5 CR19,3 BK,CX-5 KE, GH,MX-5 II NB,CX-7 ER,3 BL,5 CW,3 BM,MX-5 III NC,3 Stufenheck BK,MPV II LW,3 Stufenheck BL,3 Stufenheck BM,XEDOS 9 TA,CX-9 TB; BMW: 5 E39,5 Touring E39,3 Compact E36,3 E36,X5 E53,7 E38,3 Coupe E36,Z3 E36,Z3 Coupe E36,Z8 E52; CHEVROLET: CORVETTE C5,CORVETTE Convertible,TAHOE GMT400; JEEP: GRAND CHEROKEE III WH, WK,GRAND CHEROKEE II WJ, WG,COMPASS MK49,CHEROKEE KK,COMPASS; NISSAN: MICRA III K12,JUKE F15,PATHFINDER R50,MAXIMA QX A33,LEAF ZE1,PATHFINDER R52; KIA: SPORTAGE QL,NIRO,STINGER CK,RIO IV YB,OPTIMA,PICANTO JA,STONIC YB,RIO IV Stufenheck SC, FB; LEXUS: IS II GSE2_, ALE2_, USE2_,RX MHU3_, GSU3_, MCU3_,IS I JCE1_, GXE1_,GS GRS19_, UZS19_, GWS19_,RX GYL1_, GGL15, AGL10,CT ZWA1_,GS UZS161, JZS160,IS SportCross,RX MCU15,LS UVF4_, USF4_,LS UCF20,SC UZZ40_,LS UCF30,GS JZS147,IS C GSE2_,LX URJ201,ES AVV6_, GSV6_, ASV6_,NX ZGZ1_, AGZ1_, AYZ1_; HONDA: CR-V III RE,CIVIC VII Hatchback EU, EP, EV,ACCORD VII CL,CR-V IV RE,ACCORD VIII CU,ACCORD VIII Kombi,CIVIC VII Coupe EM2,ACCORD VI Coupe CG,INSIGHT ZE_,CR-Z ZF1,INTEGRA Coupe DC2, DC4,CIVIC VII Stufenheck ES,NSX Coupe NA,ACCORD VII CM,ACCORD VI Aerodeck CF,INTEGRA DC5,NSX Cabriolet NA,ACCORD VII CP,CIVIC X Schr\u00e4gheck FC_, FK,CIVIC X Stufenheck FC_,ACCORD IX Stufenheck<\/p>\n","protected":false},"excerpt":{"rendered":"<p>HELLA Polttimo, Kaukovalo STANDARD 8GH 005 635-128  VW,AUDI,MAZDA,PHAETON 3D_,A8 4D2, 4D8,5 CR19,3 BK,CX-5 KE, GH,MX-5 II NB,CX-7 ER,3 BL,5 CW,3 BM<\/p>\n","protected":false},"featured_media":0,"template":"","meta":{"site-sidebar-layout":"default","site-content-layout":"default","ast-global-header-display":"","ast-main-header-display":"","ast-hfb-above-header-display":"","ast-hfb-below-header-display":"","ast-hfb-mobile-header-display":"","site-post-title":"","ast-breadcrumbs-content":"","ast-featured-img":"","footer-sml-layout":"","theme-transparent-header-meta":"","adv-header-id-meta":"","stick-header-meta":"","header-above-stick-meta":"","header-main-stick-meta":"","header-below-stick-meta":""},"pwb-brand":[24],"product_cat":[151],"product_tag":[],"class_list":{"0":"post-18086","1":"product","2":"type-product","3":"status-publish","5":"pwb-brand-hella","6":"product_cat-lamput-hehkulamppu","7":"desktop-align-left","8":"tablet-align-left","9":"mobile-align-left","11":"first","12":"instock","13":"product-type-external"},"brands":[{"id":24,"name":"HELLA","slug":"hella"}],"_links":{"self":[{"href":"https:\/\/www.autonvaraosahaku.fi\/index.php?rest_route=\/wp\/v2\/product\/18086","targetHints":{"allow":["GET"]}}],"collection":[{"href":"https:\/\/www.autonvaraosahaku.fi\/index.php?rest_route=\/wp\/v2\/product"}],"about":[{"href":"https:\/\/www.autonvaraosahaku.fi\/index.php?rest_route=\/wp\/v2\/types\/product"}],"wp:attachment":[{"href":"https:\/\/www.autonvaraosahaku.fi\/index.php?rest_route=%2Fwp%2Fv2%2Fmedia&parent=18086"}],"wp:term":[{"taxonomy":"pwb-brand","embeddable":true,"href":"https:\/\/www.autonvaraosahaku.fi\/index.php?rest_route=%2Fwp%2Fv2%2Fpwb-brand&post=18086"},{"taxonomy":"product_cat","embeddable":true,"href":"https:\/\/www.autonvaraosahaku.fi\/index.php?rest_route=%2Fwp%2Fv2%2Fproduct_cat&post=18086"},{"taxonomy":"product_tag","embeddable":true,"href":"https:\/\/www.autonvaraosahaku.fi\/index.php?rest_route=%2Fwp%2Fv2%2Fproduct_tag&post=18086"}],"curies":[{"name":"wp","href":"https:\/\/api.w.org\/{rel}","templated":true}]}}