{"id":18095,"date":"2021-02-21T14:32:31","date_gmt":"2021-02-21T14:32:31","guid":{"rendered":"https:\/\/www.autonvaraosahaku.fi\/?product=esen-skv-29skv001-pyoranlaakerit"},"modified":"2021-02-21T14:32:33","modified_gmt":"2021-02-21T14:32:33","slug":"esen-skv-29skv001-pyoranlaakerit","status":"publish","type":"product","link":"https:\/\/www.autonvaraosahaku.fi\/?product=esen-skv-29skv001-pyoranlaakerit","title":{"rendered":"ESEN SKV 29SKV001 Py\u00f6r\u00e4nlaakerit"},"content":{"rendered":"<p>Asennuspuoli: Takana; Paino [kg]: 1,75; Sis\u00e4l\u00e4pimitta [mm]: 30; Ulkol\u00e4pimitta [mm]: 120; Reikien m\u00e4\u00e4r\u00e4: 5; Jarru-\/ajodynamiikka: Autoihin, joissa ABS, Autoihin, joissa ABS; Valmistusvuoteen: 08\/2000; VW: GOLF IV 1J1,GOLF IV Variant 1J5,BORA 1J2,NEW BEETLE 9C1, 1C1,BORA Kombi 1J6,NEW BEETLE Cabriolet 1Y7,GOLF IV Van 1J1; AUDI: A3 8L1,TT 8N3,TT Roadster 8N9; SKODA: OCTAVIA Combi 1U5,ROOMSTER 5J,OCTAVIA 1U2,RAPID Spaceback NH1,ROOMSTER Praktik 5J,RAPID NH3; SEAT: LEON 1M1,TOLEDO II 1M2,TOLEDO IV KG3; 1J0501477A, 1J0598477, 1J0598477, 1J0598477, 1J0501477A, 1J0598477; Py\u00f6r\u00e4nlaakerisarja<\/p>\n","protected":false},"excerpt":{"rendered":"<p>ESEN SKV Py\u00f6r\u00e4nlaakerit 29SKV001 Py\u00f6r\u00e4nlaakerisarja VW,AUDI,SKODA,GOLF IV 1J1,GOLF IV Variant 1J5,BORA 1J2,NEW BEETLE 9C1, 1C1,BORA Kombi 1J6<\/p>\n","protected":false},"featured_media":0,"template":"","meta":{"site-sidebar-layout":"default","site-content-layout":"default","ast-global-header-display":"","ast-main-header-display":"","ast-hfb-above-header-display":"","ast-hfb-below-header-display":"","ast-hfb-mobile-header-display":"","site-post-title":"","ast-breadcrumbs-content":"","ast-featured-img":"","footer-sml-layout":"","theme-transparent-header-meta":"","adv-header-id-meta":"","stick-header-meta":"","header-above-stick-meta":"","header-main-stick-meta":"","header-below-stick-meta":""},"pwb-brand":[384],"product_cat":[83],"product_tag":[],"class_list":{"0":"post-18095","1":"product","2":"type-product","3":"status-publish","5":"pwb-brand-esen-skv","6":"product_cat-pyoranlaakerit","7":"desktop-align-left","8":"tablet-align-left","9":"mobile-align-left","11":"first","12":"instock","13":"product-type-external"},"brands":[{"id":384,"name":"ESEN SKV","slug":"esen-skv"}],"_links":{"self":[{"href":"https:\/\/www.autonvaraosahaku.fi\/index.php?rest_route=\/wp\/v2\/product\/18095","targetHints":{"allow":["GET"]}}],"collection":[{"href":"https:\/\/www.autonvaraosahaku.fi\/index.php?rest_route=\/wp\/v2\/product"}],"about":[{"href":"https:\/\/www.autonvaraosahaku.fi\/index.php?rest_route=\/wp\/v2\/types\/product"}],"wp:attachment":[{"href":"https:\/\/www.autonvaraosahaku.fi\/index.php?rest_route=%2Fwp%2Fv2%2Fmedia&parent=18095"}],"wp:term":[{"taxonomy":"pwb-brand","embeddable":true,"href":"https:\/\/www.autonvaraosahaku.fi\/index.php?rest_route=%2Fwp%2Fv2%2Fpwb-brand&post=18095"},{"taxonomy":"product_cat","embeddable":true,"href":"https:\/\/www.autonvaraosahaku.fi\/index.php?rest_route=%2Fwp%2Fv2%2Fproduct_cat&post=18095"},{"taxonomy":"product_tag","embeddable":true,"href":"https:\/\/www.autonvaraosahaku.fi\/index.php?rest_route=%2Fwp%2Fv2%2Fproduct_tag&post=18095"}],"curies":[{"name":"wp","href":"https:\/\/api.w.org\/{rel}","templated":true}]}}