{"id":18106,"date":"2021-02-21T14:32:34","date_gmt":"2021-02-21T14:32:34","guid":{"rendered":"https:\/\/www.autonvaraosahaku.fi\/?product=topran-723-700-lammityslaitteen-puhaltimen-vastus"},"modified":"2021-02-21T14:32:35","modified_gmt":"2021-02-21T14:32:35","slug":"topran-723-700-lammityslaitteen-puhaltimen-vastus","status":"publish","type":"product","link":"https:\/\/www.autonvaraosahaku.fi\/?product=topran-723-700-lammityslaitteen-puhaltimen-vastus","title":{"rendered":"TOPRAN 723 700 L\u00e4mmityslaitteen puhaltimen vastus"},"content":{"rendered":"<p>Napojen m\u00e4\u00e4r\u00e4: 5; K\u00e4ytt\u00f6: manuell; CITRO\u00cbN: XSARA PICASSO N68,C3 I FC_; PEUGEOT: 206 Schr\u00e4gheck 2A\/C,307 SW 3H,307 CC 3B,307 3A\/C,206 SW 2E\/K,307 Break 3E; 6450JP, 6450JP; Vastus, Sis\u00e4ilmantuuletin<\/p>\n","protected":false},"excerpt":{"rendered":"<p>TOPRAN L\u00e4mmityslaitteen Puhaltimen Vastus 723 700 Vastus, Sis\u00e4ilmantuuletin CITRO\u00cbN,PEUGEOT,XSARA PICASSO N68,C3 I FC_,206 Schr\u00e4gheck 2A\/C,307 SW 3H<\/p>\n","protected":false},"featured_media":0,"template":"","meta":{"site-sidebar-layout":"default","site-content-layout":"default","ast-global-header-display":"","ast-main-header-display":"","ast-hfb-above-header-display":"","ast-hfb-below-header-display":"","ast-hfb-mobile-header-display":"","site-post-title":"","ast-breadcrumbs-content":"","ast-featured-img":"","footer-sml-layout":"","theme-transparent-header-meta":"","adv-header-id-meta":"","stick-header-meta":"","header-above-stick-meta":"","header-main-stick-meta":"","header-below-stick-meta":""},"pwb-brand":[18],"product_cat":[134],"product_tag":[],"class_list":{"0":"post-18106","1":"product","2":"type-product","3":"status-publish","5":"pwb-brand-topran","6":"product_cat-lammityslaitteen-puhaltimen-vastus","7":"desktop-align-left","8":"tablet-align-left","9":"mobile-align-left","11":"first","12":"instock","13":"product-type-external"},"brands":[{"id":18,"name":"TOPRAN","slug":"topran"}],"_links":{"self":[{"href":"https:\/\/www.autonvaraosahaku.fi\/index.php?rest_route=\/wp\/v2\/product\/18106","targetHints":{"allow":["GET"]}}],"collection":[{"href":"https:\/\/www.autonvaraosahaku.fi\/index.php?rest_route=\/wp\/v2\/product"}],"about":[{"href":"https:\/\/www.autonvaraosahaku.fi\/index.php?rest_route=\/wp\/v2\/types\/product"}],"wp:attachment":[{"href":"https:\/\/www.autonvaraosahaku.fi\/index.php?rest_route=%2Fwp%2Fv2%2Fmedia&parent=18106"}],"wp:term":[{"taxonomy":"pwb-brand","embeddable":true,"href":"https:\/\/www.autonvaraosahaku.fi\/index.php?rest_route=%2Fwp%2Fv2%2Fpwb-brand&post=18106"},{"taxonomy":"product_cat","embeddable":true,"href":"https:\/\/www.autonvaraosahaku.fi\/index.php?rest_route=%2Fwp%2Fv2%2Fproduct_cat&post=18106"},{"taxonomy":"product_tag","embeddable":true,"href":"https:\/\/www.autonvaraosahaku.fi\/index.php?rest_route=%2Fwp%2Fv2%2Fproduct_tag&post=18106"}],"curies":[{"name":"wp","href":"https:\/\/api.w.org\/{rel}","templated":true}]}}