{"id":18109,"date":"2021-02-21T14:32:34","date_gmt":"2021-02-21T14:32:34","guid":{"rendered":"https:\/\/www.autonvaraosahaku.fi\/?product=as-pl-s5016-starttimoottori"},"modified":"2021-02-21T14:32:36","modified_gmt":"2021-02-21T14:32:36","slug":"as-pl-s5016-starttimoottori","status":"publish","type":"product","link":"https:\/\/www.autonvaraosahaku.fi\/?product=as-pl-s5016-starttimoottori","title":{"rendered":"AS-PL S5016 Starttimoottori"},"content":{"rendered":"<p>Pituus 1 (mm): 66,00; Pituus 2 (mm): 4,50; K\u00e4ynnistinmoottori teho (kW): 0,70; J\u00e4nnite (V): 12; Kiinnitysreikien lukum\u00e4\u00e4r\u00e4: 2; kierrereiki\u00e4 [kpl]: 0; Py\u00f6rimissuunta: Py\u00f6rimissuunta my\u00f6t\u00e4p\u00e4iv\u00e4\u00e4n; Hammasluku: 8; Valmistusvuosi alkaen: 01\/1990; SUZUKI: JIMNY FJ,GRAND VITARA II JT,SAMURAI SJ,GRAND VITARA I FT,VITARA ET, TA,VITARA Cabrio ET, TA,SJ 413,BALENO Kombi EG,BALENO Schr\u00e4gheck EG,X-90 EL,SWIFT II Stufenheck AH, AJ,GRAND VITARA I Cabriolet GT,JIMNY Gel\u00e4ndewagen offen SN,SAMURAI Gel\u00e4ndewagen offen SJ; SANTANA: SAMURAI; M1T72481, M1T72481ZC, M1T72483, M1T72483ZC, M1T74581, M1T74583, M1T85881, M3T34781, M3T34782, M3T38981, M3T41781, 3110060A10, 3110060A11, 3110060A12, 3110060A13, 3110060A20, 3110060A22, 3110060AC2, 3110060AD0, 3110082021, 3110083010, 3110083011, 3110083020, 3110083030, 3110083031, 3110083421, 31100A83010, 31100A83031; Startti,K\u00e4ynnistinmoottori<\/p>\n","protected":false},"excerpt":{"rendered":"<p>AS-PL Starttimoottori Brand new AS-PL Alternator S.R.E. bracket S5016 Startti,K\u00e4ynnistinmoottori SUZUKI,SANTANA,JIMNY FJ,GRAND VITARA II JT,SAMURAI SJ<\/p>\n","protected":false},"featured_media":0,"template":"","meta":{"site-sidebar-layout":"default","site-content-layout":"default","ast-global-header-display":"","ast-main-header-display":"","ast-hfb-above-header-display":"","ast-hfb-below-header-display":"","ast-hfb-mobile-header-display":"","site-post-title":"","ast-breadcrumbs-content":"","ast-featured-img":"","footer-sml-layout":"","theme-transparent-header-meta":"","adv-header-id-meta":"","stick-header-meta":"","header-above-stick-meta":"","header-main-stick-meta":"","header-below-stick-meta":""},"pwb-brand":[347],"product_cat":[295],"product_tag":[],"class_list":{"0":"post-18109","1":"product","2":"type-product","3":"status-publish","5":"pwb-brand-as-pl","6":"product_cat-starttimoottori","7":"desktop-align-left","8":"tablet-align-left","9":"mobile-align-left","11":"first","12":"instock","13":"product-type-external"},"brands":[{"id":347,"name":"AS-PL","slug":"as-pl"}],"_links":{"self":[{"href":"https:\/\/www.autonvaraosahaku.fi\/index.php?rest_route=\/wp\/v2\/product\/18109","targetHints":{"allow":["GET"]}}],"collection":[{"href":"https:\/\/www.autonvaraosahaku.fi\/index.php?rest_route=\/wp\/v2\/product"}],"about":[{"href":"https:\/\/www.autonvaraosahaku.fi\/index.php?rest_route=\/wp\/v2\/types\/product"}],"wp:attachment":[{"href":"https:\/\/www.autonvaraosahaku.fi\/index.php?rest_route=%2Fwp%2Fv2%2Fmedia&parent=18109"}],"wp:term":[{"taxonomy":"pwb-brand","embeddable":true,"href":"https:\/\/www.autonvaraosahaku.fi\/index.php?rest_route=%2Fwp%2Fv2%2Fpwb-brand&post=18109"},{"taxonomy":"product_cat","embeddable":true,"href":"https:\/\/www.autonvaraosahaku.fi\/index.php?rest_route=%2Fwp%2Fv2%2Fproduct_cat&post=18109"},{"taxonomy":"product_tag","embeddable":true,"href":"https:\/\/www.autonvaraosahaku.fi\/index.php?rest_route=%2Fwp%2Fv2%2Fproduct_tag&post=18109"}],"curies":[{"name":"wp","href":"https:\/\/api.w.org\/{rel}","templated":true}]}}