{"id":18111,"date":"2021-02-21T14:32:34","date_gmt":"2021-02-21T14:32:34","guid":{"rendered":"https:\/\/www.autonvaraosahaku.fi\/?product=gates-tvd1061a-kampiakselin-hihnapyora"},"modified":"2021-02-21T14:32:36","modified_gmt":"2021-02-21T14:32:36","slug":"gates-tvd1061a-kampiakselin-hihnapyora","status":"publish","type":"product","link":"https:\/\/www.autonvaraosahaku.fi\/?product=gates-tvd1061a-kampiakselin-hihnapyora","title":{"rendered":"GATES TVD1061A Kampiakselin hihnapy\u00f6r\u00e4"},"content":{"rendered":"<p>Lis\u00e4tarvike\/lis\u00e4tieto: Tarvikkeilla; Rihloja (kpl): 6; Ulkol\u00e4pimitta [mm]: 158; Sis\u00e4l\u00e4pimitta [mm]: 30; Leveys (mm): 33; lis\u00e4tieto: PowerGrip\u00ae; Valmistusvuoteen: 12\/2014; MAZDA: 2 DE,3 BL,5 CW,3 Stufenheck BL; VOLVO: V50 MW,V70 III BW,C30,V60,S40 II MS,V40 Schr\u00e4gheck,S80 II AS,S60 II; SUZUKI: SX4 EY, GY; OPEL: GRANDLAND X A18; MINI: MINI R56,MINI CLUBMAN R55; FORD: FOCUS II Kombi DA_,FIESTA VI,MONDEO IV Turnier BA7,FOCUS II DA_,S-MAX WA6,FOCUS III Turnier,GALAXY WA6,C-MAX DM2,FOCUS III,C-MAX II,MONDEO IV BA7,KUGA II DM2,GRAND C-MAX,FOCUS II Stufenheck DA_,B-MAX JK,ECOSPORT,FOCUS III Stufenheck,MONDEO IV Stufenheck BA7,TOURNEO CONNECT \/ GRAND TOURNEO CONNECT Kombi,FIESTA VI Van,TRANSIT CONNECT Kasten,MONDEO V Turnier,MONDEO V Stufenheck,GRAND C-MAX Van,FIESTA VII,MONDEO V Schr\u00e4gheck,C-MAX II Van,TOURNEO COURIER Kombi,B-MAX Van,TRANSIT CONNECT Kombi,TRANSIT COURIER Kasten,KUGA II Van,FOCUS III Kasten\/Schr\u00e4gheck,TRANSIT COURIER Kombi,KA; FIAT: SCUDO 270_,SCUDO Kasten 270_,SCUDO Pritsche\/Fahrgestell 270_; CITRO\u00cbN: BERLINGO MF,XSARA PICASSO N68,C2 JM_,C3 I FC_,BERLINGO B9,C5 III Break TD_,C4 Picasso I UD_,C4 Grand Picasso I UA_,C4 I LC_,DS3,BERLINGO Kasten M_,C5 II Break RE_,C3 Picasso,C5 III RD_,C3 II,C4 Coupe LA_,C3 Pluriel HB_,C4 II B7,C5 II RC_,JUMPY,BERLINGO Kasten B9,JUMPY Kasten,C4 Grand Picasso II,C4 Picasso II,DS4,NEMO Kasten AA_,DS5,C4 Stufenheck L,C4 AIRCROSS,NEMO Kombi,DS3 Cabriolet,C2 ENTERPRISE,BERLINGO Pritsche\/Fahrgestell B9,C-ELYSEE,C4 CACTUS,C3 III SX,C3 AIRCROSS II,C4 Stufenheck N,JUMPY Pritsche\/Fahrgestell; PEUGEOT: 206 Schr\u00e4gheck 2A\/C,206 CC 2D,207 WA_, WC_,307 SW 3H,207 CC WD_,407 SW 6E_,307 3A\/C,207 SW WK_,308 SW,206 SW 2E\/K,208,206+ T3E,308 4A_, 4C_,5008,307 Break 3E,508 SW,407 6D_,3008,PARTNER Tepee,308 CC,1007 KM_,PARTNER Combispace 5F,2008,PARTNER Kasten 5,508,EXPERT Tepee VF3V_,EXPERT Kasten VF3A_, VF3U_, VF3X_,PARTNER Kasten,206 Stufenheck,BIPPER AA_,308 II,BIPPER Tepee,206 Van,4008,301,308 SW II,207 Van,EXPERT Pritsche\/Fahrgestell,PARTNER Pritsche\/Fahrgestell,408,3008 SUV,5008 II,208 Kasten; MITSUBISHI: ASX GA_W_; 0515T3, 0515T3, 9654961080, 1690296, AV6Q6B319AA, Y66211401, 11237801979, MN982662, 3558000, 0515T3, 1261069K00, 3558000, 31330083; Hihnapy\u00f6r\u00e4, Kampiakseli<\/p>\n","protected":false},"excerpt":{"rendered":"<p>GATES Kampiakselin Hihnapy\u00f6r\u00e4 TVD1061A Hihnapy\u00f6r\u00e4, Kampiakseli MAZDA,VOLVO,SUZUKI,2 DE,3 BL,5 CW,3 Stufenheck BL,V50 MW,V70 III BW,C30,V60,S40 II MS<\/p>\n","protected":false},"featured_media":0,"template":"","meta":{"site-sidebar-layout":"default","site-content-layout":"default","ast-global-header-display":"","ast-main-header-display":"","ast-hfb-above-header-display":"","ast-hfb-below-header-display":"","ast-hfb-mobile-header-display":"","site-post-title":"","ast-breadcrumbs-content":"","ast-featured-img":"","footer-sml-layout":"","theme-transparent-header-meta":"","adv-header-id-meta":"","stick-header-meta":"","header-above-stick-meta":"","header-main-stick-meta":"","header-below-stick-meta":""},"pwb-brand":[22],"product_cat":[219],"product_tag":[],"class_list":{"0":"post-18111","1":"product","2":"type-product","3":"status-publish","5":"pwb-brand-gates","6":"product_cat-kampiakselin-hihnapyora","7":"desktop-align-left","8":"tablet-align-left","9":"mobile-align-left","11":"first","12":"instock","13":"product-type-external"},"brands":[{"id":22,"name":"GATES","slug":"gates"}],"_links":{"self":[{"href":"https:\/\/www.autonvaraosahaku.fi\/index.php?rest_route=\/wp\/v2\/product\/18111","targetHints":{"allow":["GET"]}}],"collection":[{"href":"https:\/\/www.autonvaraosahaku.fi\/index.php?rest_route=\/wp\/v2\/product"}],"about":[{"href":"https:\/\/www.autonvaraosahaku.fi\/index.php?rest_route=\/wp\/v2\/types\/product"}],"wp:attachment":[{"href":"https:\/\/www.autonvaraosahaku.fi\/index.php?rest_route=%2Fwp%2Fv2%2Fmedia&parent=18111"}],"wp:term":[{"taxonomy":"pwb-brand","embeddable":true,"href":"https:\/\/www.autonvaraosahaku.fi\/index.php?rest_route=%2Fwp%2Fv2%2Fpwb-brand&post=18111"},{"taxonomy":"product_cat","embeddable":true,"href":"https:\/\/www.autonvaraosahaku.fi\/index.php?rest_route=%2Fwp%2Fv2%2Fproduct_cat&post=18111"},{"taxonomy":"product_tag","embeddable":true,"href":"https:\/\/www.autonvaraosahaku.fi\/index.php?rest_route=%2Fwp%2Fv2%2Fproduct_tag&post=18111"}],"curies":[{"name":"wp","href":"https:\/\/api.w.org\/{rel}","templated":true}]}}