{"id":18147,"date":"2021-02-21T14:32:42","date_gmt":"2021-02-21T14:32:42","guid":{"rendered":"https:\/\/www.autonvaraosahaku.fi\/?product=hella-4ra-933-332-541-muut-luokat"},"modified":"2021-02-21T14:32:43","modified_gmt":"2021-02-21T14:32:43","slug":"hella-4ra-933-332-541-muut-luokat","status":"publish","type":"product","link":"https:\/\/www.autonvaraosahaku.fi\/?product=hella-4ra-933-332-541-muut-luokat","title":{"rendered":"HELLA 4RA 933 332-541 Muut luokat"},"content":{"rendered":"<p>Korvaava tuote\/korvaava tiedote 2: Vastuksella; Suojausmalli (IP-koodi): 54; Nimellisj\u00e4nnite (V): 12; Kuormitusraja 12V: 40A; Yhdistelm\u00e4kytkintoiminto: Sulkija; Induktiivinen kuorma [A]: 35; Kapasitiivinen kuorma: 30; Ohmikuorma [A]: 40; Napojen m\u00e4\u00e4r\u00e4: 4; Kytkent\u00e4kaavio: S2; Pistokemallin tunnus: B; L\u00e4mp\u00f6alue (\u00b0C): 80; Reletoiminto: Ty\u00f6katkaisin, ABS, L\u00e4hivalo, Kaukovalot, Takaikkuna l\u00e4mmitetty, ESP, Ikkunamekanismi, K\u00e4ynnistin, \u00c4\u00e4nitorvi, Ilmastointilaite, Mukavuusvarusteet, Valokatkaisija, Puhallin, l\u00e4mmitys-\/ilmastointilaite, Sis\u00e4ilmapuhallin, Napa 15, P\u00e4iv\u00e4ajovalo, Kattohydrauliikka, Keskuslukitus, ABS-palautuspumppu, Ulkopeilin s\u00e4\u00e4t\u00f6, L\u00e4mmitett\u00e4va ulkopeili, Pys\u00e4k\u00f6intitutka, S\u00e4hk\u00f6-lis\u00e4l\u00e4mmitys, Sis\u00e4valaistus, Napa 15R, Napa 87, Polttoainepumppu, Lambdasondi, Puhallin, moottorij\u00e4\u00e4hdytys, Sumuvalonheitin, Lasinpyyhkij\u00e4, Pyyhkij\u00e4n lepoaseman l\u00e4mmitys, Kattoluukku, Toisioilmaj\u00e4rjestelm\u00e4, Istuinl\u00e4mmitys; VW: GOLF V 1K1,TOURAN 1T1, 1T2,GOLF PLUS 5M1, 521,PASSAT Variant 3B5,PASSAT 3B2; AUDI: A4 8E2, B6; MERCEDES-BENZ: C-CLASS W203,E-CLASS W211,C-CLASS W204,A-CLASS W169,A-CLASS W168,B-CLASS W245,C-CLASS T-Model S204,C-CLASS T-Model S203,C-CLASS W202,E-CLASS T-Model S211,SLK R170,E-CLASS W212,B-CLASS W246, W242,M-CLASS W164,C-CLASS Coupe CL203,E-CLASS T-Model S212,SLK R171,SL R129,C-CLASS Kombi S202,S-CLASS W220,S-CLASS W221,VANEO 414,SL R230,R-CLASS W251, V251,M-CLASS W166,G-CLASS W463,E-CLASS Coupe C207,CLA Coupe C117,C-CLASS Coupe C204,SPRINTER 2-t Bus 901, 902,E-CLASS Cabriolet A207,CLC-CLASS CL203,GL-CLASS X164,SPRINTER 2-t Kasten 901, 902,S-CLASS W222, V222, X222,SPRINTER 2-t Pritsche\/Fahrgestell 901, 902,GL-CLASS X166,G-CLASS Cabrio W463,V-CLASS W447,SLR R199,GLA-CLASS X156,VITO Tourer W447,CLA Shooting Brake X117,VITO Kasten W447,SLR ROADSTER R199,GLE W166,VITO Mixto W447,GLE Coupe C292,GLS X166; LAND ROVER: DEFENDER Station Wagon LD,RANGE ROVER EVOQUE LV,RANGE ROVER III LM,DISCOVERY III TAA,DISCOVERY II LJ, LT,DEFENDER Pick-up LD_,DEFENDER Cabrio LD,RANGE ROVER IV LG,DEFENDER Pritsche\/Fahrgestell LD,RANGE ROVER EVOQUE Cabriolet LV_; OPEL: CORSA D,CORSA C F08, F68,ASTRA H Caravan L35,MERIVA,ZAFIRA A F75_,ASTRA G CC F48_, F08_,ASTRA H L48,ASTRA G Caravan F35_,VECTRA C Caravan,ASTRA H GTC L08,MERIVA B,SIGNUM,VECTRA C,VECTRA C GTS,ASTRA H TwinTop L67,ASTRA G Cabriolet F67,ASTRA G Coupe F07_,ASTRA G Stufenheck F69_,ZAFIRA B Van,CORSA CLASSIC Stufenheck,CORSA D Van,CORSA C Kasten F08, W5L,ASTRA H Stufenheck L69,ASTRA H Kasten L70,ASTRA G Kasten F70,ASTRA G CLASSIC Caravan F35,ASTRA G CLASSIC T98,ASTRA G CLASSIC Stufenheck T98; SMART: FORTWO Coupe 451,CITY-COUPE 450,FORTWO Cabrio 451,CABRIO 450,FORTWO Coupe 450,FORTWO Cabrio 450,CROSSBLADE 450; DAIHATSU: CHARADE IV Stufenheck G203; FORD: GALAXY WGR,GALAXY; ALFA ROMEO: STELVIO 949_; PEUGEOT: 307 SW 3H,307 CC 3B,307 3A\/C,106 II 1,307 Break 3E,306 Schr\u00e4gheck 7A, 7C, N3, N5,306 Cabriolet 7D, N3, N5,406 Break 8E\/F,PARTNER Tepee,PARTNER Combispace 5F,106 I 1A, 1C,205 II 20A\/C,PARTNER Kasten 5,406 Coupe 8C,306 Break 7E, N3, N5,406 8B,806 221,EXPERT Tepee VF3V_,EXPERT Kasten VF3A_, VF3U_, VF3X_,306 7B, N3, N5,205 I Cabriolet 741B, 20D,307 Stufenheck,PARTNER Kasten,EXPERT Kasten 222,309 II 3C, 3A,205 I 741A\/C,405 I 15B,605 6B,EXPERT 224,405 II 4B,309 I 10C, 10A,306 Van N_, 7_,405 II Break 4E,405 I Break 15E,EXPERT Pritsche\/Fahrgestell 223,EXPERT Pritsche\/Fahrgestell,PARTNER Pritsche\/Fahrgestell,EXPERT Kasten,306 Kasten\/Schr\u00e4gheck; 141951253B, 431951253H, 443951253K, 4H0951253A, 7N0951253, 8D0951253A, 8K0951253, 6555HJ, 7905522230, 9673062180, 157991, 500341925, 51769616, 13A025D, 13A025H, 7352574, 0000500341925, 5003419250, 5010480216, YWB500060, N3M118821, 0009828023, 0025420619, 0025421319, 0025427219, 0025428019, 0025451319, A0009828023, A0025420619, A0025421319, A0025427219, A0025428019, A0025451319, 1238621, 13171831, 13500118, 24438887, 6238535, 91149190, 655533, 6555HJ, 6555VP, 9673062180, 99361513500, 99965700890, 99965701790, 141951253B, 7N0951253, 8D0951253A, 141951253B, 431951253H, 443951253K, 4H0951253A, 7N0951253, 8D0951253A, 8K0951253, 141951253B, 431951254, 443951253J, 4H0951253A, 7N0951253, 8D0951253A, 8K0951253, 8KO951253<\/p>\n","protected":false},"excerpt":{"rendered":"<p>HELLA Rele, Ty\u00f6virta 4RA 933 332-541  VW,AUDI,MERCEDES-BENZ,GOLF V 1K1,TOURAN 1T1, 1T2,GOLF PLUS 5M1, 521,PASSAT Variant 3B5,PASSAT 3B2,A4 8E2, B6<\/p>\n","protected":false},"featured_media":0,"template":"","meta":{"site-sidebar-layout":"default","site-content-layout":"default","ast-global-header-display":"","ast-main-header-display":"","ast-hfb-above-header-display":"","ast-hfb-below-header-display":"","ast-hfb-mobile-header-display":"","site-post-title":"","ast-breadcrumbs-content":"","ast-featured-img":"","footer-sml-layout":"","theme-transparent-header-meta":"","adv-header-id-meta":"","stick-header-meta":"","header-above-stick-meta":"","header-main-stick-meta":"","header-below-stick-meta":""},"pwb-brand":[24],"product_cat":[37],"product_tag":[],"class_list":{"0":"post-18147","1":"product","2":"type-product","3":"status-publish","5":"pwb-brand-hella","6":"product_cat-muut-luokat","7":"desktop-align-left","8":"tablet-align-left","9":"mobile-align-left","11":"first","12":"instock","13":"product-type-external"},"brands":[{"id":24,"name":"HELLA","slug":"hella"}],"_links":{"self":[{"href":"https:\/\/www.autonvaraosahaku.fi\/index.php?rest_route=\/wp\/v2\/product\/18147","targetHints":{"allow":["GET"]}}],"collection":[{"href":"https:\/\/www.autonvaraosahaku.fi\/index.php?rest_route=\/wp\/v2\/product"}],"about":[{"href":"https:\/\/www.autonvaraosahaku.fi\/index.php?rest_route=\/wp\/v2\/types\/product"}],"wp:attachment":[{"href":"https:\/\/www.autonvaraosahaku.fi\/index.php?rest_route=%2Fwp%2Fv2%2Fmedia&parent=18147"}],"wp:term":[{"taxonomy":"pwb-brand","embeddable":true,"href":"https:\/\/www.autonvaraosahaku.fi\/index.php?rest_route=%2Fwp%2Fv2%2Fpwb-brand&post=18147"},{"taxonomy":"product_cat","embeddable":true,"href":"https:\/\/www.autonvaraosahaku.fi\/index.php?rest_route=%2Fwp%2Fv2%2Fproduct_cat&post=18147"},{"taxonomy":"product_tag","embeddable":true,"href":"https:\/\/www.autonvaraosahaku.fi\/index.php?rest_route=%2Fwp%2Fv2%2Fproduct_tag&post=18147"}],"curies":[{"name":"wp","href":"https:\/\/api.w.org\/{rel}","templated":true}]}}