{"id":18173,"date":"2021-02-21T14:32:46","date_gmt":"2021-02-21T14:32:46","guid":{"rendered":"https:\/\/www.autonvaraosahaku.fi\/?product=heyner-030000-pyyhkijansulat"},"modified":"2021-02-21T14:32:47","modified_gmt":"2021-02-21T14:32:47","slug":"heyner-030000-pyyhkijansulat","status":"publish","type":"product","link":"https:\/\/www.autonvaraosahaku.fi\/?product=heyner-030000-pyyhkijansulat","title":{"rendered":"HEYNER 030000 Pyyhkij\u00e4nsulat"},"content":{"rendered":"<p>Pituus (mm): 500; Pituus (tuumaa): 20; M\u00e4\u00e4r\u00e4: 1; M\u00e4\u00e4r\u00e4yksikk\u00f6: Kappale; Lis\u00e4adapteri: B1; Pyyhkij\u00e4nsulkatyyppi: Hybridipyyhinsulka; Asennuspuoli: beifahrerseitig; VW: PASSAT 3B3,AMAROK 2H_, S1B; AUDI: A4 8K2, B8,Q5 8R,Q3 8U,A5 Cabriolet 8F7,A4 Avant 8W5, B9,Q7 4M,TT FV3,A4 8W2, B9,Q5 FY,A5 Sportback F5A,TT Roadster FV9,A5 F53,A4 Allroad 8WH, B9,A5 Cabriolet F57; MAZDA: 6 Hatchback GG; NISSAN: 350 Z Z33,PRIMERA Hatchback P11,PATROL GR II Wagon Y61,PATHFINDER R50,350 Z Roadster Z33,KUBISTAR Kasten X80; SUZUKI: SWIFT II Schr\u00e4gheck EA, MA; MERCEDES-BENZ: C-CLASS Coupe CL203; KIA: CERATO II Stufenheck TD; HONDA: JAZZ II GD,CR-V II RD_,CR-Z ZF1; LAND ROVER: FREELANDER Soft Top,DISCOVERY SPORT LC,DISCOVERY V LR_; SUBARU: JUSTY IV; Tuulilasinpyyhkimet,Pyyhkij\u00e4t,Pyyhkij\u00e4nsulka<\/p>\n","protected":false},"excerpt":{"rendered":"<p>HEYNER Pyyhkij\u00e4nsulat HYBRID 030000 Tuulilasinpyyhkimet,Pyyhkij\u00e4t VW,AUDI,MAZDA,PASSAT 3B3,AMAROK 2H_, S1B,A4 8K2, B8,Q5 8R,Q3 8U,A5 Cabriolet 8F7<\/p>\n","protected":false},"featured_media":0,"template":"","meta":{"site-sidebar-layout":"default","site-content-layout":"default","ast-global-header-display":"","ast-main-header-display":"","ast-hfb-above-header-display":"","ast-hfb-below-header-display":"","ast-hfb-mobile-header-display":"","site-post-title":"","ast-breadcrumbs-content":"","ast-featured-img":"","footer-sml-layout":"","theme-transparent-header-meta":"","adv-header-id-meta":"","stick-header-meta":"","header-above-stick-meta":"","header-main-stick-meta":"","header-below-stick-meta":""},"pwb-brand":[377],"product_cat":[33],"product_tag":[],"class_list":{"0":"post-18173","1":"product","2":"type-product","3":"status-publish","5":"pwb-brand-heyner","6":"product_cat-pyyhkijansulat","7":"desktop-align-left","8":"tablet-align-left","9":"mobile-align-left","11":"first","12":"instock","13":"product-type-external"},"brands":[{"id":377,"name":"HEYNER","slug":"heyner"}],"_links":{"self":[{"href":"https:\/\/www.autonvaraosahaku.fi\/index.php?rest_route=\/wp\/v2\/product\/18173","targetHints":{"allow":["GET"]}}],"collection":[{"href":"https:\/\/www.autonvaraosahaku.fi\/index.php?rest_route=\/wp\/v2\/product"}],"about":[{"href":"https:\/\/www.autonvaraosahaku.fi\/index.php?rest_route=\/wp\/v2\/types\/product"}],"wp:attachment":[{"href":"https:\/\/www.autonvaraosahaku.fi\/index.php?rest_route=%2Fwp%2Fv2%2Fmedia&parent=18173"}],"wp:term":[{"taxonomy":"pwb-brand","embeddable":true,"href":"https:\/\/www.autonvaraosahaku.fi\/index.php?rest_route=%2Fwp%2Fv2%2Fpwb-brand&post=18173"},{"taxonomy":"product_cat","embeddable":true,"href":"https:\/\/www.autonvaraosahaku.fi\/index.php?rest_route=%2Fwp%2Fv2%2Fproduct_cat&post=18173"},{"taxonomy":"product_tag","embeddable":true,"href":"https:\/\/www.autonvaraosahaku.fi\/index.php?rest_route=%2Fwp%2Fv2%2Fproduct_tag&post=18173"}],"curies":[{"name":"wp","href":"https:\/\/api.w.org\/{rel}","templated":true}]}}