{"id":18174,"date":"2021-02-21T14:32:46","date_gmt":"2021-02-21T14:32:46","guid":{"rendered":"https:\/\/www.autonvaraosahaku.fi\/?product=maxgear-39-9750-pyyhkijansulat"},"modified":"2021-02-21T14:32:48","modified_gmt":"2021-02-21T14:32:48","slug":"maxgear-39-9750-pyyhkijansulat","status":"publish","type":"product","link":"https:\/\/www.autonvaraosahaku.fi\/?product=maxgear-39-9750-pyyhkijansulat","title":{"rendered":"MAXGEAR 39-9750 Pyyhkij\u00e4nsulat"},"content":{"rendered":"<p>Asennuspuoli: Edess\u00e4, fahrerseitig; Pituus (mm): 750; Pyyhkij\u00e4nsulkatyyppi: Flatblade-pyyhinsulka (rungoton); AUDI: A2 8Z0; BMW: i3 I01,i8 I12; FORD: S-MAX WA6,GALAXY WA6,C-MAX II,GRAND C-MAX,B-MAX JK,TRANSIT CUSTOM Kasten,TOURNEO CUSTOM Bus,TRANSIT CUSTOM Bus,TOURNEO CONNECT \/ GRAND TOURNEO CONNECT Kombi,TRANSIT CONNECT Kasten,S-MAX,TRANSIT Custom  Bus,GALAXY,TRANSIT Custom Pritsche\/Fahrgestell,TRANSIT CONNECT Kombi; CITRO\u00cbN: C4 Picasso I UD_,C4 Grand Picasso I UA_,C4 I LC_,DS3,C4 II B7,C4 Grand Picasso II,C4 Picasso II,DS4,DS5; PEUGEOT: 308 SW,308 4A_, 4C_,308 CC; RENAULT: ESPACE IV JK0\/1_,SC\u00c9NIC III JZ0\/1_,GRAND SC\u00c9NIC III JZ0\/1_,ESPACE V; DS: DS5,DS 4 \/ DS 4 CROSSBACK; Tuulilasinpyyhkimet,Pyyhkij\u00e4t,Pyyhkij\u00e4nsulka<\/p>\n","protected":false},"excerpt":{"rendered":"<p>MAXGEAR Pyyhkij\u00e4nsulat 39-9750 Tuulilasinpyyhkimet,Pyyhkij\u00e4t AUDI,BMW,FORD,A2 8Z0,i3 I01,i8 I12,S-MAX WA6,GALAXY WA6,C-MAX II,GRAND C-MAX,B-MAX JK<\/p>\n","protected":false},"featured_media":0,"template":"","meta":{"site-sidebar-layout":"default","site-content-layout":"default","ast-global-header-display":"","ast-main-header-display":"","ast-hfb-above-header-display":"","ast-hfb-below-header-display":"","ast-hfb-mobile-header-display":"","site-post-title":"","ast-breadcrumbs-content":"","ast-featured-img":"","footer-sml-layout":"","theme-transparent-header-meta":"","adv-header-id-meta":"","stick-header-meta":"","header-above-stick-meta":"","header-main-stick-meta":"","header-below-stick-meta":""},"pwb-brand":[48],"product_cat":[33],"product_tag":[],"class_list":{"0":"post-18174","1":"product","2":"type-product","3":"status-publish","5":"pwb-brand-maxgear","6":"product_cat-pyyhkijansulat","7":"desktop-align-left","8":"tablet-align-left","9":"mobile-align-left","11":"first","12":"instock","13":"product-type-external"},"brands":[{"id":48,"name":"MAXGEAR","slug":"maxgear"}],"_links":{"self":[{"href":"https:\/\/www.autonvaraosahaku.fi\/index.php?rest_route=\/wp\/v2\/product\/18174","targetHints":{"allow":["GET"]}}],"collection":[{"href":"https:\/\/www.autonvaraosahaku.fi\/index.php?rest_route=\/wp\/v2\/product"}],"about":[{"href":"https:\/\/www.autonvaraosahaku.fi\/index.php?rest_route=\/wp\/v2\/types\/product"}],"wp:attachment":[{"href":"https:\/\/www.autonvaraosahaku.fi\/index.php?rest_route=%2Fwp%2Fv2%2Fmedia&parent=18174"}],"wp:term":[{"taxonomy":"pwb-brand","embeddable":true,"href":"https:\/\/www.autonvaraosahaku.fi\/index.php?rest_route=%2Fwp%2Fv2%2Fpwb-brand&post=18174"},{"taxonomy":"product_cat","embeddable":true,"href":"https:\/\/www.autonvaraosahaku.fi\/index.php?rest_route=%2Fwp%2Fv2%2Fproduct_cat&post=18174"},{"taxonomy":"product_tag","embeddable":true,"href":"https:\/\/www.autonvaraosahaku.fi\/index.php?rest_route=%2Fwp%2Fv2%2Fproduct_tag&post=18174"}],"curies":[{"name":"wp","href":"https:\/\/api.w.org\/{rel}","templated":true}]}}