{"id":18193,"date":"2021-02-21T14:32:49","date_gmt":"2021-02-21T14:32:49","guid":{"rendered":"https:\/\/www.autonvaraosahaku.fi\/?product=orlen-qfs437b40-moottorioljy"},"modified":"2021-02-21T14:32:51","modified_gmt":"2021-02-21T14:32:51","slug":"orlen-qfs437b40-moottorioljy","status":"publish","type":"product","link":"https:\/\/www.autonvaraosahaku.fi\/?product=orlen-qfs437b40-moottorioljy","title":{"rendered":"ORLEN QFS437B40 Moottori\u00f6ljy"},"content":{"rendered":"<p>Pakkaustyyppi: Kanisteri; Tilavuus (litra): 4; Viskositeettiluokka SAE: 5W-30; Erittely: ACEA C2, API SM, API CF; Valmistajan hyv\u00e4ksym\u00e4: Fiat 9.55535-S1, PSA B71 2290, Renault RN0700; \u00d6ljy: Synteettinen \u00f6ljy; Tuotelinja: PLATINUM MaxExpert; Versio: XF; API-m\u00e4\u00e4rittely: SF; RENAULT: CLIO II BB0\/1\/2_, CB0\/1\/2_,CLIO III BR0\/1, CR0\/1,SC\u00c9NIC II JM0\/1_,KANGOO KC0\/1_,TWINGO II CN0_,MEGANE III Grandtour KZ0\/1,MODUS \/ GRAND MODUS F\/JP0_,LAGUNA II Grandtour KG0\/1_,MEGANE II Kombi KM0\/1_,MEGANE II Coup\u00e9-Cabriolet EM0\/1_,SC\u00c9NIC III JZ0\/1_,LAGUNA III Grandtour KT0\/1,CLIO IV,MEGANE III Schr\u00e4gheck BZ0_,LAGUNA II BG0\/1_,MEGANE II BM0\/1_, CM0\/1_,TRAFIC II Bus JL,GRAND SC\u00c9NIC III JZ0\/1_,TRAFIC II Kasten FL,MEGANE III Coupe DZ0\/1_,KANGOO \/ GRAND KANGOO KW0\/1_,KOLEOS HY_,KANGOO Express FC0\/1_,CLIO Grandtour KR0\/1_,GRAND SC\u00c9NIC II JM0\/1_,LAGUNA III BT0\/1,KANGOO Express FW0\/1_,MEGANE II Stufenheck LM0\/1_,CLIO Grandtour IV,KANGOO BE BOP KW0\/1_,MEGANE CC EZ0\/1_,LAGUNA Coupe DT0\/1,WIND E4M_,FLUENCE L30_,LATITUDE L70_,THALIA I LB0\/1\/2_,TRAFIC II Pritsche\/Fahrgestell EL,THALIA II LU1\/2_,MEGANE IV B9A\/M_,MEGANE IV Grandtour K9A\/M_,CLIO IV Kasten; FIAT: GRANDE PUNTO 199,PANDA 169,DUCATO Kasten 250,500 312,BRAVO II 198,DUCATO Pritsche\/Fahrgestell 250,FREEMONT JF_,PUNTO EVO 199,DUCATO Bus 250,DOBLO Cargo 223,500 C 312,DOBLO Kasten\/Kombi 263,PUNTO 199,ULYSSE 179AX,IDEA,PANDA 312,SEDICI,STRADA Pick-up 178E,MULTIPLA 186,QUBO 225,DOBLO Gro\u00dfraumlimousine 152, 263,SCUDO Kasten 220L,FIORINO Kasten\/Kombi 225,SCUDO Combinato 220P,DOBLO Pritsche\/Fahrgestell 263,STRADA Pick-up 578_,TIPO Schr\u00e4gheck 356_,PANDA VAN 312,TIPO Kombi 356_,TIPO Stufenheck 356_; PEUGEOT: 206 Schr\u00e4gheck 2A\/C,206 CC 2D,207 WA_, WC_,307 SW 3H,207 CC WD_,307 CC 3B,407 SW 6E_,307 3A\/C,207 SW WK_,107,308 SW,206 SW 2E\/K,208,807 E,106 II 1,206+ T3E,308 4A_, 4C_,BOXER Kasten,5008,307 Break 3E,508 SW,306 Schr\u00e4gheck 7A, 7C, N3, N5,607 9D, 9U,407 6D_,3008,406 Break 8E\/F,PARTNER Tepee,RCZ,308 CC,1007 KM_,PARTNER Combispace 5F,4007 GP_,2008,PARTNER Kasten 5,406 Coupe 8C,306 Break 7E, N3, N5,406 8B,806 221,508,407 Coupe 6C_,EXPERT Tepee VF3V_,BOXER Kasten 230L,EXPERT Kasten VF3A_, VF3U_, VF3X_,BOXER Kasten 244,306 7B, N3, N5,PARTNER Kasten,BOXER Bus,EXPERT Kasten 222,206 Stufenheck,BOXER Pritsche\/Fahrgestell,BIPPER AA_,308 II,BIPPER Tepee,BOXER Bus 244, Z_,EXPERT 224,4008,BOXER Pritsche\/Fahrgestell 244,301,308 SW II,EXPERT Pritsche\/Fahrgestell,108; TOYOTA: YARIS SCP9_, NSP9_, KSP9_, NCP9_, ZSP9_,AVENSIS Kombi T25,COROLLA Verso ZER_, ZZE12_, R1_,AYGO WNB1_, KGB1_,AURIS NRE15_, ZZE15_, ADE15_, ZRE15_, NDE15_,RAV 4 III ACA3_, ACE_, ALA3_, GSA3_, ZSA3_,RAV 4 II CLA2_, XA2_, ZCA2_, ACA2_,COROLLA ZZE12_, NDE12_, ZDE12_,AVENSIS Station Wagon ZRT27, ADT27,VERSO _AUR2_, _ZGR2_,AVENSIS T25_,YARIS VERSO _NLP2_, _NCP2_,YARIS NHP13_, NSP13_, NCP13_, KSP13_, NLP13_,AURIS NZE18_, ZRE18_,COROLLA Kombi _E12J_, _E12T_,AVENSIS Stufenheck T25,AVENSIS _T22_,COROLLA Liftback _E11_,AURIS TOURING SPORTS ADE18_, ZWE18_, ZRE18_,IQ KPJ1_, NGJ1_, KGJ1_, NUJ1_,COROLLA Compact _E11_,AVENSIS Station Wagon _T22_,COROLLA Verso ZDE12_, CDE12_,PRIUS ZVW3_,GT 86 Coupe ZN6_,AVENSIS Stufenheck ZRT27, ADT27,RAV 4 IV ZSA4_, ALA4_,PREVIA MCR3_, ACR3_, CLR3_,LAND CRUISER KDJ12_, GRJ12_,HILUX III Pick-up TGN1_, GGN2_, GGN1_, KUN2_, KUN1_,VERSO S NLP12_, NCP12_, NSP12_,COROLLA Stufenheck _E12J_, _E12T_,AVENSIS Liftback _T22_,PRIUS PLUS ZVW4_,COROLLA _E11_,URBAN CRUISER ; HYUNDAI: ix35 LM, EL, ELH,i30 FD,i10 PA,i20 PB, PBT,TUCSON JM,i30 CW FD,i40 CW VF,SANTA F\u00c9 II CM,i30 GD,ix20 JC,i30 CW GD,COUPE GK,H-1 Travel TQ,TRAJET FO,ix55,SANTA F\u00c9 III DM,i30 Coupe,SONATA IV EF,GENESIS Coupe,COUPE RD,i40 VF,H-1 Cargo TQ,ELANTRA XD,ELANTRA Stufenheck XD,LANTRA II Wagon J-2,GRAND SANTA F\u00c9,LANTRA II J-2,SONATA III Y-3,TUCSON,i10 IA,i20 GB,SONATA II Y-2,H350 Bus,H350 Kasten,i20 ACTIVE GB,i20 Coupe,i10 Stufenheck; CITRO\u00cbN: C1 PM_, PN_,BERLINGO MF,XSARA PICASSO N68,C2 JM_,C3 I FC_,BERLINGO B9,C5 III Break TD_,C4 Picasso I UD_,C4 Grand Picasso I UA_,C8 EA_, EB_,C4 I LC_,JUMPER Kasten,SAXO S0, S1,DS3,BERLINGO Kasten M_,C5 II Break RE_,C3 Picasso,C5 I DC_,C5 I Break DE_,C5 III RD_,C3 II,XSARA N1,C4 Coupe LA_,C3 Pluriel HB_,C4 II B7,C5 II RC_,C-CROSSER EP_,JUMPY,BERLINGO Kasten B9,C6 TD_,JUMPY Kasten,C4 Grand Picasso II,C4 Picasso II,XANTIA X2,DS4,NEMO Kasten AA_,JUMPER Bus,DS5,EVASION 22, U6,C4 Stufenheck L,XANTIA Break X2,JUMPER Pritsche\/Fahrgestell,C4 AIRCROSS,NEMO Kombi,JUMPY U6U,JUMPY Kasten BS_, BT_, BY_, BZ_,C-CROSSER ENTERPRISE,JUMPER Bus 244, Z_,DS3 Cabriolet,JUMPER Pritsche\/Fahrgestell 244,BERLINGO Pritsche\/Fahrgestell B9,JUMPY Pritsche\/Fahrgestell BU_, BV_, BW_, BX_,C-ELYSEE,C1 II,C4 CACTUS,C3 III SX; NISSAN: JUKE F15,MICRA IV K13,PIXO UA0,TIIDA Schr\u00e4gheck,TIIDA Stufenheck SC11X; MAZDA: CX-5 KE, GH,3 BL,5 CW,3 BM,3 Stufenheck BL,3 Stufenheck BM,CX-9 TB; KIA: PICANTO BA,SPORTAGE SL,CEE&#8217;D SW ED,CEE&#8217;D Schr\u00e4gheck ED,SORENTO II XM,RIO III UB,CEE&#8217;D JD,CARENS III UN,PICANTO TA,CEE`D Sportswagon JD,PRO CEE&#8217;D ED,CARENS IV,SOUL AM,PRO CEE\u00b4D JD,OPTIMA,SPORTAGE QL,CERATO II Stufenheck TD,SORENTO III,SOUL II PS,OPTIMA Sportswagon,STINGER CK,RIO IV YB,PICANTO JA,STONIC YB; HONDA: CIVIC VIII Hatchback FN, FK,CR-V III RE,CR-V II RD_,CR-V IV RE,ACCORD VIII CU,CIVIC IX FK,ACCORD VIII Kombi,CIVIC IX Tourer FK,HR-V RU<\/p>\n","protected":false},"excerpt":{"rendered":"<p>ORLEN Moottori\u00f6ljy QFS437B40<\/p>\n","protected":false},"featured_media":0,"template":"","meta":{"site-sidebar-layout":"default","site-content-layout":"default","ast-global-header-display":"","ast-main-header-display":"","ast-hfb-above-header-display":"","ast-hfb-below-header-display":"","ast-hfb-mobile-header-display":"","site-post-title":"","ast-breadcrumbs-content":"","ast-featured-img":"","footer-sml-layout":"","theme-transparent-header-meta":"","adv-header-id-meta":"","stick-header-meta":"","header-above-stick-meta":"","header-main-stick-meta":"","header-below-stick-meta":""},"pwb-brand":[405],"product_cat":[129],"product_tag":[],"class_list":{"0":"post-18193","1":"product","2":"type-product","3":"status-publish","5":"pwb-brand-orlen","6":"product_cat-moottorioljy","7":"desktop-align-left","8":"tablet-align-left","9":"mobile-align-left","11":"first","12":"instock","13":"product-type-external"},"brands":[{"id":405,"name":"ORLEN","slug":"orlen"}],"_links":{"self":[{"href":"https:\/\/www.autonvaraosahaku.fi\/index.php?rest_route=\/wp\/v2\/product\/18193","targetHints":{"allow":["GET"]}}],"collection":[{"href":"https:\/\/www.autonvaraosahaku.fi\/index.php?rest_route=\/wp\/v2\/product"}],"about":[{"href":"https:\/\/www.autonvaraosahaku.fi\/index.php?rest_route=\/wp\/v2\/types\/product"}],"wp:attachment":[{"href":"https:\/\/www.autonvaraosahaku.fi\/index.php?rest_route=%2Fwp%2Fv2%2Fmedia&parent=18193"}],"wp:term":[{"taxonomy":"pwb-brand","embeddable":true,"href":"https:\/\/www.autonvaraosahaku.fi\/index.php?rest_route=%2Fwp%2Fv2%2Fpwb-brand&post=18193"},{"taxonomy":"product_cat","embeddable":true,"href":"https:\/\/www.autonvaraosahaku.fi\/index.php?rest_route=%2Fwp%2Fv2%2Fproduct_cat&post=18193"},{"taxonomy":"product_tag","embeddable":true,"href":"https:\/\/www.autonvaraosahaku.fi\/index.php?rest_route=%2Fwp%2Fv2%2Fproduct_tag&post=18193"}],"curies":[{"name":"wp","href":"https:\/\/api.w.org\/{rel}","templated":true}]}}