{"id":18200,"date":"2021-02-21T14:32:53","date_gmt":"2021-02-21T14:32:53","guid":{"rendered":"https:\/\/www.autonvaraosahaku.fi\/?product=ridex-168c0003-polttoaineen-paineensaadin"},"modified":"2021-02-21T14:32:53","modified_gmt":"2021-02-21T14:32:53","slug":"ridex-168c0003-polttoaineen-paineensaadin","status":"publish","type":"product","link":"https:\/\/www.autonvaraosahaku.fi\/?product=ridex-168c0003-polttoaineen-paineensaadin","title":{"rendered":"RIDEX 168C0003 Polttoaineen paineens\u00e4\u00e4din"},"content":{"rendered":"<p>Valmistusvuosi alkaen: 10\/1990; VW: CADDY II Kasten 9K9A,POLO CLASSIC 6KV2,CADDY II Kombi 9K9B,GOL III,GOL II,KOMBI Kasten T2,KOMBI Bus T2,PARATI III,SANTANA,KOMBI Pritsche\/Fahrgestell T2; AUDI: A3 8L1; SEAT: INCA 6K9; CHEVROLET: BLAZER S10; SAAB: 9-5 Kombi YS3E,9-3 YS3D,9-5 YS3E,9-3 Cabriolet YS3D,9000 Schr\u00e4gheck,900 II Cabriolet,900 II,9000; OPEL: ZAFIRA A F75_,ASTRA G CC F48_, F08_,ASTRA G Caravan F35_,VECTRA B 36_,ASTRA F CC 53_, 54_, 58_, 59_,VECTRA B Caravan 31_,ASTRA F Caravan 51_, 52_,ASTRA G Stufenheck F69_,VECTRA B CC 38_,ASTRA F Cabriolet 53_B,ASTRA F 56_, 57_,SINTRA; LANCIA: THESIS 841AX,KAPPA 838A,KAPPA SW 838B,ZETA 220,KAPPA Coupe 838; FIAT: STRADA Pick-up 178E,BRAVO I 182,ULYSSE 220,MAREA Weekend 185,UNO 146A\/E,PALIO Weekend 178DX,FIORINO Kasten 146,MAREA 185,FIORINO Pick up 146,PALIO 178BX,SIENA 178_; CITRO\u00cbN: BERLINGO MF,XSARA PICASSO N68,SAXO S0, S1,BERLINGO Kasten M_,XSARA N1,XSARA Break N2,XANTIA X2,XSARA Coupe N0,XANTIA X1,EVASION 22, U6,XANTIA Break X2,XANTIA Break X1,XSARA Kasten\/Schr\u00e4gheck; ALFA ROMEO: 156 932,SPIDER 916S_,166 936,146 930; 46457494, 5896139, 037133035C, 9118850, 93225088, 133480, 96233280, 96246711, 96246717, 96345292, 46457494, 5896139, 60812194, 7078640, 7529724, 9624671780, 09118850, 93225088, 46457494, 60812194, 9624671780, 9118850, 9128428, 198505, 96233280, 96246711, 96246717, 96345292, 7700103593, 7700872504, 9118850, 9483538, 9683538, 9118850, 0271980522, 9118850, 0271330521, 0271980522, 040133035, 0401330352, 0401330353, 670568<\/p>\n","protected":false},"excerpt":{"rendered":"<p>RIDEX Polttoaineen Paineens\u00e4\u00e4t\u00e4j\u00e4 168C0003  VW,AUDI,SEAT,CADDY II Kasten 9K9A,POLO CLASSIC 6KV2,CADDY II Kombi 9K9B,GOL III,GOL II,KOMBI Kasten T2<\/p>\n","protected":false},"featured_media":0,"template":"","meta":{"site-sidebar-layout":"default","site-content-layout":"default","ast-global-header-display":"","ast-main-header-display":"","ast-hfb-above-header-display":"","ast-hfb-below-header-display":"","ast-hfb-mobile-header-display":"","site-post-title":"","ast-breadcrumbs-content":"","ast-featured-img":"","footer-sml-layout":"","theme-transparent-header-meta":"","adv-header-id-meta":"","stick-header-meta":"","header-above-stick-meta":"","header-main-stick-meta":"","header-below-stick-meta":""},"pwb-brand":[157],"product_cat":[246],"product_tag":[],"class_list":{"0":"post-18200","1":"product","2":"type-product","3":"status-publish","5":"pwb-brand-ridex","6":"product_cat-polttoaineen-paineensaadin","7":"desktop-align-left","8":"tablet-align-left","9":"mobile-align-left","11":"first","12":"instock","13":"product-type-external"},"brands":[{"id":157,"name":"RIDEX","slug":"ridex"}],"_links":{"self":[{"href":"https:\/\/www.autonvaraosahaku.fi\/index.php?rest_route=\/wp\/v2\/product\/18200","targetHints":{"allow":["GET"]}}],"collection":[{"href":"https:\/\/www.autonvaraosahaku.fi\/index.php?rest_route=\/wp\/v2\/product"}],"about":[{"href":"https:\/\/www.autonvaraosahaku.fi\/index.php?rest_route=\/wp\/v2\/types\/product"}],"wp:attachment":[{"href":"https:\/\/www.autonvaraosahaku.fi\/index.php?rest_route=%2Fwp%2Fv2%2Fmedia&parent=18200"}],"wp:term":[{"taxonomy":"pwb-brand","embeddable":true,"href":"https:\/\/www.autonvaraosahaku.fi\/index.php?rest_route=%2Fwp%2Fv2%2Fpwb-brand&post=18200"},{"taxonomy":"product_cat","embeddable":true,"href":"https:\/\/www.autonvaraosahaku.fi\/index.php?rest_route=%2Fwp%2Fv2%2Fproduct_cat&post=18200"},{"taxonomy":"product_tag","embeddable":true,"href":"https:\/\/www.autonvaraosahaku.fi\/index.php?rest_route=%2Fwp%2Fv2%2Fproduct_tag&post=18200"}],"curies":[{"name":"wp","href":"https:\/\/api.w.org\/{rel}","templated":true}]}}