{"id":18203,"date":"2021-02-21T14:32:53","date_gmt":"2021-02-21T14:32:53","guid":{"rendered":"https:\/\/www.autonvaraosahaku.fi\/?product=ridex-1761s0023-lasinnostimen-kytkin"},"modified":"2021-02-21T14:32:54","modified_gmt":"2021-02-21T14:32:54","slug":"ridex-1761s0023-lasinnostimen-kytkin","status":"publish","type":"product","link":"https:\/\/www.autonvaraosahaku.fi\/?product=ridex-1761s0023-lasinnostimen-kytkin","title":{"rendered":"RIDEX 1761S0023 Lasinnostimen kytkin"},"content":{"rendered":"<p>K\u00e4ytt\u00f6tapa: Vipukytkin; V\u00e4ri: Musta; Asennuspuoli: Molemminpuolin, Edess\u00e4 ja takana; Alustanumeroon: 44-H-030000; AUDI: 80 8C, B4,80 89, 89Q, 8A, B3,100 4A, C4,80 Avant 8C, B4,100 44, 44Q, C3,A6 Avant 4A, C4,A6 4A, C4,100 Avant 4A, C4,90 89, 89Q, 8A, B3,100 Avant 44, 44Q, C3; 4A0959855A, 4A0959855A01C, 893959855, 89395985501C; Kytkin, Lasinnostin<\/p>\n","protected":false},"excerpt":{"rendered":"<p>RIDEX Lasinnostimen Kytkin 1761S0023 Kytkin, Lasinnostin AUDI,80 8C, B4,80 89, 89Q, 8A, B3,100 4A, C4,80 Avant 8C, B4,100 44, 44Q, C3,A6 Avant 4A, C4<\/p>\n","protected":false},"featured_media":0,"template":"","meta":{"site-sidebar-layout":"default","site-content-layout":"default","ast-global-header-display":"","ast-main-header-display":"","ast-hfb-above-header-display":"","ast-hfb-below-header-display":"","ast-hfb-mobile-header-display":"","site-post-title":"","ast-breadcrumbs-content":"","ast-featured-img":"","footer-sml-layout":"","theme-transparent-header-meta":"","adv-header-id-meta":"","stick-header-meta":"","header-above-stick-meta":"","header-main-stick-meta":"","header-below-stick-meta":""},"pwb-brand":[157],"product_cat":[135],"product_tag":[],"class_list":{"0":"post-18203","1":"product","2":"type-product","3":"status-publish","5":"pwb-brand-ridex","6":"product_cat-lasinnostimen-kytkin","7":"desktop-align-left","8":"tablet-align-left","9":"mobile-align-left","11":"first","12":"instock","13":"product-type-external"},"brands":[{"id":157,"name":"RIDEX","slug":"ridex"}],"_links":{"self":[{"href":"https:\/\/www.autonvaraosahaku.fi\/index.php?rest_route=\/wp\/v2\/product\/18203","targetHints":{"allow":["GET"]}}],"collection":[{"href":"https:\/\/www.autonvaraosahaku.fi\/index.php?rest_route=\/wp\/v2\/product"}],"about":[{"href":"https:\/\/www.autonvaraosahaku.fi\/index.php?rest_route=\/wp\/v2\/types\/product"}],"wp:attachment":[{"href":"https:\/\/www.autonvaraosahaku.fi\/index.php?rest_route=%2Fwp%2Fv2%2Fmedia&parent=18203"}],"wp:term":[{"taxonomy":"pwb-brand","embeddable":true,"href":"https:\/\/www.autonvaraosahaku.fi\/index.php?rest_route=%2Fwp%2Fv2%2Fpwb-brand&post=18203"},{"taxonomy":"product_cat","embeddable":true,"href":"https:\/\/www.autonvaraosahaku.fi\/index.php?rest_route=%2Fwp%2Fv2%2Fproduct_cat&post=18203"},{"taxonomy":"product_tag","embeddable":true,"href":"https:\/\/www.autonvaraosahaku.fi\/index.php?rest_route=%2Fwp%2Fv2%2Fproduct_tag&post=18203"}],"curies":[{"name":"wp","href":"https:\/\/api.w.org\/{rel}","templated":true}]}}