{"id":18224,"date":"2021-02-21T14:32:57","date_gmt":"2021-02-21T14:32:57","guid":{"rendered":"https:\/\/www.autonvaraosahaku.fi\/?product=febi-bilstein-103796-kaasulappakotelo"},"modified":"2021-02-21T14:32:57","modified_gmt":"2021-02-21T14:32:57","slug":"febi-bilstein-103796-kaasulappakotelo","status":"publish","type":"product","link":"https:\/\/www.autonvaraosahaku.fi\/?product=febi-bilstein-103796-kaasulappakotelo","title":{"rendered":"FEBI BILSTEIN 103796 Kaasul\u00e4pp\u00e4kotelo"},"content":{"rendered":"<p>Pituus (mm): 80; Leveys (mm): 86,0; Paksuus [mm]: 1,0; Sis\u00e4l\u00e4pimitta [mm]: 52,0; Materiaali: Ter\u00e4s; Paino [kg]: 0,007, 0,007; Huomioi tekniset tiedot: ; VW: GOLF IV 1J1,LUPO 6X1, 6E1,GOLF IV Variant 1J5,BORA 1J2,NEW BEETLE 9C1, 1C1,BORA Kombi 1J6,NEW BEETLE Cabriolet 1Y7,CADDY II Kasten 9K9A,POLO Variant 6KV5,POLO Stufenheck 9A4,CADDY II Kombi 9K9B,GOL III,GOL II,PARATI III; AUDI: A2 8Z0; SKODA: FABIA Combi 6Y5,FABIA 6Y2,OCTAVIA Combi 1U5,OCTAVIA 1U2,FABIA Stufenheck 6Y3; SEAT: IBIZA IV 6L1,LEON 1M1,IBIZA II 6K1,TOLEDO II 1M2,CORDOBA 6K1, 6K2,CORDOBA Vario 6K1,CORDOBA 6L2,INCA 6K9; 036133161C, 36133161C, 036133161C, 36133161C, 036133161C, 36133161C, 036133161C, 36133161C; Kaasul\u00e4pp\u00e4,Kaasul\u00e4p\u00e4n Kotelo<\/p>\n","protected":false},"excerpt":{"rendered":"<p>FEBI BILSTEIN Kaasul\u00e4pp\u00e4kotelo 103796 Kaasul\u00e4pp\u00e4,Kaasul\u00e4p\u00e4n Kotelo VW,AUDI,SKODA,GOLF IV 1J1,LUPO 6X1, 6E1,GOLF IV Variant 1J5,BORA 1J2<\/p>\n","protected":false},"featured_media":0,"template":"","meta":{"site-sidebar-layout":"default","site-content-layout":"default","ast-global-header-display":"","ast-main-header-display":"","ast-hfb-above-header-display":"","ast-hfb-below-header-display":"","ast-hfb-mobile-header-display":"","site-post-title":"","ast-breadcrumbs-content":"","ast-featured-img":"","footer-sml-layout":"","theme-transparent-header-meta":"","adv-header-id-meta":"","stick-header-meta":"","header-above-stick-meta":"","header-main-stick-meta":"","header-below-stick-meta":""},"pwb-brand":[50],"product_cat":[277],"product_tag":[],"class_list":{"0":"post-18224","1":"product","2":"type-product","3":"status-publish","5":"pwb-brand-febi-bilstein","6":"product_cat-kaasulappakotelo","7":"desktop-align-left","8":"tablet-align-left","9":"mobile-align-left","11":"first","12":"instock","13":"product-type-external"},"brands":[{"id":50,"name":"FEBI BILSTEIN","slug":"febi-bilstein"}],"_links":{"self":[{"href":"https:\/\/www.autonvaraosahaku.fi\/index.php?rest_route=\/wp\/v2\/product\/18224","targetHints":{"allow":["GET"]}}],"collection":[{"href":"https:\/\/www.autonvaraosahaku.fi\/index.php?rest_route=\/wp\/v2\/product"}],"about":[{"href":"https:\/\/www.autonvaraosahaku.fi\/index.php?rest_route=\/wp\/v2\/types\/product"}],"wp:attachment":[{"href":"https:\/\/www.autonvaraosahaku.fi\/index.php?rest_route=%2Fwp%2Fv2%2Fmedia&parent=18224"}],"wp:term":[{"taxonomy":"pwb-brand","embeddable":true,"href":"https:\/\/www.autonvaraosahaku.fi\/index.php?rest_route=%2Fwp%2Fv2%2Fpwb-brand&post=18224"},{"taxonomy":"product_cat","embeddable":true,"href":"https:\/\/www.autonvaraosahaku.fi\/index.php?rest_route=%2Fwp%2Fv2%2Fproduct_cat&post=18224"},{"taxonomy":"product_tag","embeddable":true,"href":"https:\/\/www.autonvaraosahaku.fi\/index.php?rest_route=%2Fwp%2Fv2%2Fproduct_tag&post=18224"}],"curies":[{"name":"wp","href":"https:\/\/api.w.org\/{rel}","templated":true}]}}