{"id":18231,"date":"2021-02-21T14:32:57","date_gmt":"2021-02-21T14:32:57","guid":{"rendered":"https:\/\/www.autonvaraosahaku.fi\/?product=ridex-2s0271-starttimoottori"},"modified":"2021-02-21T14:32:58","modified_gmt":"2021-02-21T14:32:58","slug":"ridex-2s0271-starttimoottori","status":"publish","type":"product","link":"https:\/\/www.autonvaraosahaku.fi\/?product=ridex-2s0271-starttimoottori","title":{"rendered":"RIDEX 2S0271 Starttimoottori"},"content":{"rendered":"<p>J\u00e4nnite (V): 12; Hammasluku: 9; K\u00e4ynnistinmoottori teho (kW): 2,2; Pistokemallin tunnus: B+(M8)\/50(M6)\/30h(M5, M6; Py\u00f6rimissuunta: Py\u00f6rimissuunta my\u00f6t\u00e4p\u00e4iv\u00e4\u00e4n; M\u00e4\u00e4r\u00e4yksikk\u00f6: Kappale; Laippa \u00d8(mm): 76, 76,2; kierrereiki\u00e4 [kpl]: 2; Kiinnitysreikien lukum\u00e4\u00e4r\u00e4: 3; LAND ROVER: RANGE ROVER II LP; OPEL: OMEGA B Caravan 21_, 22_, 23_,OMEGA B 25_, 26_, 27_; BMW: 3 E46,5 E39,5 E60,5 Touring E61,3 Touring E46,X3 E83,5 Touring E39,3 Coupe E46,3 E36,X5 E53,3 E30,3 Cabriolet E46,7 E38,5 E34,7 E65, E66, E67,3 Touring E36,5 Touring E34,5 E28,3 Touring E30; VAUXHALL: OMEGA B,OMEGA B Estate; 12411287788, 12411288166, 12411289520, 12412242231, 12412242619, 12412242702, 12412242703, 12412244344, 12412246570, 12412246571, 12412246574, 12412446570, 12414371646, 12417785691, 12419069808, 7785691, SM2623, 1202141, 1202168, 120407A, 24454172, 6202054, 90465731, 90542412, 93171945, 93175889, 93175907, 9512771, NAD10037, R1040037; Startti,K\u00e4ynnistinmoottori<\/p>\n","protected":false},"excerpt":{"rendered":"<p>RIDEX Starttimoottori 2S0271 Startti,K\u00e4ynnistinmoottori LAND ROVER,OPEL,BMW,RANGE ROVER II LP,OMEGA B Caravan 21_, 22_, 23_,OMEGA B 25_, 26_, 27_<\/p>\n","protected":false},"featured_media":0,"template":"","meta":{"site-sidebar-layout":"default","site-content-layout":"default","ast-global-header-display":"","ast-main-header-display":"","ast-hfb-above-header-display":"","ast-hfb-below-header-display":"","ast-hfb-mobile-header-display":"","site-post-title":"","ast-breadcrumbs-content":"","ast-featured-img":"","footer-sml-layout":"","theme-transparent-header-meta":"","adv-header-id-meta":"","stick-header-meta":"","header-above-stick-meta":"","header-main-stick-meta":"","header-below-stick-meta":""},"pwb-brand":[157],"product_cat":[295],"product_tag":[],"class_list":{"0":"post-18231","1":"product","2":"type-product","3":"status-publish","5":"pwb-brand-ridex","6":"product_cat-starttimoottori","7":"desktop-align-left","8":"tablet-align-left","9":"mobile-align-left","11":"first","12":"instock","13":"product-type-external"},"brands":[{"id":157,"name":"RIDEX","slug":"ridex"}],"_links":{"self":[{"href":"https:\/\/www.autonvaraosahaku.fi\/index.php?rest_route=\/wp\/v2\/product\/18231","targetHints":{"allow":["GET"]}}],"collection":[{"href":"https:\/\/www.autonvaraosahaku.fi\/index.php?rest_route=\/wp\/v2\/product"}],"about":[{"href":"https:\/\/www.autonvaraosahaku.fi\/index.php?rest_route=\/wp\/v2\/types\/product"}],"wp:attachment":[{"href":"https:\/\/www.autonvaraosahaku.fi\/index.php?rest_route=%2Fwp%2Fv2%2Fmedia&parent=18231"}],"wp:term":[{"taxonomy":"pwb-brand","embeddable":true,"href":"https:\/\/www.autonvaraosahaku.fi\/index.php?rest_route=%2Fwp%2Fv2%2Fpwb-brand&post=18231"},{"taxonomy":"product_cat","embeddable":true,"href":"https:\/\/www.autonvaraosahaku.fi\/index.php?rest_route=%2Fwp%2Fv2%2Fproduct_cat&post=18231"},{"taxonomy":"product_tag","embeddable":true,"href":"https:\/\/www.autonvaraosahaku.fi\/index.php?rest_route=%2Fwp%2Fv2%2Fproduct_tag&post=18231"}],"curies":[{"name":"wp","href":"https:\/\/api.w.org\/{rel}","templated":true}]}}