{"id":18238,"date":"2021-02-21T14:32:57","date_gmt":"2021-02-21T14:32:57","guid":{"rendered":"https:\/\/www.autonvaraosahaku.fi\/?product=snr-ka859-36-moniurahihna"},"modified":"2021-02-21T14:32:59","modified_gmt":"2021-02-21T14:32:59","slug":"snr-ka859-36-moniurahihna","status":"publish","type":"product","link":"https:\/\/www.autonvaraosahaku.fi\/?product=snr-ka859-36-moniurahihna","title":{"rendered":"SNR KA859.36 Moniurahihna"},"content":{"rendered":"<p>Kiiloja: 6; Hihnojen m\u00e4\u00e4r\u00e4: 1; Paino [g]: 1400; Pituus (mm): 1020; Valmistusvuosi alkaen: 09\/2010; CITRO\u00cbN: C3 I FC_,BERLINGO B9,C5 III Break TD_,C4 Picasso I UD_,C4 Grand Picasso I UA_,DS3,C3 Picasso,C5 III RD_,C3 II,C4 II B7,BERLINGO Kasten B9,C4 Grand Picasso II,C4 Picasso II,DS4,DS5,DS3 Cabriolet,C4 CACTUS; PEUGEOT: 308 SW,208,308 4A_, 4C_,5008,508 SW,3008,PARTNER Tepee,308 CC,2008,508,PARTNER Kasten,308 II,308 SW II,PARTNER Pritsche\/Fahrgestell,208 Kasten; 1611277480, 1611426180, 1611426580, 5750ZQ, 1611277480, 1611426180, 1611426580, 5750ZQ<\/p>\n","protected":false},"excerpt":{"rendered":"<p>SNR Moniurahihnasarja KA859.36  CITRO\u00cbN,PEUGEOT,C3 I FC_,BERLINGO B9,C5 III Break TD_,C4 Picasso I UD_,C4 Grand Picasso I UA_,DS3,C3 Picasso<\/p>\n","protected":false},"featured_media":0,"template":"","meta":{"site-sidebar-layout":"default","site-content-layout":"default","ast-global-header-display":"","ast-main-header-display":"","ast-hfb-above-header-display":"","ast-hfb-below-header-display":"","ast-hfb-mobile-header-display":"","site-post-title":"","ast-breadcrumbs-content":"","ast-featured-img":"","footer-sml-layout":"","theme-transparent-header-meta":"","adv-header-id-meta":"","stick-header-meta":"","header-above-stick-meta":"","header-main-stick-meta":"","header-below-stick-meta":""},"pwb-brand":[342],"product_cat":[23],"product_tag":[],"class_list":{"0":"post-18238","1":"product","2":"type-product","3":"status-publish","5":"pwb-brand-snr","6":"product_cat-moniurahihna","7":"desktop-align-left","8":"tablet-align-left","9":"mobile-align-left","11":"first","12":"instock","13":"product-type-external"},"brands":[{"id":342,"name":"SNR","slug":"snr"}],"_links":{"self":[{"href":"https:\/\/www.autonvaraosahaku.fi\/index.php?rest_route=\/wp\/v2\/product\/18238","targetHints":{"allow":["GET"]}}],"collection":[{"href":"https:\/\/www.autonvaraosahaku.fi\/index.php?rest_route=\/wp\/v2\/product"}],"about":[{"href":"https:\/\/www.autonvaraosahaku.fi\/index.php?rest_route=\/wp\/v2\/types\/product"}],"wp:attachment":[{"href":"https:\/\/www.autonvaraosahaku.fi\/index.php?rest_route=%2Fwp%2Fv2%2Fmedia&parent=18238"}],"wp:term":[{"taxonomy":"pwb-brand","embeddable":true,"href":"https:\/\/www.autonvaraosahaku.fi\/index.php?rest_route=%2Fwp%2Fv2%2Fpwb-brand&post=18238"},{"taxonomy":"product_cat","embeddable":true,"href":"https:\/\/www.autonvaraosahaku.fi\/index.php?rest_route=%2Fwp%2Fv2%2Fproduct_cat&post=18238"},{"taxonomy":"product_tag","embeddable":true,"href":"https:\/\/www.autonvaraosahaku.fi\/index.php?rest_route=%2Fwp%2Fv2%2Fproduct_tag&post=18238"}],"curies":[{"name":"wp","href":"https:\/\/api.w.org\/{rel}","templated":true}]}}