{"id":18239,"date":"2021-02-21T14:33:00","date_gmt":"2021-02-21T14:33:00","guid":{"rendered":"https:\/\/www.autonvaraosahaku.fi\/?product=ridex-508r0083-jaahdyttimen-tuuletin"},"modified":"2021-02-21T14:33:00","modified_gmt":"2021-02-21T14:33:00","slug":"ridex-508r0083-jaahdyttimen-tuuletin","status":"publish","type":"product","link":"https:\/\/www.autonvaraosahaku.fi\/?product=ridex-508r0083-jaahdyttimen-tuuletin","title":{"rendered":"RIDEX 508R0083 J\u00e4\u00e4hdyttimen tuuletin"},"content":{"rendered":"<p>Varusteet: f\u00fcr Fahrzeuge mit Klimaanlage; FORD: FIESTA VI,B-MAX JK,FIESTA VI Van,B-MAX Van; 1525891, 1541276, 1557572, 1843120, 1933768, 2145093, 8V518C607AD, 8V518C607AE, 8V518C607AF, 8V518C607AG, G1B18C607AB; Tuuletin, Moottorin J\u00e4\u00e4hdytys<\/p>\n","protected":false},"excerpt":{"rendered":"<p>RIDEX J\u00e4\u00e4hdyttimen Tuuletin 508R0083 Tuuletin, Moottorin J\u00e4\u00e4hdytys FORD,FIESTA VI,B-MAX JK,FIESTA VI Van,B-MAX Van<\/p>\n","protected":false},"featured_media":0,"template":"","meta":{"site-sidebar-layout":"default","site-content-layout":"default","ast-global-header-display":"","ast-main-header-display":"","ast-hfb-above-header-display":"","ast-hfb-below-header-display":"","ast-hfb-mobile-header-display":"","site-post-title":"","ast-breadcrumbs-content":"","ast-featured-img":"","footer-sml-layout":"","theme-transparent-header-meta":"","adv-header-id-meta":"","stick-header-meta":"","header-above-stick-meta":"","header-main-stick-meta":"","header-below-stick-meta":""},"pwb-brand":[157],"product_cat":[313],"product_tag":[],"class_list":{"0":"post-18239","1":"product","2":"type-product","3":"status-publish","5":"pwb-brand-ridex","6":"product_cat-jaahdyttimen-tuuletin","7":"desktop-align-left","8":"tablet-align-left","9":"mobile-align-left","11":"first","12":"instock","13":"product-type-external"},"brands":[{"id":157,"name":"RIDEX","slug":"ridex"}],"_links":{"self":[{"href":"https:\/\/www.autonvaraosahaku.fi\/index.php?rest_route=\/wp\/v2\/product\/18239","targetHints":{"allow":["GET"]}}],"collection":[{"href":"https:\/\/www.autonvaraosahaku.fi\/index.php?rest_route=\/wp\/v2\/product"}],"about":[{"href":"https:\/\/www.autonvaraosahaku.fi\/index.php?rest_route=\/wp\/v2\/types\/product"}],"wp:attachment":[{"href":"https:\/\/www.autonvaraosahaku.fi\/index.php?rest_route=%2Fwp%2Fv2%2Fmedia&parent=18239"}],"wp:term":[{"taxonomy":"pwb-brand","embeddable":true,"href":"https:\/\/www.autonvaraosahaku.fi\/index.php?rest_route=%2Fwp%2Fv2%2Fpwb-brand&post=18239"},{"taxonomy":"product_cat","embeddable":true,"href":"https:\/\/www.autonvaraosahaku.fi\/index.php?rest_route=%2Fwp%2Fv2%2Fproduct_cat&post=18239"},{"taxonomy":"product_tag","embeddable":true,"href":"https:\/\/www.autonvaraosahaku.fi\/index.php?rest_route=%2Fwp%2Fv2%2Fproduct_tag&post=18239"}],"curies":[{"name":"wp","href":"https:\/\/api.w.org\/{rel}","templated":true}]}}