{"id":18260,"date":"2021-02-21T14:33:04","date_gmt":"2021-02-21T14:33:04","guid":{"rendered":"https:\/\/www.autonvaraosahaku.fi\/?product=ridex-1373d0003-ovenkahva"},"modified":"2021-02-21T14:33:04","modified_gmt":"2021-02-21T14:33:04","slug":"ridex-1373d0003-ovenkahva","status":"publish","type":"product","link":"https:\/\/www.autonvaraosahaku.fi\/?product=ridex-1373d0003-ovenkahva","title":{"rendered":"RIDEX 1373D0003 Ovenkahva"},"content":{"rendered":"<p>Asennuspuoli: Vasen; Paino [kg]: 0,232; Tarvittava kappalem\u00e4\u00e4r\u00e4: 1; Moottorinumero: NZ; VW: GOLF II 19E, 1G1,GOLF I Cabriolet 155,POLO 86C, 80,POLO Coupe 86C, 80,SCIROCCO 53B,GOLF I 17,CADDY I 14,JETTA II 19E, 1G2, 165,PASSAT Variant 32B,POLO CLASSIC 86C, 80,PASSAT 32B,SCIROCCO 53,JETTA I 16,DERBY 86C, 80,POLO Kasten 86CF,PASSAT Stufenheck 32B,SANTANA 32B; 191837205, 191837205A, 321837205C; Liukuoven Kahva,Oven Kahva<\/p>\n","protected":false},"excerpt":{"rendered":"<p>RIDEX Ovenkahva 1373D0003 Liukuoven Kahva,Oven Kahva VW,GOLF II 19E, 1G1,GOLF I Cabriolet 155,POLO 86C, 80,POLO Coupe 86C, 80,SCIROCCO 53B,GOLF I 17<\/p>\n","protected":false},"featured_media":0,"template":"","meta":{"site-sidebar-layout":"default","site-content-layout":"default","ast-global-header-display":"","ast-main-header-display":"","ast-hfb-above-header-display":"","ast-hfb-below-header-display":"","ast-hfb-mobile-header-display":"","site-post-title":"","ast-breadcrumbs-content":"","ast-featured-img":"","footer-sml-layout":"","theme-transparent-header-meta":"","adv-header-id-meta":"","stick-header-meta":"","header-above-stick-meta":"","header-main-stick-meta":"","header-below-stick-meta":""},"pwb-brand":[157],"product_cat":[241],"product_tag":[],"class_list":{"0":"post-18260","1":"product","2":"type-product","3":"status-publish","5":"pwb-brand-ridex","6":"product_cat-ovenkahva","7":"desktop-align-left","8":"tablet-align-left","9":"mobile-align-left","11":"first","12":"instock","13":"product-type-external"},"brands":[{"id":157,"name":"RIDEX","slug":"ridex"}],"_links":{"self":[{"href":"https:\/\/www.autonvaraosahaku.fi\/index.php?rest_route=\/wp\/v2\/product\/18260","targetHints":{"allow":["GET"]}}],"collection":[{"href":"https:\/\/www.autonvaraosahaku.fi\/index.php?rest_route=\/wp\/v2\/product"}],"about":[{"href":"https:\/\/www.autonvaraosahaku.fi\/index.php?rest_route=\/wp\/v2\/types\/product"}],"wp:attachment":[{"href":"https:\/\/www.autonvaraosahaku.fi\/index.php?rest_route=%2Fwp%2Fv2%2Fmedia&parent=18260"}],"wp:term":[{"taxonomy":"pwb-brand","embeddable":true,"href":"https:\/\/www.autonvaraosahaku.fi\/index.php?rest_route=%2Fwp%2Fv2%2Fpwb-brand&post=18260"},{"taxonomy":"product_cat","embeddable":true,"href":"https:\/\/www.autonvaraosahaku.fi\/index.php?rest_route=%2Fwp%2Fv2%2Fproduct_cat&post=18260"},{"taxonomy":"product_tag","embeddable":true,"href":"https:\/\/www.autonvaraosahaku.fi\/index.php?rest_route=%2Fwp%2Fv2%2Fproduct_tag&post=18260"}],"curies":[{"name":"wp","href":"https:\/\/api.w.org\/{rel}","templated":true}]}}