{"id":18261,"date":"2021-02-21T14:33:04","date_gmt":"2021-02-21T14:33:04","guid":{"rendered":"https:\/\/www.autonvaraosahaku.fi\/?product=alanko-11440469-starttimoottori"},"modified":"2021-02-21T14:33:04","modified_gmt":"2021-02-21T14:33:04","slug":"alanko-11440469-starttimoottori","status":"publish","type":"product","link":"https:\/\/www.autonvaraosahaku.fi\/?product=alanko-11440469-starttimoottori","title":{"rendered":"ALANKO 11440469 Starttimoottori"},"content":{"rendered":"<p>J\u00e4nnite (V): 12; K\u00e4ynnistinmoottori teho (kW): 1,1; Hammasluku: 10; Kiinnitysreikien lukum\u00e4\u00e4r\u00e4: 4, 4; kierrereiki\u00e4 [kpl]: 4; Laippa \u00d8(mm): 66; Pistokemallin tunnus: B+(M8)\/50(Jet), Plug; Py\u00f6rimissuunta: Py\u00f6rimissuunta my\u00f6t\u00e4p\u00e4iv\u00e4\u00e4n; M\u00e4\u00e4r\u00e4yksikk\u00f6: Kappale; Vaihto-osa: ; Valmistusvuosi alkaen: 01\/1984; VW: TRANSPORTER I Kasten 21, 23; VOLVO: 480 E,440 K 445,460 L 464,340-360 343, 345,340-360 Stufenheck 344; RENAULT: CLIO II BB0\/1\/2_, CB0\/1\/2_,KANGOO KC0\/1_,ESPACE III JE0_,MEGANE Scenic JA0\/1_,MEGANE I BA0\/1_,KANGOO Express FC0\/1_,MEGANE I Grandtour KA0\/1_,MEGANE I Cabriolet EA0\/1_,LAGUNA I B56_, 556_,CLIO I B\/C57_, 5\/357_,LAGUNA I Grandtour K56_,MEGANE I Classic LA0\/1_,MASTER II Pritsche\/Fahrgestell ED\/HD\/UD,MEGANE I Coach DA0\/1_,19 II B\/C53_,19 II Cabriolet D53_, 853_,SUPER 5 B\/C40_,5 122_,RAPID Kasten F40_, G40_,19 I B\/C53_,TRAFIC Kasten TXX,9 L42_,TRAFIC Bus TXW,19 II Chamade L53_,11 B\/C37_,21 Stufenheck L48_,19 I Chamade L53_,THALIA I LB0\/1\/2_,TRAFIC Kasten T1, T3, T4,CLIO I Kasten S57_,19 I Cabriolet D53_,TRAFIC Bus T5, T6, T7,11 Kasten S37_,SPORT SPIDER EF0_,21 Kombi K48_,21 B48_,19 II Kasten S53_,TRAFIC Pritsche\/Fahrgestell P6,19 I Kasten S53_,TRAFIC Pritsche\/Fahrgestell PXX,21 Kasten S48_,SUPER 5 Kasten S40_; M002T48381, M003T32985, M003T32986, M2T48381, M3T32985, M3T32986, M3T32988, M3T32989, 7700100647, 7700273783, 7700703490, 7700758217, 7700796488, 7700853827, 7700854954, 7700854955, 7700860915, 7700865719, 7700871057, 7701351027, 7701351390, 7701351772, 7701352049, 7701352050, 7701352350, 7701499247, 7701499482, 7701853827, 7709758174, 7711134260, 3412455, 3430012; Startti,K\u00e4ynnistinmoottori<\/p>\n","protected":false},"excerpt":{"rendered":"<p>ALANKO Starttimoottori 11440469 Startti,K\u00e4ynnistinmoottori VW,VOLVO,RENAULT,TRANSPORTER I Kasten 21, 23,480 E,440 K 445,460 L 464,340-360 343, 345<\/p>\n","protected":false},"featured_media":0,"template":"","meta":{"site-sidebar-layout":"default","site-content-layout":"default","ast-global-header-display":"","ast-main-header-display":"","ast-hfb-above-header-display":"","ast-hfb-below-header-display":"","ast-hfb-mobile-header-display":"","site-post-title":"","ast-breadcrumbs-content":"","ast-featured-img":"","footer-sml-layout":"","theme-transparent-header-meta":"","adv-header-id-meta":"","stick-header-meta":"","header-above-stick-meta":"","header-main-stick-meta":"","header-below-stick-meta":""},"pwb-brand":[324],"product_cat":[295],"product_tag":[],"class_list":{"0":"post-18261","1":"product","2":"type-product","3":"status-publish","5":"pwb-brand-alanko","6":"product_cat-starttimoottori","7":"desktop-align-left","8":"tablet-align-left","9":"mobile-align-left","11":"first","12":"instock","13":"product-type-external"},"brands":[{"id":324,"name":"ALANKO","slug":"alanko"}],"_links":{"self":[{"href":"https:\/\/www.autonvaraosahaku.fi\/index.php?rest_route=\/wp\/v2\/product\/18261","targetHints":{"allow":["GET"]}}],"collection":[{"href":"https:\/\/www.autonvaraosahaku.fi\/index.php?rest_route=\/wp\/v2\/product"}],"about":[{"href":"https:\/\/www.autonvaraosahaku.fi\/index.php?rest_route=\/wp\/v2\/types\/product"}],"wp:attachment":[{"href":"https:\/\/www.autonvaraosahaku.fi\/index.php?rest_route=%2Fwp%2Fv2%2Fmedia&parent=18261"}],"wp:term":[{"taxonomy":"pwb-brand","embeddable":true,"href":"https:\/\/www.autonvaraosahaku.fi\/index.php?rest_route=%2Fwp%2Fv2%2Fpwb-brand&post=18261"},{"taxonomy":"product_cat","embeddable":true,"href":"https:\/\/www.autonvaraosahaku.fi\/index.php?rest_route=%2Fwp%2Fv2%2Fproduct_cat&post=18261"},{"taxonomy":"product_tag","embeddable":true,"href":"https:\/\/www.autonvaraosahaku.fi\/index.php?rest_route=%2Fwp%2Fv2%2Fproduct_tag&post=18261"}],"curies":[{"name":"wp","href":"https:\/\/api.w.org\/{rel}","templated":true}]}}