{"id":18274,"date":"2021-02-21T14:33:04","date_gmt":"2021-02-21T14:33:04","guid":{"rendered":"https:\/\/www.autonvaraosahaku.fi\/?product=era-770036a-polttoainepumppu"},"modified":"2021-02-21T14:33:06","modified_gmt":"2021-02-21T14:33:06","slug":"era-770036a-polttoainepumppu","status":"publish","type":"product","link":"https:\/\/www.autonvaraosahaku.fi\/?product=era-770036a-polttoainepumppu","title":{"rendered":"ERA 770036A Polttoainepumppu"},"content":{"rendered":"<p>Paino [kg]: 0,526; Paine (bar): 5; K\u00e4ytt\u00f6: S\u00e4hk\u00f6inen; Liittimi\u00e4: 2; Siirtom\u00e4\u00e4r\u00e4 (l\/h): 120; BMW: 3 E46,3 Touring E46,3 Compact E46,3 Coupe E46,X5 E53,3 Cabriolet E46; LAND ROVER: FREELANDER LN,RANGE ROVER III LM; ROVER: 75 Tourer RJ; OPEL: OMEGA B Caravan 21_, 22_, 23_,OMEGA B 25_, 26_, 27_; 1184633, 16126755930, 16144028194, 16146676383, 16146751867, 16146755456, 16146757305, 16146767383, 16147162000, 16147165590, 4028194, 4349702, 4349709, 4361223, 4361224, 6750601, 6750603, 6755930, 6756000, 6756157, 6757305, 6757530, 6757531, 6757607, 6757702, 6758498, 6758525, 6760934, 7162003, 7162004, 7165641, 7165642, 6750016, WFX000181, WFX500210, WOB100481, 09266245<\/p>\n","protected":false},"excerpt":{"rendered":"<p>ERA Polttoainepumppu 770036A  BMW,LAND ROVER,ROVER,3 E46,3 Touring E46,3 Compact E46,3 Coupe E46,X5 E53,3 Cabriolet E46,FREELANDER LN<\/p>\n","protected":false},"featured_media":0,"template":"","meta":{"site-sidebar-layout":"default","site-content-layout":"default","ast-global-header-display":"","ast-main-header-display":"","ast-hfb-above-header-display":"","ast-hfb-below-header-display":"","ast-hfb-mobile-header-display":"","site-post-title":"","ast-breadcrumbs-content":"","ast-featured-img":"","footer-sml-layout":"","theme-transparent-header-meta":"","adv-header-id-meta":"","stick-header-meta":"","header-above-stick-meta":"","header-main-stick-meta":"","header-below-stick-meta":""},"pwb-brand":[64],"product_cat":[73],"product_tag":[],"class_list":{"0":"post-18274","1":"product","2":"type-product","3":"status-publish","5":"pwb-brand-era","6":"product_cat-polttoainepumppu","7":"desktop-align-left","8":"tablet-align-left","9":"mobile-align-left","11":"first","12":"instock","13":"product-type-external"},"brands":[{"id":64,"name":"ERA","slug":"era"}],"_links":{"self":[{"href":"https:\/\/www.autonvaraosahaku.fi\/index.php?rest_route=\/wp\/v2\/product\/18274","targetHints":{"allow":["GET"]}}],"collection":[{"href":"https:\/\/www.autonvaraosahaku.fi\/index.php?rest_route=\/wp\/v2\/product"}],"about":[{"href":"https:\/\/www.autonvaraosahaku.fi\/index.php?rest_route=\/wp\/v2\/types\/product"}],"wp:attachment":[{"href":"https:\/\/www.autonvaraosahaku.fi\/index.php?rest_route=%2Fwp%2Fv2%2Fmedia&parent=18274"}],"wp:term":[{"taxonomy":"pwb-brand","embeddable":true,"href":"https:\/\/www.autonvaraosahaku.fi\/index.php?rest_route=%2Fwp%2Fv2%2Fpwb-brand&post=18274"},{"taxonomy":"product_cat","embeddable":true,"href":"https:\/\/www.autonvaraosahaku.fi\/index.php?rest_route=%2Fwp%2Fv2%2Fproduct_cat&post=18274"},{"taxonomy":"product_tag","embeddable":true,"href":"https:\/\/www.autonvaraosahaku.fi\/index.php?rest_route=%2Fwp%2Fv2%2Fproduct_tag&post=18274"}],"curies":[{"name":"wp","href":"https:\/\/api.w.org\/{rel}","templated":true}]}}