{"id":18296,"date":"2021-02-21T14:33:08","date_gmt":"2021-02-21T14:33:08","guid":{"rendered":"https:\/\/www.autonvaraosahaku.fi\/?product=ridex-508r0111-jaahdyttimen-tuuletin"},"modified":"2021-02-21T14:33:10","modified_gmt":"2021-02-21T14:33:10","slug":"ridex-508r0111-jaahdyttimen-tuuletin","status":"publish","type":"product","link":"https:\/\/www.autonvaraosahaku.fi\/?product=ridex-508r0111-jaahdyttimen-tuuletin","title":{"rendered":"RIDEX 508R0111 J\u00e4\u00e4hdyttimen tuuletin"},"content":{"rendered":"<p>Varusteet: Autoihin ilman ilmastointilaitetta; Nimellisteho (W): 130; Nimellisj\u00e4nnite (V): 12; RENAULT: CLIO I B\/C57_, 5\/357_,ESPACE II J\/S63_,19 II B\/C53_,19 II Cabriolet D53_, 853_,SUPER 5 B\/C40_,RAPID Kasten F40_, G40_,19 I B\/C53_,19 II Chamade L53_,21 Stufenheck L48_,25 B29_,MASTER I Kasten T__,21 Kombi K48_,MASTER I Bus T__,MASTER I Pritsche\/Fahrgestell P__,SUPER 5 Kasten S40_; 7700696488, 7700728083, 7700752027, 7700756582, 7700757924, 7700769131, 7700828623, 7700828623; Tuuletin, Moottorin J\u00e4\u00e4hdytys<\/p>\n","protected":false},"excerpt":{"rendered":"<p>RIDEX J\u00e4\u00e4hdyttimen Tuuletin BEHR HELLA SERVICE 508R0111 Tuuletin, Moottorin J\u00e4\u00e4hdytys RENAULT,CLIO I B\/C57_, 5\/357_,ESPACE II J\/S63_,19 II B\/C53_<\/p>\n","protected":false},"featured_media":0,"template":"","meta":{"site-sidebar-layout":"default","site-content-layout":"default","ast-global-header-display":"","ast-main-header-display":"","ast-hfb-above-header-display":"","ast-hfb-below-header-display":"","ast-hfb-mobile-header-display":"","site-post-title":"","ast-breadcrumbs-content":"","ast-featured-img":"","footer-sml-layout":"","theme-transparent-header-meta":"","adv-header-id-meta":"","stick-header-meta":"","header-above-stick-meta":"","header-main-stick-meta":"","header-below-stick-meta":""},"pwb-brand":[157],"product_cat":[313],"product_tag":[],"class_list":{"0":"post-18296","1":"product","2":"type-product","3":"status-publish","5":"pwb-brand-ridex","6":"product_cat-jaahdyttimen-tuuletin","7":"desktop-align-left","8":"tablet-align-left","9":"mobile-align-left","11":"first","12":"instock","13":"product-type-external"},"brands":[{"id":157,"name":"RIDEX","slug":"ridex"}],"_links":{"self":[{"href":"https:\/\/www.autonvaraosahaku.fi\/index.php?rest_route=\/wp\/v2\/product\/18296","targetHints":{"allow":["GET"]}}],"collection":[{"href":"https:\/\/www.autonvaraosahaku.fi\/index.php?rest_route=\/wp\/v2\/product"}],"about":[{"href":"https:\/\/www.autonvaraosahaku.fi\/index.php?rest_route=\/wp\/v2\/types\/product"}],"wp:attachment":[{"href":"https:\/\/www.autonvaraosahaku.fi\/index.php?rest_route=%2Fwp%2Fv2%2Fmedia&parent=18296"}],"wp:term":[{"taxonomy":"pwb-brand","embeddable":true,"href":"https:\/\/www.autonvaraosahaku.fi\/index.php?rest_route=%2Fwp%2Fv2%2Fpwb-brand&post=18296"},{"taxonomy":"product_cat","embeddable":true,"href":"https:\/\/www.autonvaraosahaku.fi\/index.php?rest_route=%2Fwp%2Fv2%2Fproduct_cat&post=18296"},{"taxonomy":"product_tag","embeddable":true,"href":"https:\/\/www.autonvaraosahaku.fi\/index.php?rest_route=%2Fwp%2Fv2%2Fproduct_tag&post=18296"}],"curies":[{"name":"wp","href":"https:\/\/api.w.org\/{rel}","templated":true}]}}