{"id":18317,"date":"2021-02-21T14:33:11","date_gmt":"2021-02-21T14:33:11","guid":{"rendered":"https:\/\/www.autonvaraosahaku.fi\/?product=hella-8eh-188-704-251-sytytystulpat"},"modified":"2021-02-21T14:33:13","modified_gmt":"2021-02-21T14:33:13","slug":"hella-8eh-188-704-251-sytytystulpat","status":"publish","type":"product","link":"https:\/\/www.autonvaraosahaku.fi\/?product=hella-8eh-188-704-251-sytytystulpat","title":{"rendered":"HELLA 8EH 188 704-251 Sytytystulpat"},"content":{"rendered":"<p>Kiristysmomentti: 20; K\u00e4rkiv\u00e4li (mm): 0,8; Kierteen pituus (mm): 17,5; Ulkokierre [mm]: 14; Avainv\u00e4li: 16; Sytytystulppa: 1-maaelektroodi; TECDOC-moottorinumero: 1206; VOLVO: 760 704, 764,760 Kombi 704, 765,260 P262, P264,260 Kombi P265,780; LANCIA: THEMA 834; FORD: FIESTA IV JA_, JB_,FIESTA III GFJ,ESCORT VII GAL, AAL, ABL,SIERRA GBG, GB4,SCORPIO II GFR, GGR,SIERRA Schr\u00e4gheck GBC, GBG,FIESTA I GFBT,ESCORT IV GAF, AWF, ABFT,FIESTA II FBD,SCORPIO I GAE, GGE,ESCORT III GAA,SCORPIO II Kombi GNR, GGR,SCORPIO I Stufenheck GGE,SIERRA Kombi BNG,FIESTA Kasten F3L, F5L,SCORPIO I Kombi GGE,FIESTA Kasten FVD,ORION II AFF,ESCORT IV Kombi AWF, AVF,ESCORT &#8217;86 Express AVF,ESCORT &#8217;91 Express AVL,FIESTA Kasten WFVT,ESCORT III Kombi AWA,ESCORT &#8217;81 Express AVA; RENAULT: 25 B29_; 7910247204, 5099766, 7700266295, 7700267140, 7700714540; Tulpat,Sytytystulppa<\/p>\n","protected":false},"excerpt":{"rendered":"<p>HELLA Sytytystulpat Energy Pro 8EH 188 704-251 Tulpat,Sytytystulppa VOLVO,LANCIA,FORD,760 704, 764,760 Kombi 704, 765,260 P262, P264,260 Kombi P265<\/p>\n","protected":false},"featured_media":0,"template":"","meta":{"site-sidebar-layout":"default","site-content-layout":"default","ast-global-header-display":"","ast-main-header-display":"","ast-hfb-above-header-display":"","ast-hfb-below-header-display":"","ast-hfb-mobile-header-display":"","site-post-title":"","ast-breadcrumbs-content":"","ast-featured-img":"","footer-sml-layout":"","theme-transparent-header-meta":"","adv-header-id-meta":"","stick-header-meta":"","header-above-stick-meta":"","header-main-stick-meta":"","header-below-stick-meta":""},"pwb-brand":[24],"product_cat":[165],"product_tag":[],"class_list":{"0":"post-18317","1":"product","2":"type-product","3":"status-publish","5":"pwb-brand-hella","6":"product_cat-sytytystulpat","7":"desktop-align-left","8":"tablet-align-left","9":"mobile-align-left","11":"first","12":"instock","13":"product-type-external"},"brands":[{"id":24,"name":"HELLA","slug":"hella"}],"_links":{"self":[{"href":"https:\/\/www.autonvaraosahaku.fi\/index.php?rest_route=\/wp\/v2\/product\/18317","targetHints":{"allow":["GET"]}}],"collection":[{"href":"https:\/\/www.autonvaraosahaku.fi\/index.php?rest_route=\/wp\/v2\/product"}],"about":[{"href":"https:\/\/www.autonvaraosahaku.fi\/index.php?rest_route=\/wp\/v2\/types\/product"}],"wp:attachment":[{"href":"https:\/\/www.autonvaraosahaku.fi\/index.php?rest_route=%2Fwp%2Fv2%2Fmedia&parent=18317"}],"wp:term":[{"taxonomy":"pwb-brand","embeddable":true,"href":"https:\/\/www.autonvaraosahaku.fi\/index.php?rest_route=%2Fwp%2Fv2%2Fpwb-brand&post=18317"},{"taxonomy":"product_cat","embeddable":true,"href":"https:\/\/www.autonvaraosahaku.fi\/index.php?rest_route=%2Fwp%2Fv2%2Fproduct_cat&post=18317"},{"taxonomy":"product_tag","embeddable":true,"href":"https:\/\/www.autonvaraosahaku.fi\/index.php?rest_route=%2Fwp%2Fv2%2Fproduct_tag&post=18317"}],"curies":[{"name":"wp","href":"https:\/\/api.w.org\/{rel}","templated":true}]}}