{"id":18320,"date":"2021-02-21T14:33:15","date_gmt":"2021-02-21T14:33:15","guid":{"rendered":"https:\/\/www.autonvaraosahaku.fi\/?product=arnott-a-2790-muut-luokat"},"modified":"2021-02-21T14:33:15","modified_gmt":"2021-02-21T14:33:15","slug":"arnott-a-2790-muut-luokat","status":"publish","type":"product","link":"https:\/\/www.autonvaraosahaku.fi\/?product=arnott-a-2790-muut-luokat","title":{"rendered":"Arnott A-2790 Muut luokat"},"content":{"rendered":"<p>Jousitusmalli: Ajoneuvoihin, joissa ilmajousitus; Jousimalli: Ilmajousi; Jarru-\/ajodynamiikka: ajoneuvoille Airmatic DC:ll\u00e4, ajoneuvoille ilman Airmatic DC:t\u00e4; Asennuspuoli: Taakse, oikea; Pakkauspituus [cm]: 37; Pakkausleveys [cm]: 18,5; Pakkauskorkeus [mm]: 18,5; Paino [kg]: 2; Nettopaino [kg]: 1,7; valmistusmaa: Alankomaat; parilliset tuotenumerot: A-2791; Iskunvaimennin asennustapa: Silta ylh\u00e4\u00e4ll\u00e4, Silta alhaalla; MERCEDES-BENZ: E-CLASS W212,E-CLASS T-Model S212,CLS C218,CLS Shooting Brake X218; 2123200825, 2123203825, 2123204025, 2123204425, A2123200825, A2123203825, A2123204025, A2123204425<\/p>\n","protected":false},"excerpt":{"rendered":"<p>Arnott Ilmajousi, Jousitus A-2790  MERCEDES-BENZ,E-CLASS W212,E-CLASS T-Model S212,CLS C218,CLS Shooting Brake X218<\/p>\n","protected":false},"featured_media":0,"template":"","meta":{"site-sidebar-layout":"default","site-content-layout":"default","ast-global-header-display":"","ast-main-header-display":"","ast-hfb-above-header-display":"","ast-hfb-below-header-display":"","ast-hfb-mobile-header-display":"","site-post-title":"","ast-breadcrumbs-content":"","ast-featured-img":"","footer-sml-layout":"","theme-transparent-header-meta":"","adv-header-id-meta":"","stick-header-meta":"","header-above-stick-meta":"","header-main-stick-meta":"","header-below-stick-meta":""},"pwb-brand":[401],"product_cat":[37],"product_tag":[],"class_list":{"0":"post-18320","1":"product","2":"type-product","3":"status-publish","5":"pwb-brand-arnott","6":"product_cat-muut-luokat","7":"desktop-align-left","8":"tablet-align-left","9":"mobile-align-left","11":"first","12":"instock","13":"product-type-external"},"brands":[{"id":401,"name":"Arnott","slug":"arnott"}],"_links":{"self":[{"href":"https:\/\/www.autonvaraosahaku.fi\/index.php?rest_route=\/wp\/v2\/product\/18320","targetHints":{"allow":["GET"]}}],"collection":[{"href":"https:\/\/www.autonvaraosahaku.fi\/index.php?rest_route=\/wp\/v2\/product"}],"about":[{"href":"https:\/\/www.autonvaraosahaku.fi\/index.php?rest_route=\/wp\/v2\/types\/product"}],"wp:attachment":[{"href":"https:\/\/www.autonvaraosahaku.fi\/index.php?rest_route=%2Fwp%2Fv2%2Fmedia&parent=18320"}],"wp:term":[{"taxonomy":"pwb-brand","embeddable":true,"href":"https:\/\/www.autonvaraosahaku.fi\/index.php?rest_route=%2Fwp%2Fv2%2Fpwb-brand&post=18320"},{"taxonomy":"product_cat","embeddable":true,"href":"https:\/\/www.autonvaraosahaku.fi\/index.php?rest_route=%2Fwp%2Fv2%2Fproduct_cat&post=18320"},{"taxonomy":"product_tag","embeddable":true,"href":"https:\/\/www.autonvaraosahaku.fi\/index.php?rest_route=%2Fwp%2Fv2%2Fproduct_tag&post=18320"}],"curies":[{"name":"wp","href":"https:\/\/api.w.org\/{rel}","templated":true}]}}