{"id":18321,"date":"2021-02-21T14:33:15","date_gmt":"2021-02-21T14:33:15","guid":{"rendered":"https:\/\/www.autonvaraosahaku.fi\/?product=snr-kdp469-140-vesipumppu-jakohihnasarja"},"modified":"2021-02-21T14:33:15","modified_gmt":"2021-02-21T14:33:15","slug":"snr-kdp469-140-vesipumppu-jakohihnasarja","status":"publish","type":"product","link":"https:\/\/www.autonvaraosahaku.fi\/?product=snr-kdp469-140-vesipumppu-jakohihnasarja","title":{"rendered":"SNR KDP469.140 Vesipumppu + jakohihnasarja"},"content":{"rendered":"<p>Hampaita 1: 178; Hihnojen m\u00e4\u00e4r\u00e4: 1; Paino [g]: 3352; Leveys 1 (mm): 25; Valmistusvuoteen: 01\/2003; TOYOTA: COROLLA Verso ZER_, ZZE12_, R1_,RAV 4 II CLA2_, XA2_, ZCA2_, ACA2_,COROLLA ZZE12_, NDE12_, ZDE12_,COROLLA Kombi _E12J_, _E12T_,AVENSIS _T22_,COROLLA Liftback _E11_,COROLLA Compact _E11_,AVENSIS Station Wagon _T22_,COROLLA Verso ZDE12_, CDE12_,PREVIA MCR3_, ACR3_, CLR3_,COROLLA Stufenheck _E12J_, _E12T_,AVENSIS Liftback _T22_,AVENSIS VERSO _CLM2_, _ACM2_,COROLLA _E11_,COROLLA Wagon __E11_; 1610029135<\/p>\n","protected":false},"excerpt":{"rendered":"<p>SNR Vesipumppu + Jakohihnasarja KDP469.140  TOYOTA,COROLLA Verso ZER_, ZZE12_, R1_,RAV 4 II CLA2_, XA2_, ZCA2_, ACA2_,COROLLA ZZE12_, NDE12_, ZDE12_<\/p>\n","protected":false},"featured_media":0,"template":"","meta":{"site-sidebar-layout":"default","site-content-layout":"default","ast-global-header-display":"","ast-main-header-display":"","ast-hfb-above-header-display":"","ast-hfb-below-header-display":"","ast-hfb-mobile-header-display":"","site-post-title":"","ast-breadcrumbs-content":"","ast-featured-img":"","footer-sml-layout":"","theme-transparent-header-meta":"","adv-header-id-meta":"","stick-header-meta":"","header-above-stick-meta":"","header-main-stick-meta":"","header-below-stick-meta":""},"pwb-brand":[342],"product_cat":[321],"product_tag":[],"class_list":{"0":"post-18321","1":"product","2":"type-product","3":"status-publish","5":"pwb-brand-snr","6":"product_cat-vesipumppu-jakohihnasarja","7":"desktop-align-left","8":"tablet-align-left","9":"mobile-align-left","11":"first","12":"instock","13":"product-type-external"},"brands":[{"id":342,"name":"SNR","slug":"snr"}],"_links":{"self":[{"href":"https:\/\/www.autonvaraosahaku.fi\/index.php?rest_route=\/wp\/v2\/product\/18321","targetHints":{"allow":["GET"]}}],"collection":[{"href":"https:\/\/www.autonvaraosahaku.fi\/index.php?rest_route=\/wp\/v2\/product"}],"about":[{"href":"https:\/\/www.autonvaraosahaku.fi\/index.php?rest_route=\/wp\/v2\/types\/product"}],"wp:attachment":[{"href":"https:\/\/www.autonvaraosahaku.fi\/index.php?rest_route=%2Fwp%2Fv2%2Fmedia&parent=18321"}],"wp:term":[{"taxonomy":"pwb-brand","embeddable":true,"href":"https:\/\/www.autonvaraosahaku.fi\/index.php?rest_route=%2Fwp%2Fv2%2Fpwb-brand&post=18321"},{"taxonomy":"product_cat","embeddable":true,"href":"https:\/\/www.autonvaraosahaku.fi\/index.php?rest_route=%2Fwp%2Fv2%2Fproduct_cat&post=18321"},{"taxonomy":"product_tag","embeddable":true,"href":"https:\/\/www.autonvaraosahaku.fi\/index.php?rest_route=%2Fwp%2Fv2%2Fproduct_tag&post=18321"}],"curies":[{"name":"wp","href":"https:\/\/api.w.org\/{rel}","templated":true}]}}