{"id":18323,"date":"2021-02-21T14:33:15","date_gmt":"2021-02-21T14:33:15","guid":{"rendered":"https:\/\/www.autonvaraosahaku.fi\/?product=febest-msb-v75upr-taka-akselin-puslat"},"modified":"2021-02-21T14:33:16","modified_gmt":"2021-02-21T14:33:16","slug":"febest-msb-v75upr-taka-akselin-puslat","status":"publish","type":"product","link":"https:\/\/www.autonvaraosahaku.fi\/?product=febest-msb-v75upr-taka-akselin-puslat","title":{"rendered":"FEBEST MSB-V75UPR Taka-akselin puslat"},"content":{"rendered":"<p>Asennuspuoli: Alla; Paino [kg]: 0,035; Pakkauspituus [cm]: 5,2; Pakkausleveys [cm]: 5,2; Pakkauskorkeus [mm]: 2,2; Valmistuspaiv\u00e4m\u00e4\u00e4r\u00e4\u00e4n: 199705; MITSUBISHI: PAJERO PININ H6_W, H7_W,PAJERO III V7_W, V6_W,PAJERO IV V8_W, V9_W,L 200 K7_T, K6_T,PAJERO SPORT K90,L 400 \/ SPACE GEAR Bus PD_W, PC_W, PA_V, PB_V,PAJERO III Gel\u00e4ndewagen offen V6_W, V7_W,L 400 Kasten PD_W, PC_W, PB_V, PA_W, PA_V; 2910A065, MR132701; Apurungon Puslat,Akselinripustus<\/p>\n","protected":false},"excerpt":{"rendered":"<p>FEBEST Taka-akselin Puslat MSB-V75UPR Apurungon Puslat,Akselinripustus MITSUBISHI,PAJERO PININ H6_W, H7_W,PAJERO III V7_W, V6_W,PAJERO IV V8_W, V9_W<\/p>\n","protected":false},"featured_media":0,"template":"","meta":{"site-sidebar-layout":"default","site-content-layout":"default","ast-global-header-display":"","ast-main-header-display":"","ast-hfb-above-header-display":"","ast-hfb-below-header-display":"","ast-hfb-mobile-header-display":"","site-post-title":"","ast-breadcrumbs-content":"","ast-featured-img":"","footer-sml-layout":"","theme-transparent-header-meta":"","adv-header-id-meta":"","stick-header-meta":"","header-above-stick-meta":"","header-main-stick-meta":"","header-below-stick-meta":""},"pwb-brand":[152],"product_cat":[156],"product_tag":[],"class_list":{"0":"post-18323","1":"product","2":"type-product","3":"status-publish","5":"pwb-brand-febest","6":"product_cat-taka-akselin-puslat","7":"desktop-align-left","8":"tablet-align-left","9":"mobile-align-left","11":"first","12":"instock","13":"product-type-external"},"brands":[{"id":152,"name":"FEBEST","slug":"febest"}],"_links":{"self":[{"href":"https:\/\/www.autonvaraosahaku.fi\/index.php?rest_route=\/wp\/v2\/product\/18323","targetHints":{"allow":["GET"]}}],"collection":[{"href":"https:\/\/www.autonvaraosahaku.fi\/index.php?rest_route=\/wp\/v2\/product"}],"about":[{"href":"https:\/\/www.autonvaraosahaku.fi\/index.php?rest_route=\/wp\/v2\/types\/product"}],"wp:attachment":[{"href":"https:\/\/www.autonvaraosahaku.fi\/index.php?rest_route=%2Fwp%2Fv2%2Fmedia&parent=18323"}],"wp:term":[{"taxonomy":"pwb-brand","embeddable":true,"href":"https:\/\/www.autonvaraosahaku.fi\/index.php?rest_route=%2Fwp%2Fv2%2Fpwb-brand&post=18323"},{"taxonomy":"product_cat","embeddable":true,"href":"https:\/\/www.autonvaraosahaku.fi\/index.php?rest_route=%2Fwp%2Fv2%2Fproduct_cat&post=18323"},{"taxonomy":"product_tag","embeddable":true,"href":"https:\/\/www.autonvaraosahaku.fi\/index.php?rest_route=%2Fwp%2Fv2%2Fproduct_tag&post=18323"}],"curies":[{"name":"wp","href":"https:\/\/api.w.org\/{rel}","templated":true}]}}