{"id":18331,"date":"2021-02-21T14:33:15","date_gmt":"2021-02-21T14:33:15","guid":{"rendered":"https:\/\/www.autonvaraosahaku.fi\/?product=hella-6px-358-141-141-peruutustutka-anturit"},"modified":"2021-02-21T14:33:16","modified_gmt":"2021-02-21T14:33:16","slug":"hella-6px-358-141-141-peruutustutka-anturit","status":"publish","type":"product","link":"https:\/\/www.autonvaraosahaku.fi\/?product=hella-6px-358-141-141-peruutustutka-anturit","title":{"rendered":"HELLA 6PX 358 141-141 Peruutustutka anturit"},"content":{"rendered":"<p>Napojen m\u00e4\u00e4r\u00e4: 3; Kemialliset ominaisuudet: maalattavissa; Asennusmalli: Liitos; Kopan v\u00e4ri: Norsunluunvalkoinen; Muoto: Kulmikas; Varren muoto: Py\u00f6re\u00e4; Asennuspuoli: beidseitig; BMW: 5 E39,5 E60,5 Touring E61,X3 E83,5 Touring E39,X5 E53,Z4 E85,6 E63,Z4 Coupe E86,6 Cabriolet E64; MINI: MINI R50, R53,MINI Cabriolet R52; 0143462, 0146698, 0306567, 0414194, 2180149, 2240953, 66200143462, 66200146698, 66200306567, 66200414194, 66202180149, 66202240953, 66206907128, 66206989068, 66206989081, 66206989099, 66206989105, 66206989109, 66216911834, 66216938738, 6911834, 6938738, 6989068, 6989099, 6989109; Tunnistin, Et\u00e4isyystunnistin<\/p>\n","protected":false},"excerpt":{"rendered":"<p>HELLA Peruutustutka Anturit 6PX 358 141-141 Tunnistin, Et\u00e4isyystunnistin BMW,MINI,5 E39,5 E60,5 Touring E61,X3 E83,5 Touring E39,X5 E53,Z4 E85,6 E63<\/p>\n","protected":false},"featured_media":0,"template":"","meta":{"site-sidebar-layout":"default","site-content-layout":"default","ast-global-header-display":"","ast-main-header-display":"","ast-hfb-above-header-display":"","ast-hfb-below-header-display":"","ast-hfb-mobile-header-display":"","site-post-title":"","ast-breadcrumbs-content":"","ast-featured-img":"","footer-sml-layout":"","theme-transparent-header-meta":"","adv-header-id-meta":"","stick-header-meta":"","header-above-stick-meta":"","header-main-stick-meta":"","header-below-stick-meta":""},"pwb-brand":[24],"product_cat":[217],"product_tag":[],"class_list":{"0":"post-18331","1":"product","2":"type-product","3":"status-publish","5":"pwb-brand-hella","6":"product_cat-peruutustutka-anturit","7":"desktop-align-left","8":"tablet-align-left","9":"mobile-align-left","11":"first","12":"instock","13":"product-type-external"},"brands":[{"id":24,"name":"HELLA","slug":"hella"}],"_links":{"self":[{"href":"https:\/\/www.autonvaraosahaku.fi\/index.php?rest_route=\/wp\/v2\/product\/18331","targetHints":{"allow":["GET"]}}],"collection":[{"href":"https:\/\/www.autonvaraosahaku.fi\/index.php?rest_route=\/wp\/v2\/product"}],"about":[{"href":"https:\/\/www.autonvaraosahaku.fi\/index.php?rest_route=\/wp\/v2\/types\/product"}],"wp:attachment":[{"href":"https:\/\/www.autonvaraosahaku.fi\/index.php?rest_route=%2Fwp%2Fv2%2Fmedia&parent=18331"}],"wp:term":[{"taxonomy":"pwb-brand","embeddable":true,"href":"https:\/\/www.autonvaraosahaku.fi\/index.php?rest_route=%2Fwp%2Fv2%2Fpwb-brand&post=18331"},{"taxonomy":"product_cat","embeddable":true,"href":"https:\/\/www.autonvaraosahaku.fi\/index.php?rest_route=%2Fwp%2Fv2%2Fproduct_cat&post=18331"},{"taxonomy":"product_tag","embeddable":true,"href":"https:\/\/www.autonvaraosahaku.fi\/index.php?rest_route=%2Fwp%2Fv2%2Fproduct_tag&post=18331"}],"curies":[{"name":"wp","href":"https:\/\/api.w.org\/{rel}","templated":true}]}}