{"id":18423,"date":"2021-02-21T14:33:33","date_gmt":"2021-02-21T14:33:33","guid":{"rendered":"https:\/\/www.autonvaraosahaku.fi\/?product=master-sport-33705-set-ms-alatukivarsi"},"modified":"2021-02-21T14:33:34","modified_gmt":"2021-02-21T14:33:34","slug":"master-sport-33705-set-ms-alatukivarsi","status":"publish","type":"product","link":"https:\/\/www.autonvaraosahaku.fi\/?product=master-sport-33705-set-ms-alatukivarsi","title":{"rendered":"MASTER-SPORT 33705-SET-MS Alatukivarsi"},"content":{"rendered":"<p>Asennuspuoli: Etuakseli, Vasen, Alla; Kartiomitta (mm): 18; Materiaali: Ter\u00e4slevy; Ohjausmalli: Poikittaistukivarsi; parilliset tuotenumerot: 33706-SET-MS; Lukum\u00e4\u00e4r\u00e4 akselille: 1; Nettopaino [kg]: 4,93; Bruttopaino [kg]: 4,98; Alustanumeroon: CH-260; VOLVO: V50 MW,C30,S40 II MS,C70 II Cabriolet; FORD: FOCUS II Kombi DA_,FOCUS II DA_,FOCUS C-MAX,FOCUS II Stufenheck DA_; 1234375, 1254311, 1303149, 1305342, 1309645, 1328381, 1328671, 1332075, 1348192, 1355151, 1362651, 1477860, 1570748, 3M513A424AB, 3M513A424AC, 3M513A424AD, 3M513A424AE, 3M513A424AF, 3M513A424AG, 3M513A424AH, 3M513A424AJ, 4M513A424AA, 4M513A424AB, 4M513A424AC, 4M513A424BA, 4M513A424BB, 30714422, 30748231, 31212979, 31277464; Tukivarsi,Tukivarsi, Py\u00f6r\u00e4ntuenta<\/p>\n","protected":false},"excerpt":{"rendered":"<p>MASTER-SPORT Alatukivarsi 33705-SET-MS Tukivarsi,Tukivarsi, Py\u00f6r\u00e4ntuenta VOLVO,FORD,V50 MW,C30,S40 II MS,C70 II Cabriolet,FOCUS II Kombi DA_<\/p>\n","protected":false},"featured_media":0,"template":"","meta":{"site-sidebar-layout":"default","site-content-layout":"default","ast-global-header-display":"","ast-main-header-display":"","ast-hfb-above-header-display":"","ast-hfb-below-header-display":"","ast-hfb-mobile-header-display":"","site-post-title":"","ast-breadcrumbs-content":"","ast-featured-img":"","footer-sml-layout":"","theme-transparent-header-meta":"","adv-header-id-meta":"","stick-header-meta":"","header-above-stick-meta":"","header-main-stick-meta":"","header-below-stick-meta":""},"pwb-brand":[61],"product_cat":[62],"product_tag":[],"class_list":{"0":"post-18423","1":"product","2":"type-product","3":"status-publish","5":"pwb-brand-master-sport","6":"product_cat-alatukivarsi","7":"desktop-align-left","8":"tablet-align-left","9":"mobile-align-left","11":"first","12":"instock","13":"product-type-external"},"brands":[{"id":61,"name":"MASTER-SPORT","slug":"master-sport"}],"_links":{"self":[{"href":"https:\/\/www.autonvaraosahaku.fi\/index.php?rest_route=\/wp\/v2\/product\/18423","targetHints":{"allow":["GET"]}}],"collection":[{"href":"https:\/\/www.autonvaraosahaku.fi\/index.php?rest_route=\/wp\/v2\/product"}],"about":[{"href":"https:\/\/www.autonvaraosahaku.fi\/index.php?rest_route=\/wp\/v2\/types\/product"}],"wp:attachment":[{"href":"https:\/\/www.autonvaraosahaku.fi\/index.php?rest_route=%2Fwp%2Fv2%2Fmedia&parent=18423"}],"wp:term":[{"taxonomy":"pwb-brand","embeddable":true,"href":"https:\/\/www.autonvaraosahaku.fi\/index.php?rest_route=%2Fwp%2Fv2%2Fpwb-brand&post=18423"},{"taxonomy":"product_cat","embeddable":true,"href":"https:\/\/www.autonvaraosahaku.fi\/index.php?rest_route=%2Fwp%2Fv2%2Fproduct_cat&post=18423"},{"taxonomy":"product_tag","embeddable":true,"href":"https:\/\/www.autonvaraosahaku.fi\/index.php?rest_route=%2Fwp%2Fv2%2Fproduct_tag&post=18423"}],"curies":[{"name":"wp","href":"https:\/\/api.w.org\/{rel}","templated":true}]}}