{"id":18456,"date":"2021-02-21T14:33:37","date_gmt":"2021-02-21T14:33:37","guid":{"rendered":"https:\/\/www.autonvaraosahaku.fi\/?product=master-sport-719-15-of-pcs-ms-oljynsuodatin"},"modified":"2021-02-21T14:33:39","modified_gmt":"2021-02-21T14:33:39","slug":"master-sport-719-15-of-pcs-ms-oljynsuodatin","status":"publish","type":"product","link":"https:\/\/www.autonvaraosahaku.fi\/?product=master-sport-719-15-of-pcs-ms-oljynsuodatin","title":{"rendered":"MASTER-SPORT 719\/15-OF-PCS-MS \u00d6ljynsuodatin"},"content":{"rendered":"<p>Ulkol\u00e4pimitta [mm]: 76; Korvaava tuote\/korvaava tiedote 2: yhdell\u00e4 peruutuksenestoventtiilill\u00e4; Avauspaine ohitusventtiili [bar]: 2,5; Ulkol\u00e4pimitta 2 [mm]: 71; Korkeus (mm): 123; Sis\u00e4l\u00e4pimitta 2 [mm]: 62; Kierremitta: 3\/4-16 UNF; Nettopaino [kg]: 0,3; Bruttopaino [kg]: 0,3; Varusteet: f\u00fcr Fahrzeuge mit Klimaanlage; BMW: 3 E30,5 E34,3 Cabriolet E30,5 E28,3 E21,3 Touring E30,5 E12,Z1; CITRO\u00cbN: SM; BERTONE: FREECLIMBER; 11421266773, 11421287836, 11421707779, 11421761087, 11429061198, 5012556, 5012651<\/p>\n","protected":false},"excerpt":{"rendered":"<p>MASTER-SPORT \u00d6ljynsuodatin 719\/15-OF-PCS-MS  BMW,CITRO\u00cbN,BERTONE,3 E30,5 E34,3 Cabriolet E30,5 E28,3 E21,3 Touring E30,5 E12,Z1,SM,FREECLIMBER<\/p>\n","protected":false},"featured_media":0,"template":"","meta":{"site-sidebar-layout":"default","site-content-layout":"default","ast-global-header-display":"","ast-main-header-display":"","ast-hfb-above-header-display":"","ast-hfb-below-header-display":"","ast-hfb-mobile-header-display":"","site-post-title":"","ast-breadcrumbs-content":"","ast-featured-img":"","footer-sml-layout":"","theme-transparent-header-meta":"","adv-header-id-meta":"","stick-header-meta":"","header-above-stick-meta":"","header-main-stick-meta":"","header-below-stick-meta":""},"pwb-brand":[61],"product_cat":[30],"product_tag":[],"class_list":{"0":"post-18456","1":"product","2":"type-product","3":"status-publish","5":"pwb-brand-master-sport","6":"product_cat-oljynsuodatin","7":"desktop-align-left","8":"tablet-align-left","9":"mobile-align-left","11":"first","12":"instock","13":"product-type-external"},"brands":[{"id":61,"name":"MASTER-SPORT","slug":"master-sport"}],"_links":{"self":[{"href":"https:\/\/www.autonvaraosahaku.fi\/index.php?rest_route=\/wp\/v2\/product\/18456","targetHints":{"allow":["GET"]}}],"collection":[{"href":"https:\/\/www.autonvaraosahaku.fi\/index.php?rest_route=\/wp\/v2\/product"}],"about":[{"href":"https:\/\/www.autonvaraosahaku.fi\/index.php?rest_route=\/wp\/v2\/types\/product"}],"wp:attachment":[{"href":"https:\/\/www.autonvaraosahaku.fi\/index.php?rest_route=%2Fwp%2Fv2%2Fmedia&parent=18456"}],"wp:term":[{"taxonomy":"pwb-brand","embeddable":true,"href":"https:\/\/www.autonvaraosahaku.fi\/index.php?rest_route=%2Fwp%2Fv2%2Fpwb-brand&post=18456"},{"taxonomy":"product_cat","embeddable":true,"href":"https:\/\/www.autonvaraosahaku.fi\/index.php?rest_route=%2Fwp%2Fv2%2Fproduct_cat&post=18456"},{"taxonomy":"product_tag","embeddable":true,"href":"https:\/\/www.autonvaraosahaku.fi\/index.php?rest_route=%2Fwp%2Fv2%2Fproduct_tag&post=18456"}],"curies":[{"name":"wp","href":"https:\/\/api.w.org\/{rel}","templated":true}]}}