{"id":18459,"date":"2021-02-21T14:33:41","date_gmt":"2021-02-21T14:33:41","guid":{"rendered":"https:\/\/www.autonvaraosahaku.fi\/?product=snr-kdp455-350-vesipumppu-jakohihnasarja"},"modified":"2021-02-21T14:33:41","modified_gmt":"2021-02-21T14:33:41","slug":"snr-kdp455-350-vesipumppu-jakohihnasarja","status":"publish","type":"product","link":"https:\/\/www.autonvaraosahaku.fi\/?product=snr-kdp455-350-vesipumppu-jakohihnasarja","title":{"rendered":"SNR KDP455.350 Vesipumppu + jakohihnasarja"},"content":{"rendered":"<p>Hampaita 1: 152; Hihnojen m\u00e4\u00e4r\u00e4: 1; Paino [g]: 3810; Leveys 1 (mm): 30; FIAT: DUCATO Pritsche\/Fahrgestell 230,DUCATO Bus 230,DUCATO Kasten 244,DUCATO Pritsche\/Fahrgestell 244,DUCATO Kasten 230L,DUCATO Bus 244, Z_; PEUGEOT: BOXER Kasten 230L,BOXER Kasten 244,BOXER Bus 230P,BOXER Bus 244, Z_,BOXER Pritsche\/Fahrgestell ZCT_,BOXER Pritsche\/Fahrgestell 244; CITRO\u00cbN: JUMPER Kasten 244,JUMPER Kasten 230L,JUMPER Bus 244, Z_,JUMPER Bus 230P,JUMPER Pritsche\/Fahrgestell 244,JUMPER Pritsche\/Fahrgestell 230<\/p>\n","protected":false},"excerpt":{"rendered":"<p>SNR Vesipumppu + Jakohihnasarja KDP455.350  FIAT,PEUGEOT,CITRO\u00cbN,DUCATO Pritsche\/Fahrgestell 230,DUCATO Bus 230,DUCATO Kasten 244<\/p>\n","protected":false},"featured_media":0,"template":"","meta":{"site-sidebar-layout":"default","site-content-layout":"default","ast-global-header-display":"","ast-main-header-display":"","ast-hfb-above-header-display":"","ast-hfb-below-header-display":"","ast-hfb-mobile-header-display":"","site-post-title":"","ast-breadcrumbs-content":"","ast-featured-img":"","footer-sml-layout":"","theme-transparent-header-meta":"","adv-header-id-meta":"","stick-header-meta":"","header-above-stick-meta":"","header-main-stick-meta":"","header-below-stick-meta":""},"pwb-brand":[342],"product_cat":[321],"product_tag":[],"class_list":{"0":"post-18459","1":"product","2":"type-product","3":"status-publish","5":"pwb-brand-snr","6":"product_cat-vesipumppu-jakohihnasarja","7":"desktop-align-left","8":"tablet-align-left","9":"mobile-align-left","11":"first","12":"instock","13":"product-type-external"},"brands":[{"id":342,"name":"SNR","slug":"snr"}],"_links":{"self":[{"href":"https:\/\/www.autonvaraosahaku.fi\/index.php?rest_route=\/wp\/v2\/product\/18459","targetHints":{"allow":["GET"]}}],"collection":[{"href":"https:\/\/www.autonvaraosahaku.fi\/index.php?rest_route=\/wp\/v2\/product"}],"about":[{"href":"https:\/\/www.autonvaraosahaku.fi\/index.php?rest_route=\/wp\/v2\/types\/product"}],"wp:attachment":[{"href":"https:\/\/www.autonvaraosahaku.fi\/index.php?rest_route=%2Fwp%2Fv2%2Fmedia&parent=18459"}],"wp:term":[{"taxonomy":"pwb-brand","embeddable":true,"href":"https:\/\/www.autonvaraosahaku.fi\/index.php?rest_route=%2Fwp%2Fv2%2Fpwb-brand&post=18459"},{"taxonomy":"product_cat","embeddable":true,"href":"https:\/\/www.autonvaraosahaku.fi\/index.php?rest_route=%2Fwp%2Fv2%2Fproduct_cat&post=18459"},{"taxonomy":"product_tag","embeddable":true,"href":"https:\/\/www.autonvaraosahaku.fi\/index.php?rest_route=%2Fwp%2Fv2%2Fproduct_tag&post=18459"}],"curies":[{"name":"wp","href":"https:\/\/api.w.org\/{rel}","templated":true}]}}