{"id":18487,"date":"2021-02-21T14:33:44","date_gmt":"2021-02-21T14:33:44","guid":{"rendered":"https:\/\/www.autonvaraosahaku.fi\/?product=ridex-2s0146-starttimoottori"},"modified":"2021-02-21T14:33:45","modified_gmt":"2021-02-21T14:33:45","slug":"ridex-2s0146-starttimoottori","status":"publish","type":"product","link":"https:\/\/www.autonvaraosahaku.fi\/?product=ridex-2s0146-starttimoottori","title":{"rendered":"RIDEX 2S0146 Starttimoottori"},"content":{"rendered":"<p>J\u00e4nnite (V): 12; K\u00e4ynnistinmoottori teho (kW): 1,4; Hammasluku: 12; Kiinnitysreikien lukum\u00e4\u00e4r\u00e4: 3; kierrereiki\u00e4 [kpl]: 2; Laippa \u00d8(mm): 65; Pituus 1 (mm): 165; Pituus 2 (mm): -2; Liitin: M8; Pistokemallin tunnus: M5; Py\u00f6rimissuunta: Py\u00f6rimissuunta my\u00f6t\u00e4p\u00e4iv\u00e4\u00e4n; Pituus 3 [mm]: 16; Nettopaino [kg]: 3,1; NISSAN: MICRA III K12,ALMERA II Hatchback N16,ALMERA Mk II N16,KUBISTAR X76,KUBISTAR Kasten X80; SUZUKI: JIMNY FJ; DACIA: SANDERO,LOGAN MCV KS_,LOGAN LS_,LOGAN Pick-up US_; RENAULT: CLIO II BB0\/1\/2_, CB0\/1\/2_,CLIO III BR0\/1, CR0\/1,SC\u00c9NIC II JM0\/1_,KANGOO KC0\/1_,MODUS \/ GRAND MODUS F\/JP0_,MEGANE II Kombi KM0\/1_,MEGANE II Coup\u00e9-Cabriolet EM0\/1_,MEGANE II BM0\/1_, CM0\/1_,KANGOO Express FC0\/1_,CLIO Grandtour KR0\/1_,GRAND SC\u00c9NIC II JM0\/1_,MEGANE II Stufenheck LM0\/1_,CLIO II Kasten SB0\/1\/2_,THALIA I LB0\/1\/2_,CLIO III Kasten SB_, SR_,LOGAN I Kombi KS_,LOGAN I LS_,THALIA II LU1\/2_,MEGANE II Kasten\/Kombi KM_,MEGANE II Hatchback Van KM0\/2_; M000T81291, M000T86181, M000T88381, M000T91581, M0T81291, M0T86181, M0T88381, M0T91581, 2330000Q0H, 2330000QAB, 2330000QAW, 2330000QAZ, 2330000QUA, 23300BN700, 23300BN701, 23300BN70A, 3110084A00, 7711135521, 8200021396, 8200227002, 8200227092, 8200426577, 8200584658, 8200584685; Startti,K\u00e4ynnistinmoottori<\/p>\n","protected":false},"excerpt":{"rendered":"<p>RIDEX Starttimoottori 2S0146 Startti,K\u00e4ynnistinmoottori NISSAN,SUZUKI,DACIA,MICRA III K12,ALMERA II Hatchback N16,ALMERA Mk II N16,KUBISTAR X76<\/p>\n","protected":false},"featured_media":0,"template":"","meta":{"site-sidebar-layout":"default","site-content-layout":"default","ast-global-header-display":"","ast-main-header-display":"","ast-hfb-above-header-display":"","ast-hfb-below-header-display":"","ast-hfb-mobile-header-display":"","site-post-title":"","ast-breadcrumbs-content":"","ast-featured-img":"","footer-sml-layout":"","theme-transparent-header-meta":"","adv-header-id-meta":"","stick-header-meta":"","header-above-stick-meta":"","header-main-stick-meta":"","header-below-stick-meta":""},"pwb-brand":[157],"product_cat":[295],"product_tag":[],"class_list":{"0":"post-18487","1":"product","2":"type-product","3":"status-publish","5":"pwb-brand-ridex","6":"product_cat-starttimoottori","7":"desktop-align-left","8":"tablet-align-left","9":"mobile-align-left","11":"first","12":"instock","13":"product-type-external"},"brands":[{"id":157,"name":"RIDEX","slug":"ridex"}],"_links":{"self":[{"href":"https:\/\/www.autonvaraosahaku.fi\/index.php?rest_route=\/wp\/v2\/product\/18487","targetHints":{"allow":["GET"]}}],"collection":[{"href":"https:\/\/www.autonvaraosahaku.fi\/index.php?rest_route=\/wp\/v2\/product"}],"about":[{"href":"https:\/\/www.autonvaraosahaku.fi\/index.php?rest_route=\/wp\/v2\/types\/product"}],"wp:attachment":[{"href":"https:\/\/www.autonvaraosahaku.fi\/index.php?rest_route=%2Fwp%2Fv2%2Fmedia&parent=18487"}],"wp:term":[{"taxonomy":"pwb-brand","embeddable":true,"href":"https:\/\/www.autonvaraosahaku.fi\/index.php?rest_route=%2Fwp%2Fv2%2Fpwb-brand&post=18487"},{"taxonomy":"product_cat","embeddable":true,"href":"https:\/\/www.autonvaraosahaku.fi\/index.php?rest_route=%2Fwp%2Fv2%2Fproduct_cat&post=18487"},{"taxonomy":"product_tag","embeddable":true,"href":"https:\/\/www.autonvaraosahaku.fi\/index.php?rest_route=%2Fwp%2Fv2%2Fproduct_tag&post=18487"}],"curies":[{"name":"wp","href":"https:\/\/api.w.org\/{rel}","templated":true}]}}