{"id":18490,"date":"2021-02-21T14:33:44","date_gmt":"2021-02-21T14:33:44","guid":{"rendered":"https:\/\/www.autonvaraosahaku.fi\/?product=ridex-243g0064-hehkutulppa"},"modified":"2021-02-21T14:33:46","modified_gmt":"2021-02-21T14:33:46","slug":"ridex-243g0064-hehkutulppa","status":"publish","type":"product","link":"https:\/\/www.autonvaraosahaku.fi\/?product=ridex-243g0064-hehkutulppa","title":{"rendered":"RIDEX 243G0064 Hehkutulppa"},"content":{"rendered":"<p>J\u00e4nnite (V): 11,5; Liittimet: 4 mm dia.; Kartionousu: 63; Kierremitta: M 10&#215;1; Kokonaispituus (mm): 120; Avainv\u00e4li: 10 mm; Kiristysmomentti: 15; Hehkutulppatyyppi: j\u00e4lkihehkutuksenkest\u00e4v\u00e4, Hehkutulppa, puikko; Asennussyvyys (mm): 40; Katkeamismomentti [Nm]: 35; Nimellisvirta [A]: 14; SMART: FORTWO Coupe 451,CITY-COUPE 450,FORTWO Cabrio 451,CABRIO 450,FORTWO Coupe 450,FORTWO Cabrio 450; 6601590001, 6601590201, A6601590001, A6601590201, 88900719, 0004562V003000000<\/p>\n","protected":false},"excerpt":{"rendered":"<p>RIDEX Hehkutulppa 243G0064  SMART,FORTWO Coupe 451,CITY-COUPE 450,FORTWO Cabrio 451,CABRIO 450,FORTWO Coupe 450,FORTWO Cabrio 450<\/p>\n","protected":false},"featured_media":0,"template":"","meta":{"site-sidebar-layout":"default","site-content-layout":"default","ast-global-header-display":"","ast-main-header-display":"","ast-hfb-above-header-display":"","ast-hfb-below-header-display":"","ast-hfb-mobile-header-display":"","site-post-title":"","ast-breadcrumbs-content":"","ast-featured-img":"","footer-sml-layout":"","theme-transparent-header-meta":"","adv-header-id-meta":"","stick-header-meta":"","header-above-stick-meta":"","header-main-stick-meta":"","header-below-stick-meta":""},"pwb-brand":[157],"product_cat":[52],"product_tag":[],"class_list":{"0":"post-18490","1":"product","2":"type-product","3":"status-publish","5":"pwb-brand-ridex","6":"product_cat-hehkutulppa","7":"desktop-align-left","8":"tablet-align-left","9":"mobile-align-left","11":"first","12":"instock","13":"product-type-external"},"brands":[{"id":157,"name":"RIDEX","slug":"ridex"}],"_links":{"self":[{"href":"https:\/\/www.autonvaraosahaku.fi\/index.php?rest_route=\/wp\/v2\/product\/18490","targetHints":{"allow":["GET"]}}],"collection":[{"href":"https:\/\/www.autonvaraosahaku.fi\/index.php?rest_route=\/wp\/v2\/product"}],"about":[{"href":"https:\/\/www.autonvaraosahaku.fi\/index.php?rest_route=\/wp\/v2\/types\/product"}],"wp:attachment":[{"href":"https:\/\/www.autonvaraosahaku.fi\/index.php?rest_route=%2Fwp%2Fv2%2Fmedia&parent=18490"}],"wp:term":[{"taxonomy":"pwb-brand","embeddable":true,"href":"https:\/\/www.autonvaraosahaku.fi\/index.php?rest_route=%2Fwp%2Fv2%2Fpwb-brand&post=18490"},{"taxonomy":"product_cat","embeddable":true,"href":"https:\/\/www.autonvaraosahaku.fi\/index.php?rest_route=%2Fwp%2Fv2%2Fproduct_cat&post=18490"},{"taxonomy":"product_tag","embeddable":true,"href":"https:\/\/www.autonvaraosahaku.fi\/index.php?rest_route=%2Fwp%2Fv2%2Fproduct_tag&post=18490"}],"curies":[{"name":"wp","href":"https:\/\/api.w.org\/{rel}","templated":true}]}}