{"id":18550,"date":"2021-02-21T14:33:56","date_gmt":"2021-02-21T14:33:56","guid":{"rendered":"https:\/\/www.autonvaraosahaku.fi\/?product=tecmaxx-14-025-muut-luokat"},"modified":"2021-02-21T14:33:57","modified_gmt":"2021-02-21T14:33:57","slug":"tecmaxx-14-025-muut-luokat","status":"publish","type":"product","link":"https:\/\/www.autonvaraosahaku.fi\/?product=tecmaxx-14-025-muut-luokat","title":{"rendered":"TECMAXX 14-025 Muut luokat"},"content":{"rendered":"<p>Sis\u00e4lt\u00f6 [g]: 50; Pakkaustyyppi: Tuubi; L\u00e4mp\u00f6alue alkaen [\u00b0C]: -30; L\u00e4mp\u00f6tila-alue korkeintaan [\u00b0C]: +130; kest\u00e4\u00e4 ainetta: Vesi<\/p>\n","protected":false},"excerpt":{"rendered":"<p>TECMAXX Rasva 14-025<\/p>\n","protected":false},"featured_media":0,"template":"","meta":{"site-sidebar-layout":"default","site-content-layout":"default","ast-global-header-display":"","ast-main-header-display":"","ast-hfb-above-header-display":"","ast-hfb-below-header-display":"","ast-hfb-mobile-header-display":"","site-post-title":"","ast-breadcrumbs-content":"","ast-featured-img":"","footer-sml-layout":"","theme-transparent-header-meta":"","adv-header-id-meta":"","stick-header-meta":"","header-above-stick-meta":"","header-main-stick-meta":"","header-below-stick-meta":""},"pwb-brand":[361],"product_cat":[37],"product_tag":[],"class_list":{"0":"post-18550","1":"product","2":"type-product","3":"status-publish","5":"pwb-brand-tecmaxx","6":"product_cat-muut-luokat","7":"desktop-align-left","8":"tablet-align-left","9":"mobile-align-left","11":"first","12":"instock","13":"product-type-external"},"brands":[{"id":361,"name":"TECMAXX","slug":"tecmaxx"}],"_links":{"self":[{"href":"https:\/\/www.autonvaraosahaku.fi\/index.php?rest_route=\/wp\/v2\/product\/18550","targetHints":{"allow":["GET"]}}],"collection":[{"href":"https:\/\/www.autonvaraosahaku.fi\/index.php?rest_route=\/wp\/v2\/product"}],"about":[{"href":"https:\/\/www.autonvaraosahaku.fi\/index.php?rest_route=\/wp\/v2\/types\/product"}],"wp:attachment":[{"href":"https:\/\/www.autonvaraosahaku.fi\/index.php?rest_route=%2Fwp%2Fv2%2Fmedia&parent=18550"}],"wp:term":[{"taxonomy":"pwb-brand","embeddable":true,"href":"https:\/\/www.autonvaraosahaku.fi\/index.php?rest_route=%2Fwp%2Fv2%2Fpwb-brand&post=18550"},{"taxonomy":"product_cat","embeddable":true,"href":"https:\/\/www.autonvaraosahaku.fi\/index.php?rest_route=%2Fwp%2Fv2%2Fproduct_cat&post=18550"},{"taxonomy":"product_tag","embeddable":true,"href":"https:\/\/www.autonvaraosahaku.fi\/index.php?rest_route=%2Fwp%2Fv2%2Fproduct_tag&post=18550"}],"curies":[{"name":"wp","href":"https:\/\/api.w.org\/{rel}","templated":true}]}}