{"id":18565,"date":"2021-02-21T14:33:59","date_gmt":"2021-02-21T14:33:59","guid":{"rendered":"https:\/\/www.autonvaraosahaku.fi\/?product=vaico-v10-4978-iskunvaimennin"},"modified":"2021-02-21T14:34:00","modified_gmt":"2021-02-21T14:34:00","slug":"vaico-v10-4978-iskunvaimennin","status":"publish","type":"product","link":"https:\/\/www.autonvaraosahaku.fi\/?product=vaico-v10-4978-iskunvaimennin","title":{"rendered":"VAICO V10-4978 Iskunvaimennin"},"content":{"rendered":"<p>Asennuspuoli: Taka-akseli, oikea, Taka-akseli, vasen; Iskunvaimennin tyyppi: Kaasupaine; Iskunvaimennin asennustapa: Silmukka alhaalla, Tappi ylh\u00e4\u00e4ll\u00e4; Paino [kg]: 2,515; Pakkausleveys [cm]: 7; Pakkauskorkeus [mm]: 7; Pakkaussyvyys [cm]: 60; lis\u00e4tieto: CST99; Alustarakenne: f\u00fcr Fahrzeuge mit Standard Fahrwerk; VW: TOURAN 1T1, 1T2,TOURAN 1T3,SHARAN 7N1, 7N2,JETTA IV 162, 163; SEAT: ALHAMBRA 710, 711; 1T0513029D, 1T0513029E, 1T0513029M, 1T0513029N, 1T0513029P, 1T0513029Q, 1T0513029R, 1T0513029S, 7N0513049B, 7N0513049K, 7N0513049L, 1T0513029D, 1T0513029E, 1T0513029M, 1T0513029N, 1T0513029P, 1T0513029Q, 1T0513029R, 1T0513029S, 7N0513049B, 7N0513049K, 7N0513049L, 1T0513029D, 1T0513029E, 1T0513029M, 1T0513029N, 1T0513029P, 1T0513029Q, 1T0513029R, 1T0513029S, 7N0513049B, 7N0513049K, 7N0513049L; Iskarit,Iskunvaimennin<\/p>\n","protected":false},"excerpt":{"rendered":"<p>VAICO Iskunvaimentimet V10-4978 Iskarit,Iskunvaimennin VW,SEAT,TOURAN 1T1, 1T2,TOURAN 1T3,SHARAN 7N1, 7N2,JETTA IV 162, 163,ALHAMBRA 710, 711<\/p>\n","protected":false},"featured_media":0,"template":"","meta":{"site-sidebar-layout":"default","site-content-layout":"default","ast-global-header-display":"","ast-main-header-display":"","ast-hfb-above-header-display":"","ast-hfb-below-header-display":"","ast-hfb-mobile-header-display":"","site-post-title":"","ast-breadcrumbs-content":"","ast-featured-img":"","footer-sml-layout":"","theme-transparent-header-meta":"","adv-header-id-meta":"","stick-header-meta":"","header-above-stick-meta":"","header-main-stick-meta":"","header-below-stick-meta":""},"pwb-brand":[330],"product_cat":[80],"product_tag":[],"class_list":{"0":"post-18565","1":"product","2":"type-product","3":"status-publish","5":"pwb-brand-vaico","6":"product_cat-iskunvaimennin","7":"desktop-align-left","8":"tablet-align-left","9":"mobile-align-left","11":"first","12":"instock","13":"product-type-external"},"brands":[{"id":330,"name":"VAICO","slug":"vaico"}],"_links":{"self":[{"href":"https:\/\/www.autonvaraosahaku.fi\/index.php?rest_route=\/wp\/v2\/product\/18565","targetHints":{"allow":["GET"]}}],"collection":[{"href":"https:\/\/www.autonvaraosahaku.fi\/index.php?rest_route=\/wp\/v2\/product"}],"about":[{"href":"https:\/\/www.autonvaraosahaku.fi\/index.php?rest_route=\/wp\/v2\/types\/product"}],"wp:attachment":[{"href":"https:\/\/www.autonvaraosahaku.fi\/index.php?rest_route=%2Fwp%2Fv2%2Fmedia&parent=18565"}],"wp:term":[{"taxonomy":"pwb-brand","embeddable":true,"href":"https:\/\/www.autonvaraosahaku.fi\/index.php?rest_route=%2Fwp%2Fv2%2Fpwb-brand&post=18565"},{"taxonomy":"product_cat","embeddable":true,"href":"https:\/\/www.autonvaraosahaku.fi\/index.php?rest_route=%2Fwp%2Fv2%2Fproduct_cat&post=18565"},{"taxonomy":"product_tag","embeddable":true,"href":"https:\/\/www.autonvaraosahaku.fi\/index.php?rest_route=%2Fwp%2Fv2%2Fproduct_tag&post=18565"}],"curies":[{"name":"wp","href":"https:\/\/api.w.org\/{rel}","templated":true}]}}