{"id":18575,"date":"2021-02-21T14:33:59","date_gmt":"2021-02-21T14:33:59","guid":{"rendered":"https:\/\/www.autonvaraosahaku.fi\/?product=vegaz-vag-59-pakoputken-asennussarja"},"modified":"2021-02-21T14:34:01","modified_gmt":"2021-02-21T14:34:01","slug":"vegaz-vag-59-pakoputken-asennussarja","status":"publish","type":"product","link":"https:\/\/www.autonvaraosahaku.fi\/?product=vegaz-vag-59-pakoputken-asennussarja","title":{"rendered":"VEGAZ VAG-59 Pakoputken asennussarja"},"content":{"rendered":"<p>L\u00e4pimitta [mm]: 58,5, 59,5; Putki-\u00d8 (mm): 55,0; Pakoputkisto: f\u00fcr Endschalld\u00e4mpfer; VW: TRANSPORTER IV Bus 70XB, 70XC, 7DB, 7DW,SHARAN 7M8, 7M9, 7M6,GOLF II 19E, 1G1,PASSAT Variant 3A5, 35I,GOLF I Cabriolet 155,TRANSPORTER IV Kasten 70XA,PASSAT 3A2, 35I,TRANSPORTER IV Pritsche\/Fahrgestell 70XD; MAZDA: 3 BK,3 Stufenheck BK; SEAT: ALHAMBRA 7V8, 7V9; MERCEDES-BENZ: E-CLASS W210,E-CLASS Kombi S210; OPEL: VECTRA C Caravan,SIGNUM,VECTRA C,VECTRA C GTS; VOLVO: V50 MW,S40 II MS; FORD: FOCUS II Kombi DA_,FOCUS II DA_,GALAXY WGR,FOCUS C-MAX,C-MAX DM2,TRANSIT Kasten FA_ _,FOCUS II Stufenheck DA_,TRANSIT Bus FD_ _, FB_ _, FS_ _, FZ_ _, FC_ _,TRANSIT Pritsche\/Fahrgestell FM_ _, FN_ _; 18307793025, 95495617, 46460655, 60656808, 7628467, 7688642, 7731082, 1207960, 1475485, 1830924, 7196815, 7381821, 2024900941, 2104900341, 856275, 856951, 171313, 171325, 7701402142, 7703083381, 949230, 968356, 975260; Putkenliitin, Pakoputkisto<\/p>\n","protected":false},"excerpt":{"rendered":"<p>VEGAZ Pakoputken Kiristin VAG-59 Putkenliitin, Pakoputkisto VW,MAZDA,SEAT,TRANSPORTER IV Bus 70XB, 70XC, 7DB, 7DW,SHARAN 7M8, 7M9, 7M6<\/p>\n","protected":false},"featured_media":0,"template":"","meta":{"site-sidebar-layout":"default","site-content-layout":"default","ast-global-header-display":"","ast-main-header-display":"","ast-hfb-above-header-display":"","ast-hfb-below-header-display":"","ast-hfb-mobile-header-display":"","site-post-title":"","ast-breadcrumbs-content":"","ast-featured-img":"","footer-sml-layout":"","theme-transparent-header-meta":"","adv-header-id-meta":"","stick-header-meta":"","header-above-stick-meta":"","header-main-stick-meta":"","header-below-stick-meta":""},"pwb-brand":[306],"product_cat":[101],"product_tag":[],"class_list":{"0":"post-18575","1":"product","2":"type-product","3":"status-publish","5":"pwb-brand-vegaz","6":"product_cat-pakoputken-asennussarja","7":"desktop-align-left","8":"tablet-align-left","9":"mobile-align-left","11":"first","12":"instock","13":"product-type-external"},"brands":[{"id":306,"name":"VEGAZ","slug":"vegaz"}],"_links":{"self":[{"href":"https:\/\/www.autonvaraosahaku.fi\/index.php?rest_route=\/wp\/v2\/product\/18575","targetHints":{"allow":["GET"]}}],"collection":[{"href":"https:\/\/www.autonvaraosahaku.fi\/index.php?rest_route=\/wp\/v2\/product"}],"about":[{"href":"https:\/\/www.autonvaraosahaku.fi\/index.php?rest_route=\/wp\/v2\/types\/product"}],"wp:attachment":[{"href":"https:\/\/www.autonvaraosahaku.fi\/index.php?rest_route=%2Fwp%2Fv2%2Fmedia&parent=18575"}],"wp:term":[{"taxonomy":"pwb-brand","embeddable":true,"href":"https:\/\/www.autonvaraosahaku.fi\/index.php?rest_route=%2Fwp%2Fv2%2Fpwb-brand&post=18575"},{"taxonomy":"product_cat","embeddable":true,"href":"https:\/\/www.autonvaraosahaku.fi\/index.php?rest_route=%2Fwp%2Fv2%2Fproduct_cat&post=18575"},{"taxonomy":"product_tag","embeddable":true,"href":"https:\/\/www.autonvaraosahaku.fi\/index.php?rest_route=%2Fwp%2Fv2%2Fproduct_tag&post=18575"}],"curies":[{"name":"wp","href":"https:\/\/api.w.org\/{rel}","templated":true}]}}