{"id":18583,"date":"2021-02-21T14:34:03","date_gmt":"2021-02-21T14:34:03","guid":{"rendered":"https:\/\/www.autonvaraosahaku.fi\/?product=hella-8eh-188-704-071-sytytystulpat"},"modified":"2021-02-21T14:34:04","modified_gmt":"2021-02-21T14:34:04","slug":"hella-8eh-188-704-071-sytytystulpat","status":"publish","type":"product","link":"https:\/\/www.autonvaraosahaku.fi\/?product=hella-8eh-188-704-071-sytytystulpat","title":{"rendered":"HELLA 8EH 188 704-071 Sytytystulpat"},"content":{"rendered":"<p>Kiristysmomentti: 20; K\u00e4rkiv\u00e4li (mm): 0,9; Kierteen pituus (mm): 19; Ulkokierre [mm]: 14; Avainv\u00e4li: 16; Sytytystulppa: 1-maaelektroodi; Moottorinumero: 6VDI  24V ISUZU; MAZDA: 626 III Hatchback GD; NISSAN: 100 NX B13,PRIMERA P10,SUNNY III N14,PULSAR V Schr\u00e4gheck N14,SUNNY III Liftback N14,PRIMERA Hatchback P10,PRIMERA Traveller W10,SUNNY III Traveller Y10; KIA: RIO Kombi DC,RIO Stufenheck DC_,SHUMA II FB,CARENS I FC,SHUMA FB,SHUMA II Stufenheck FB; LAND ROVER: DISCOVERY I LJ, LG; ROVER: 200 RF,600 RH,400 RT,CABRIOLET XW,400 Hatchback RT,800 XS,200 Hatchback XW,200 Coupe XW,800 Hatchback XS,400 Tourer XW,800 Coupe,100 \/ METRO XP,400 XW,100 Cabriolet XP; SUZUKI: JIMNY FJ,VITARA ET, TA,VITARA Cabrio ET, TA,BALENO Kombi EG,BALENO EG,BALENO Schr\u00e4gheck EG,ALTO HA12, HA23,X-90 EL,SWIFT II Stufenheck AH, AJ,CARRY Kasten FD; OPEL: MONTEREY A UBS_; CHRYSLER: VOYAGER III GS,STRATUS Cabriolet JX,STRATUS JA,NEON PL; DACIA: SANDERO,LOGAN MCV KS_,LOGAN LS_,LOGAN EXPRESS FS_,LOGAN Pick-up US_,SOLENZA; RENAULT: LOGAN I LS_; 46417010, 46480362, 464803620, 5894586, 71711638, 71711808, 7546519, 7760383, 7772453, 9GYSSR, 0046480362, 46417010, 464803620, 5894586, 71711638, 71711808, 7546519, 7760383, 7772453, 9GYSSR, 59622X, 5962TO, 7700500168, 9004851151000, 9004851152, 9004851152000, 46417010, 46480362, 464803620, 5894586, 71711638, 71711808, 7546519, 7760383, 7772453, 9GYSSR, 0046480362, 46417010, 464803620, 5894586, 71711638, 71711808, 7546519, 7760383, 7772453, 9GYSSR, 980795685C, 0K2AA18110, 2240120J06, 2240120J16, 8970129280, 8970129300, 0K2AA18110, 0046480362, 46417010, 464803620, 5894586, 71711638, 71711808, 7546519, 7760383, 7772453, 9GYSSR, 9009870053, A100E6277S, 46417010, 46480362, 464803620, 5894586, 71711638, 71711808, 7546519, 7760383, 7772453, 9GYSSR, 1A5018110, 1Y0718110, BP4918110, BP5018110, MS851368, MS851382, MS851738, 2240120J06, 2240120J16, 5962S2, 7700273462, 7700500168, 7701042816, 22401KA080, 22401KA150, 0948200427, 0948200429, 0948200429000, 0948200429001, 9009870053, 271603, 2717&#8230;; Tulpat,Sytytystulppa<\/p>\n","protected":false},"excerpt":{"rendered":"<p>HELLA Sytytystulpat Energy Pro 8EH 188 704-071 Tulpat,Sytytystulppa MAZDA,NISSAN,KIA,626 III Hatchback GD,100 NX B13,PRIMERA P10,SUNNY III N14<\/p>\n","protected":false},"featured_media":0,"template":"","meta":{"site-sidebar-layout":"default","site-content-layout":"default","ast-global-header-display":"","ast-main-header-display":"","ast-hfb-above-header-display":"","ast-hfb-below-header-display":"","ast-hfb-mobile-header-display":"","site-post-title":"","ast-breadcrumbs-content":"","ast-featured-img":"","footer-sml-layout":"","theme-transparent-header-meta":"","adv-header-id-meta":"","stick-header-meta":"","header-above-stick-meta":"","header-main-stick-meta":"","header-below-stick-meta":""},"pwb-brand":[24],"product_cat":[165],"product_tag":[],"class_list":{"0":"post-18583","1":"product","2":"type-product","3":"status-publish","5":"pwb-brand-hella","6":"product_cat-sytytystulpat","7":"desktop-align-left","8":"tablet-align-left","9":"mobile-align-left","11":"first","12":"instock","13":"product-type-external"},"brands":[{"id":24,"name":"HELLA","slug":"hella"}],"_links":{"self":[{"href":"https:\/\/www.autonvaraosahaku.fi\/index.php?rest_route=\/wp\/v2\/product\/18583","targetHints":{"allow":["GET"]}}],"collection":[{"href":"https:\/\/www.autonvaraosahaku.fi\/index.php?rest_route=\/wp\/v2\/product"}],"about":[{"href":"https:\/\/www.autonvaraosahaku.fi\/index.php?rest_route=\/wp\/v2\/types\/product"}],"wp:attachment":[{"href":"https:\/\/www.autonvaraosahaku.fi\/index.php?rest_route=%2Fwp%2Fv2%2Fmedia&parent=18583"}],"wp:term":[{"taxonomy":"pwb-brand","embeddable":true,"href":"https:\/\/www.autonvaraosahaku.fi\/index.php?rest_route=%2Fwp%2Fv2%2Fpwb-brand&post=18583"},{"taxonomy":"product_cat","embeddable":true,"href":"https:\/\/www.autonvaraosahaku.fi\/index.php?rest_route=%2Fwp%2Fv2%2Fproduct_cat&post=18583"},{"taxonomy":"product_tag","embeddable":true,"href":"https:\/\/www.autonvaraosahaku.fi\/index.php?rest_route=%2Fwp%2Fv2%2Fproduct_tag&post=18583"}],"curies":[{"name":"wp","href":"https:\/\/api.w.org\/{rel}","templated":true}]}}