{"id":18622,"date":"2021-02-21T14:34:10","date_gmt":"2021-02-21T14:34:10","guid":{"rendered":"https:\/\/www.autonvaraosahaku.fi\/?product=denso-dg-648-hehkutulppa"},"modified":"2021-02-21T14:34:11","modified_gmt":"2021-02-21T14:34:11","slug":"denso-dg-648-hehkutulppa","status":"publish","type":"product","link":"https:\/\/www.autonvaraosahaku.fi\/?product=denso-dg-648-hehkutulppa","title":{"rendered":"DENSO DG-648 Hehkutulppa"},"content":{"rendered":"<p>J\u00e4nnite (V): 11; Kartionousu: 93; Kierremitta: M10x1.25; Vastus [Ohm]: 0,45; Kokonaispituus (mm): 97,3; Avainv\u00e4li: 12; Paino [g]: 27; Kiristysmomentti > [Nm]: 1; Kiristysmomentti enint\u00e4\u00e4n [Nm]: 1,5; Tarvittava kappalem\u00e4\u00e4r\u00e4: 4; VW: TARO; TOYOTA: AVENSIS _T22_,COROLLA Liftback _E11_,COROLLA Compact _E11_,AVENSIS Station Wagon _T22_,LAND CRUISER KDJ12_, GRJ12_,AVENSIS Liftback _T22_,STARLET _P8_,LAND CRUISER PZJ7_, KZJ7_, HZJ7_, BJ7_, LJ7_, RJ7_,LAND CRUISER 100 UZJ100,LAND CRUISER 80 _J8_,COROLLA _E11_,COROLLA Wagon __E11_,HILUX VI Pick-up _N1_,HILUX V Pick-up LN_, KZN1_, VZN1_,4 RUNNER RN10_, VZN13_, VZN10_, RN13_,HIACE IV Bus LH1_,HIACE IV Kasten LXH1_, RZH1_, LH1_,LAND CRUISER Pick-up _J7_,HIACE III Wagon LH1_, RZH1_,LAND CRUISER Hardtop _J7_,HILUX IV Pick-up _N5_, _N6_,HILUX II Pritsche\/Fahrgestell LN6_, LN5_, YN6_, YN5_, VZN1_,HIACE III Kasten YH7_, LH6_, LH7_, LH5_, YH5_, YH6_,CROWN Stufenheck _S1_,HIACE II Wagon LH7_, LH5_, LH6_, YH7_, YH6_, YH5_,HIACE II Kasten LH5_, YH7_, LH7_, LH6_, YH6_, YH5_,HIACE I Kasten RH1_, LH3_, RH3_, RH2_, LH2_, LH1_,DYNA Pritsche\/Fahrgestell KD_, LY_, TRY2_, KDY2_, XZU4_, XZ,HILUX Gel\u00e4ndewagen geschlossen RZN1_, LN1_,DYNA 150 Pritsche\/Fahrgestell LY_,HILUX Gel\u00e4ndewagen geschlossen ZN; 1985005010, 1985017020, 1985054010, 1985054090, 1985054120, 1985054140, 1985054150, 8734320010, 9017904019, J1985054090<\/p>\n","protected":false},"excerpt":{"rendered":"<p>DENSO Hehkutulppa DG-648  VW,TOYOTA,TARO,AVENSIS _T22_,COROLLA Liftback _E11_,COROLLA Compact _E11_,AVENSIS Station Wagon _T22_<\/p>\n","protected":false},"featured_media":0,"template":"","meta":{"site-sidebar-layout":"default","site-content-layout":"default","ast-global-header-display":"","ast-main-header-display":"","ast-hfb-above-header-display":"","ast-hfb-below-header-display":"","ast-hfb-mobile-header-display":"","site-post-title":"","ast-breadcrumbs-content":"","ast-featured-img":"","footer-sml-layout":"","theme-transparent-header-meta":"","adv-header-id-meta":"","stick-header-meta":"","header-above-stick-meta":"","header-main-stick-meta":"","header-below-stick-meta":""},"pwb-brand":[278],"product_cat":[52],"product_tag":[],"class_list":{"0":"post-18622","1":"product","2":"type-product","3":"status-publish","5":"pwb-brand-denso","6":"product_cat-hehkutulppa","7":"desktop-align-left","8":"tablet-align-left","9":"mobile-align-left","11":"first","12":"instock","13":"product-type-external"},"brands":[{"id":278,"name":"DENSO","slug":"denso"}],"_links":{"self":[{"href":"https:\/\/www.autonvaraosahaku.fi\/index.php?rest_route=\/wp\/v2\/product\/18622","targetHints":{"allow":["GET"]}}],"collection":[{"href":"https:\/\/www.autonvaraosahaku.fi\/index.php?rest_route=\/wp\/v2\/product"}],"about":[{"href":"https:\/\/www.autonvaraosahaku.fi\/index.php?rest_route=\/wp\/v2\/types\/product"}],"wp:attachment":[{"href":"https:\/\/www.autonvaraosahaku.fi\/index.php?rest_route=%2Fwp%2Fv2%2Fmedia&parent=18622"}],"wp:term":[{"taxonomy":"pwb-brand","embeddable":true,"href":"https:\/\/www.autonvaraosahaku.fi\/index.php?rest_route=%2Fwp%2Fv2%2Fpwb-brand&post=18622"},{"taxonomy":"product_cat","embeddable":true,"href":"https:\/\/www.autonvaraosahaku.fi\/index.php?rest_route=%2Fwp%2Fv2%2Fproduct_cat&post=18622"},{"taxonomy":"product_tag","embeddable":true,"href":"https:\/\/www.autonvaraosahaku.fi\/index.php?rest_route=%2Fwp%2Fv2%2Fproduct_tag&post=18622"}],"curies":[{"name":"wp","href":"https:\/\/api.w.org\/{rel}","templated":true}]}}