{"id":18650,"date":"2021-02-21T14:34:15","date_gmt":"2021-02-21T14:34:15","guid":{"rendered":"https:\/\/www.autonvaraosahaku.fi\/?product=nissens-87288-lammityslaitteen-puhallin"},"modified":"2021-02-21T14:34:16","modified_gmt":"2021-02-21T14:34:16","slug":"nissens-87288-lammityslaitteen-puhallin","status":"publish","type":"product","link":"https:\/\/www.autonvaraosahaku.fi\/?product=nissens-87288-lammityslaitteen-puhallin","title":{"rendered":"NISSENS 87288 L\u00e4mmityslaitteen puhallin"},"content":{"rendered":"<p>Kotelomalli: Muovikotelo; Vasen \/ oikea liikenne: Oikean-\/vasemmanpuolinen ohjaus; Nimellisteho (W): 300; K\u00e4ytt\u00f6j\u00e4nnite [V]: 12; Napojen m\u00e4\u00e4r\u00e4: 2; L\u00e4pimitta [mm]: 151; S\u00e4\u00e4din: ilman kierrosluvun s\u00e4\u00e4dint\u00e4; Varusteet: Autoihin, joissa ilmastointi; Asennuspuoli: vorne; CITRO\u00cbN: BERLINGO B9,C4 Picasso I UD_,C4 Grand Picasso I UA_,BERLINGO Kasten B9,BERLINGO Pritsche\/Fahrgestell B9; PEUGEOT: PARTNER Tepee,PARTNER Kasten,PARTNER Pritsche\/Fahrgestell; 6441CG, 6441CG; Sis\u00e4tilan Puhallin,Sis\u00e4tilapuhallin<\/p>\n","protected":false},"excerpt":{"rendered":"<p>NISSENS L\u00e4mmityslaitteen Puhallin 87288 Sis\u00e4tilan Puhallin,Sis\u00e4tilapuhallin CITRO\u00cbN,PEUGEOT,BERLINGO B9,C4 Picasso I UD_,C4 Grand Picasso I UA_<\/p>\n","protected":false},"featured_media":0,"template":"","meta":{"site-sidebar-layout":"default","site-content-layout":"default","ast-global-header-display":"","ast-main-header-display":"","ast-hfb-above-header-display":"","ast-hfb-below-header-display":"","ast-hfb-mobile-header-display":"","site-post-title":"","ast-breadcrumbs-content":"","ast-featured-img":"","footer-sml-layout":"","theme-transparent-header-meta":"","adv-header-id-meta":"","stick-header-meta":"","header-above-stick-meta":"","header-main-stick-meta":"","header-below-stick-meta":""},"pwb-brand":[315],"product_cat":[86],"product_tag":[],"class_list":{"0":"post-18650","1":"product","2":"type-product","3":"status-publish","5":"pwb-brand-nissens","6":"product_cat-lammityslaitteen-puhallin","7":"desktop-align-left","8":"tablet-align-left","9":"mobile-align-left","11":"first","12":"instock","13":"product-type-external"},"brands":[{"id":315,"name":"NISSENS","slug":"nissens"}],"_links":{"self":[{"href":"https:\/\/www.autonvaraosahaku.fi\/index.php?rest_route=\/wp\/v2\/product\/18650","targetHints":{"allow":["GET"]}}],"collection":[{"href":"https:\/\/www.autonvaraosahaku.fi\/index.php?rest_route=\/wp\/v2\/product"}],"about":[{"href":"https:\/\/www.autonvaraosahaku.fi\/index.php?rest_route=\/wp\/v2\/types\/product"}],"wp:attachment":[{"href":"https:\/\/www.autonvaraosahaku.fi\/index.php?rest_route=%2Fwp%2Fv2%2Fmedia&parent=18650"}],"wp:term":[{"taxonomy":"pwb-brand","embeddable":true,"href":"https:\/\/www.autonvaraosahaku.fi\/index.php?rest_route=%2Fwp%2Fv2%2Fpwb-brand&post=18650"},{"taxonomy":"product_cat","embeddable":true,"href":"https:\/\/www.autonvaraosahaku.fi\/index.php?rest_route=%2Fwp%2Fv2%2Fproduct_cat&post=18650"},{"taxonomy":"product_tag","embeddable":true,"href":"https:\/\/www.autonvaraosahaku.fi\/index.php?rest_route=%2Fwp%2Fv2%2Fproduct_tag&post=18650"}],"curies":[{"name":"wp","href":"https:\/\/api.w.org\/{rel}","templated":true}]}}