{"id":18689,"date":"2021-02-21T14:34:23","date_gmt":"2021-02-21T14:34:23","guid":{"rendered":"https:\/\/www.autonvaraosahaku.fi\/?product=hella-6pt-009-109-291-lampotila-anturi"},"modified":"2021-02-21T14:34:24","modified_gmt":"2021-02-21T14:34:24","slug":"hella-6pt-009-109-291-lampotila-anturi","status":"publish","type":"product","link":"https:\/\/www.autonvaraosahaku.fi\/?product=hella-6pt-009-109-291-lampotila-anturi","title":{"rendered":"HELLA 6PT 009 109-291 L\u00e4mp\u00f6tila-anturi"},"content":{"rendered":"<p>Liittimi\u00e4: 2; Tarvittava kappalem\u00e4\u00e4r\u00e4: 1; JEEP: GRAND CHEROKEE III WH, WK,GRAND CHEROKEE II WJ, WG,COMPASS MK49,COMMANDER XK,PATRIOT MK74; DAEWOO: MUSSO FJ,KORANDO KJ,KORANDO Cabrio KJ; SSANGYONG: KORANDO,KORANDO KJ,KORANDO Cabrio KJ,ACTYON II; MERCEDES-BENZ: C-CLASS W203,E-CLASS W211,C-CLASS W204,A-CLASS W169,A-CLASS W168,B-CLASS W245,C-CLASS T-Model S204,C-CLASS T-Model S203,E-CLASS T-Model S211,SLK R170,E-CLASS W210,E-CLASS W212,VIANO W639,B-CLASS W246, W242,M-CLASS W164,C-CLASS Coupe CL203,M-CLASS W163,E-CLASS T-Model S212,GLK-CLASS X204,E-CLASS Kombi S210,VITO Bus W639,SLK R171,CLK C208,A-CLASS W176,CLK C209,S-CLASS W220,VITO \/ MIXTO Kasten W639,SPRINTER 3,5-t Kasten 906,S-CLASS W221,CLS C219,SL R230,R-CLASS W251, V251,M-CLASS W166,VITO Bus 638,E-CLASS Coupe C207,CLK Cabriolet A208,CLK Cabriolet A209,CLA Coupe C117,C-CLASS Coupe C204,SPRINTER 3-t Kasten 903,SPRINTER 3,5-t Bus 906,SPRINTER 2-t Bus 901, 902,SPRINTER 3-t Kasten 906,SLK R172,V-CLASS 638\/2,E-CLASS Cabriolet A207,CLC-CLASS CL203,GL-CLASS X164,SPRINTER 2-t Kasten 901, 902,SPRINTER 3-t Bus 903,CLS C218,SPRINTER 3,5-t Pritsche\/Fahrgestell 906,SPRINTER 3-t Pritsche\/Fahrgestell 903,S-CLASS Coupe C215,VITO Kasten 638,S-CLASS Coupe C216,SPRINTER 3-t ; CHRYSLER: PT CRUISER PT_,300 C Touring LX,300 C LX,CROSSFIRE,CROSSFIRE Roadster; SMART: FORTWO Coupe 451,CITY-COUPE 450,FORFOUR 454,FORTWO Cabrio 451,CABRIO 450,FORTWO Coupe 450,ROADSTER 452,FORTWO Cabrio 450,CROSSBLADE 450; 05149209AA, 0005422818, K05149209AA, 0005422818, 0061532028, 0061538028, 6511530028, A0005422818, A0061532028, A0061538028, A6511530028, Q0003119V002000000, 0005422818, 0061532028, 0061538028, 6511530028, A0005422818, A0061532028, A0061538028, A6511530028, Q0003119V002000000, MN960276, 0003119V00200000, 0005422818, 0061532028, 0061538028, 6511530028, A0005422818, A0061532028, A0061538028, A6511530028, Q0003119V002000000, 0005422818, 2D0905379, 2D0905379A, 2D0905379B<\/p>\n","protected":false},"excerpt":{"rendered":"<p>HELLA Tunnistin Imuilman L\u00e4mp\u00f6tila 6PT 009 109-291  JEEP,DAEWOO,SSANGYONG,GRAND CHEROKEE III WH, WK,GRAND CHEROKEE II WJ, WG,COMPASS MK49,COMMANDER XK<\/p>\n","protected":false},"featured_media":0,"template":"","meta":{"site-sidebar-layout":"default","site-content-layout":"default","ast-global-header-display":"","ast-main-header-display":"","ast-hfb-above-header-display":"","ast-hfb-below-header-display":"","ast-hfb-mobile-header-display":"","site-post-title":"","ast-breadcrumbs-content":"","ast-featured-img":"","footer-sml-layout":"","theme-transparent-header-meta":"","adv-header-id-meta":"","stick-header-meta":"","header-above-stick-meta":"","header-main-stick-meta":"","header-below-stick-meta":""},"pwb-brand":[24],"product_cat":[47],"product_tag":[],"class_list":{"0":"post-18689","1":"product","2":"type-product","3":"status-publish","5":"pwb-brand-hella","6":"product_cat-lampotila-anturi","7":"desktop-align-left","8":"tablet-align-left","9":"mobile-align-left","11":"first","12":"instock","13":"product-type-external"},"brands":[{"id":24,"name":"HELLA","slug":"hella"}],"_links":{"self":[{"href":"https:\/\/www.autonvaraosahaku.fi\/index.php?rest_route=\/wp\/v2\/product\/18689","targetHints":{"allow":["GET"]}}],"collection":[{"href":"https:\/\/www.autonvaraosahaku.fi\/index.php?rest_route=\/wp\/v2\/product"}],"about":[{"href":"https:\/\/www.autonvaraosahaku.fi\/index.php?rest_route=\/wp\/v2\/types\/product"}],"wp:attachment":[{"href":"https:\/\/www.autonvaraosahaku.fi\/index.php?rest_route=%2Fwp%2Fv2%2Fmedia&parent=18689"}],"wp:term":[{"taxonomy":"pwb-brand","embeddable":true,"href":"https:\/\/www.autonvaraosahaku.fi\/index.php?rest_route=%2Fwp%2Fv2%2Fpwb-brand&post=18689"},{"taxonomy":"product_cat","embeddable":true,"href":"https:\/\/www.autonvaraosahaku.fi\/index.php?rest_route=%2Fwp%2Fv2%2Fproduct_cat&post=18689"},{"taxonomy":"product_tag","embeddable":true,"href":"https:\/\/www.autonvaraosahaku.fi\/index.php?rest_route=%2Fwp%2Fv2%2Fproduct_tag&post=18689"}],"curies":[{"name":"wp","href":"https:\/\/api.w.org\/{rel}","templated":true}]}}