{"id":18690,"date":"2021-02-21T14:34:23","date_gmt":"2021-02-21T14:34:23","guid":{"rendered":"https:\/\/www.autonvaraosahaku.fi\/?product=tyc-525-0005-lammityslaitteen-puhallin"},"modified":"2021-02-21T14:34:24","modified_gmt":"2021-02-21T14:34:24","slug":"tyc-525-0005-lammityslaitteen-puhallin","status":"publish","type":"product","link":"https:\/\/www.autonvaraosahaku.fi\/?product=tyc-525-0005-lammityslaitteen-puhallin","title":{"rendered":"TYC 525-0005 L\u00e4mmityslaitteen puhallin"},"content":{"rendered":"<p>J\u00e4nnite (V): 13,5; Virtakuormituskesto [A]: 17; Py\u00f6rimisnopeus, majakka [1\/min]: 3500; Nimellisteho (W): 230; Rekister\u00f6ity tyyppi: CE-hyv\u00e4ksynt\u00e4; Varusteet: f\u00fcr Fahrzeuge ohne Klimaanlage; ABARTH: PUNTO 199_,PUNTO EVO 199_; OPEL: CORSA D,ADAM,CORSA D Van,CORSA E,CORSA E Van; FIAT: GRANDE PUNTO 199,PUNTO EVO 199,DOBLO Kasten\/Kombi 263,PUNTO 199,QUBO 225,DOBLO Gro\u00dfraumlimousine 152, 263,FIORINO Kasten\/Kombi 225,LINEA 323,PUNTO Van 199,DOBLO Pritsche\/Fahrgestell 263; CITRO\u00cbN: NEMO Kasten AA_,NEMO Kombi; PEUGEOT: BIPPER AA_,BIPPER Tepee; 0000055702443, 0000077364826, 55702443, 77364529, 77364826, 77364951, 77364956, 77366856, 1611726380, 1611726580, 6441AN, 6441BC, 0000055702443, 0000077364826, 55702443, 77364529, 77364826, 77364951, 77364956, 77366856, 13335075, 1845112, 1845113, 1845133, 55702442, 55702443, 1611726380, 1611726580, 6441AN, 6441BC; Sis\u00e4tilan Puhallin,Sis\u00e4tilapuhallin<\/p>\n","protected":false},"excerpt":{"rendered":"<p>TYC L\u00e4mmityslaitteen Puhallin 525-0005 Sis\u00e4tilan Puhallin,Sis\u00e4tilapuhallin ABARTH,OPEL,FIAT,PUNTO 199_,PUNTO EVO 199_,CORSA D,ADAM,CORSA D Van,CORSA E<\/p>\n","protected":false},"featured_media":0,"template":"","meta":{"site-sidebar-layout":"default","site-content-layout":"default","ast-global-header-display":"","ast-main-header-display":"","ast-hfb-above-header-display":"","ast-hfb-below-header-display":"","ast-hfb-mobile-header-display":"","site-post-title":"","ast-breadcrumbs-content":"","ast-featured-img":"","footer-sml-layout":"","theme-transparent-header-meta":"","adv-header-id-meta":"","stick-header-meta":"","header-above-stick-meta":"","header-main-stick-meta":"","header-below-stick-meta":""},"pwb-brand":[124],"product_cat":[86],"product_tag":[],"class_list":{"0":"post-18690","1":"product","2":"type-product","3":"status-publish","5":"pwb-brand-tyc","6":"product_cat-lammityslaitteen-puhallin","7":"desktop-align-left","8":"tablet-align-left","9":"mobile-align-left","11":"first","12":"instock","13":"product-type-external"},"brands":[{"id":124,"name":"TYC","slug":"tyc"}],"_links":{"self":[{"href":"https:\/\/www.autonvaraosahaku.fi\/index.php?rest_route=\/wp\/v2\/product\/18690","targetHints":{"allow":["GET"]}}],"collection":[{"href":"https:\/\/www.autonvaraosahaku.fi\/index.php?rest_route=\/wp\/v2\/product"}],"about":[{"href":"https:\/\/www.autonvaraosahaku.fi\/index.php?rest_route=\/wp\/v2\/types\/product"}],"wp:attachment":[{"href":"https:\/\/www.autonvaraosahaku.fi\/index.php?rest_route=%2Fwp%2Fv2%2Fmedia&parent=18690"}],"wp:term":[{"taxonomy":"pwb-brand","embeddable":true,"href":"https:\/\/www.autonvaraosahaku.fi\/index.php?rest_route=%2Fwp%2Fv2%2Fpwb-brand&post=18690"},{"taxonomy":"product_cat","embeddable":true,"href":"https:\/\/www.autonvaraosahaku.fi\/index.php?rest_route=%2Fwp%2Fv2%2Fproduct_cat&post=18690"},{"taxonomy":"product_tag","embeddable":true,"href":"https:\/\/www.autonvaraosahaku.fi\/index.php?rest_route=%2Fwp%2Fv2%2Fproduct_tag&post=18690"}],"curies":[{"name":"wp","href":"https:\/\/api.w.org\/{rel}","templated":true}]}}