{"id":18700,"date":"2021-02-21T14:34:27","date_gmt":"2021-02-21T14:34:27","guid":{"rendered":"https:\/\/www.autonvaraosahaku.fi\/?product=mapco-7854-hehkutulppa"},"modified":"2021-02-21T14:34:27","modified_gmt":"2021-02-21T14:34:27","slug":"mapco-7854-hehkutulppa","status":"publish","type":"product","link":"https:\/\/www.autonvaraosahaku.fi\/?product=mapco-7854-hehkutulppa","title":{"rendered":"MAPCO 7854 Hehkutulppa"},"content":{"rendered":"<p>J\u00e4nnite (V): 11,5; Liittimet: 4 mm; Kartionousu: 63; Kierremitta: M10x1,0; Kokonaispituus (mm): 130; Avainv\u00e4li: 10 mm; Kiristysmomentti: 15; Virta (A): 13; Hehkutulppatyyppi: j\u00e4lkihehkutuksenkest\u00e4v\u00e4; Asennussyvyys (mm): 28; Katkeamismomentti [Nm]: 35; Valmistusvuoteen: 06\/1999; MERCEDES-BENZ: C-CLASS W203,E-CLASS W211,C-CLASS T-Model S203,C-CLASS W202,E-CLASS T-Model S211,E-CLASS W210,VIANO W639,C-CLASS Coupe CL203,M-CLASS W163,E-CLASS Kombi S210,VITO Bus W639,CLK C209,C-CLASS Kombi S202,S-CLASS W220,VITO \/ MIXTO Kasten W639,SPRINTER 3,5-t Kasten 906,G-CLASS W463,VITO Bus 638,S-CLASS W140,SPRINTER 3-t Kasten 903,SPRINTER 3,5-t Bus 906,SPRINTER 2-t Bus 901, 902,SPRINTER 3-t Kasten 906,V-CLASS 638\/2,CLC-CLASS CL203,G-CLASS W461,SPRINTER 2-t Kasten 901, 902,SPRINTER 3-t Bus 903,SPRINTER 3,5-t Pritsche\/Fahrgestell 906,SPRINTER 3-t Pritsche\/Fahrgestell 903,VITO Kasten 638,SPRINTER 3-t Bus 906,SPRINTER 4-t Pritsche\/Fahrgestell 904,SPRINTER 2-t Pritsche\/Fahrgestell 901, 902,SPRINTER 5-t Kasten 906,SPRINTER 5-t Pritsche\/Fahrgestell 906,SPRINTER 4-t Kasten 904,G-CLASS Cabrio W463,SPRINTER 3-t Pritsche\/Fahrgestell 906,SPRINTER 4-t Bus 904,SPRINTER 5-t Pritsche\/Fahrgestell 905,SPRINTER 4,6-t Pritsche\/Fahrgestell 906,SPRINTER 4,6-t Kasten 906,SPRINTER Kipper 905; JEEP: GRAND CHEROKEE II WJ, WG; CHRYSLER: PT CRUISER PT_; PUCH: G-MODELL W 463; 05080046AA, 05080047AA, 05080047AB, 05117592AA, 5080046AA, 5080047AA, 5080047AB, 5117592AA, 05080047AA, 05080047AB, 05117592AA, 5080047AA, 5080047AB, 5117592AA, 71775602, 05080046AA, 05080047AA, 05080047AB, 05117592AA, 5080046AA, 5080047AA, 5080047AB, 5117592AA, 0011592801, 0011593701, 0011593801, 0011594201, 0011594801, 0011594901, A0011592801, A001159280164, A0011593701, A0011593801, A0011594201, A0011594801, A0011594901<\/p>\n","protected":false},"excerpt":{"rendered":"<p>MAPCO Hehkutulppa 7854  MERCEDES-BENZ,JEEP,CHRYSLER,C-CLASS W203,E-CLASS W211,C-CLASS T-Model S203,C-CLASS W202,E-CLASS T-Model S211,E-CLASS W210<\/p>\n","protected":false},"featured_media":0,"template":"","meta":{"site-sidebar-layout":"default","site-content-layout":"default","ast-global-header-display":"","ast-main-header-display":"","ast-hfb-above-header-display":"","ast-hfb-below-header-display":"","ast-hfb-mobile-header-display":"","site-post-title":"","ast-breadcrumbs-content":"","ast-featured-img":"","footer-sml-layout":"","theme-transparent-header-meta":"","adv-header-id-meta":"","stick-header-meta":"","header-above-stick-meta":"","header-main-stick-meta":"","header-below-stick-meta":""},"pwb-brand":[36],"product_cat":[52],"product_tag":[],"class_list":{"0":"post-18700","1":"product","2":"type-product","3":"status-publish","5":"pwb-brand-mapco","6":"product_cat-hehkutulppa","7":"desktop-align-left","8":"tablet-align-left","9":"mobile-align-left","11":"first","12":"instock","13":"product-type-external"},"brands":[{"id":36,"name":"MAPCO","slug":"mapco"}],"_links":{"self":[{"href":"https:\/\/www.autonvaraosahaku.fi\/index.php?rest_route=\/wp\/v2\/product\/18700","targetHints":{"allow":["GET"]}}],"collection":[{"href":"https:\/\/www.autonvaraosahaku.fi\/index.php?rest_route=\/wp\/v2\/product"}],"about":[{"href":"https:\/\/www.autonvaraosahaku.fi\/index.php?rest_route=\/wp\/v2\/types\/product"}],"wp:attachment":[{"href":"https:\/\/www.autonvaraosahaku.fi\/index.php?rest_route=%2Fwp%2Fv2%2Fmedia&parent=18700"}],"wp:term":[{"taxonomy":"pwb-brand","embeddable":true,"href":"https:\/\/www.autonvaraosahaku.fi\/index.php?rest_route=%2Fwp%2Fv2%2Fpwb-brand&post=18700"},{"taxonomy":"product_cat","embeddable":true,"href":"https:\/\/www.autonvaraosahaku.fi\/index.php?rest_route=%2Fwp%2Fv2%2Fproduct_cat&post=18700"},{"taxonomy":"product_tag","embeddable":true,"href":"https:\/\/www.autonvaraosahaku.fi\/index.php?rest_route=%2Fwp%2Fv2%2Fproduct_tag&post=18700"}],"curies":[{"name":"wp","href":"https:\/\/api.w.org\/{rel}","templated":true}]}}