{"id":18727,"date":"2021-02-21T14:34:31","date_gmt":"2021-02-21T14:34:31","guid":{"rendered":"https:\/\/www.autonvaraosahaku.fi\/?product=fanfaro-ff6708-4-moottorioljy"},"modified":"2021-02-21T14:34:32","modified_gmt":"2021-02-21T14:34:32","slug":"fanfaro-ff6708-4-moottorioljy","status":"publish","type":"product","link":"https:\/\/www.autonvaraosahaku.fi\/?product=fanfaro-ff6708-4-moottorioljy","title":{"rendered":"FANFARO FF6708-4 Moottori\u00f6ljy"},"content":{"rendered":"<p>Tilavuus (litra): 4; Viskositeettiluokka SAE: 5W-30; Erittely: API SN, ILSAC GF-5; Pakkaustyyppi: Kanisteri; Tuotelinja: O.E.M. Line; Versio: 6708 O.E.M.; API-m\u00e4\u00e4rittely: ilman sis\u00e4\u00e4nrakennettua \u00f6ljyl\u00e4mp\u00f6tilan sensoria; TOYOTA: YARIS SCP9_, NSP9_, KSP9_, NCP9_, ZSP9_,AVENSIS Kombi T25,COROLLA Verso ZER_, ZZE12_, R1_,AYGO WNB1_, KGB1_,AURIS NRE15_, ZZE15_, ADE15_, ZRE15_, NDE15_,RAV 4 III ACA3_, ACE_, ALA3_, GSA3_, ZSA3_,COROLLA ZZE12_, NDE12_, ZDE12_,AVENSIS Station Wagon ZRT27, ADT27,VERSO _AUR2_, _ZGR2_,AVENSIS T25_,YARIS NHP13_, NSP13_, NCP13_, KSP13_, NLP13_,AURIS NZE18_, ZRE18_,COROLLA Kombi _E12J_, _E12T_,PRIUS Liftback NHW20_,AVENSIS Stufenheck T25,AURIS TOURING SPORTS ADE18_, ZWE18_, ZRE18_,IQ KPJ1_, NGJ1_, KGJ1_, NUJ1_,COROLLA Verso ZDE12_, CDE12_,PRIUS ZVW3_,GT 86 Coupe ZN6_,AVENSIS Stufenheck ZRT27, ADT27,RAV 4 IV ZSA4_, ALA4_,LAND CRUISER KDJ12_, GRJ12_,VERSO S NLP12_, NCP12_, NSP12_,COROLLA Stufenheck _E12J_, _E12T_,LAND CRUISER 90 _J9_,AVENSIS VERSO _CLM2_, _ACM2_,VIOS\/YARIS Stufenheck ZSP9_, NCP9_,PRIUS PLUS ZVW4_,LAND CRUISER 100 UZJ100,URBAN CRUISER NSP1_, NLP1_, ZSP1_, NCP11_,LAND CRUISER 150 KDJ15_, GRJ15_,CAMRY MCV3_, ACV3_, _XV3_,LAND CRUISER VDJ20_, UZJ20_,PRIUS Stufenheck NHW1; DAIHATSU: MATERIA M4_,CHARADE; LEXUS: IS II GSE2_, ALE2_, USE2_,RX MHU3_, GSU3_, MCU3_,IS I JCE1_, GXE1_,GS GRS19_, UZS19_, GWS19_,RX GYL1_, GGL15, AGL10,CT ZWA1_,GS UZS161, JZS160,IS SportCross,RX MCU15,IS III GSE3_, AVE3_,LS UVF4_, USF4_,GS GRL1_, GWL1_,SC UZZ40_,LS UCF30,IS C GSE2_,NX ZGZ1_, AGZ1_, AYZ1_,RC GSC1_, USC1_<\/p>\n","protected":false},"excerpt":{"rendered":"<p>FANFARO Moottori\u00f6ljy FF6708-4<\/p>\n","protected":false},"featured_media":0,"template":"","meta":{"site-sidebar-layout":"default","site-content-layout":"default","ast-global-header-display":"","ast-main-header-display":"","ast-hfb-above-header-display":"","ast-hfb-below-header-display":"","ast-hfb-mobile-header-display":"","site-post-title":"","ast-breadcrumbs-content":"","ast-featured-img":"","footer-sml-layout":"","theme-transparent-header-meta":"","adv-header-id-meta":"","stick-header-meta":"","header-above-stick-meta":"","header-main-stick-meta":"","header-below-stick-meta":""},"pwb-brand":[160],"product_cat":[129],"product_tag":[],"class_list":{"0":"post-18727","1":"product","2":"type-product","3":"status-publish","5":"pwb-brand-fanfaro","6":"product_cat-moottorioljy","7":"desktop-align-left","8":"tablet-align-left","9":"mobile-align-left","11":"first","12":"instock","13":"product-type-external"},"brands":[{"id":160,"name":"FANFARO","slug":"fanfaro"}],"_links":{"self":[{"href":"https:\/\/www.autonvaraosahaku.fi\/index.php?rest_route=\/wp\/v2\/product\/18727","targetHints":{"allow":["GET"]}}],"collection":[{"href":"https:\/\/www.autonvaraosahaku.fi\/index.php?rest_route=\/wp\/v2\/product"}],"about":[{"href":"https:\/\/www.autonvaraosahaku.fi\/index.php?rest_route=\/wp\/v2\/types\/product"}],"wp:attachment":[{"href":"https:\/\/www.autonvaraosahaku.fi\/index.php?rest_route=%2Fwp%2Fv2%2Fmedia&parent=18727"}],"wp:term":[{"taxonomy":"pwb-brand","embeddable":true,"href":"https:\/\/www.autonvaraosahaku.fi\/index.php?rest_route=%2Fwp%2Fv2%2Fpwb-brand&post=18727"},{"taxonomy":"product_cat","embeddable":true,"href":"https:\/\/www.autonvaraosahaku.fi\/index.php?rest_route=%2Fwp%2Fv2%2Fproduct_cat&post=18727"},{"taxonomy":"product_tag","embeddable":true,"href":"https:\/\/www.autonvaraosahaku.fi\/index.php?rest_route=%2Fwp%2Fv2%2Fproduct_tag&post=18727"}],"curies":[{"name":"wp","href":"https:\/\/api.w.org\/{rel}","templated":true}]}}