{"id":18747,"date":"2021-02-21T14:34:35","date_gmt":"2021-02-21T14:34:35","guid":{"rendered":"https:\/\/www.autonvaraosahaku.fi\/?product=ridex-4g0067-laturi"},"modified":"2021-02-21T14:34:36","modified_gmt":"2021-02-21T14:34:36","slug":"ridex-4g0067-laturi","status":"publish","type":"product","link":"https:\/\/www.autonvaraosahaku.fi\/?product=ridex-4g0067-laturi","title":{"rendered":"RIDEX 4G0067 Laturi"},"content":{"rendered":"<p>Ajoneuvon virtapiiri: Autoihin joissa 12V virtapiiri; J\u00e4nnite (V): 14; Laturi varausvirta (A): 150; Hihnapy\u00f6r\u00e4t: V\u00e4lihihnapy\u00f6r\u00e4ll\u00e4; Hihnapy\u00f6r\u00e4-\u00d8[mm]: 56; kiiloja: 5; Liitin: M8 B+; Pistokemallin tunnus: LIN Plug 236, 3 Pins white plug; Pituus 1 (mm): 33; Pituus 2 (mm): 74; Reik\u00e4-\u00d8 1 [mm]: 9; Reik\u00e4-\u00d8 2 [mm]: 18; Paksuus 1 [mm]: 33; Paksuus 2 [mm]: 38; Pituus 3 [mm]: 90; Nettopaino [kg]: 6; Valmistusvuoteen: 07\/2006; VOLVO: V50 MW,C30,S40 II MS,C70 II Cabriolet; FORD: FOCUS II DA_; 3M5T10300SC, 3M5T10300SD, 30659346, 30659369, 30667103, 30737529, 36001463, 8603496; Generaattori<\/p>\n","protected":false},"excerpt":{"rendered":"<p>RIDEX Laturi 4G0067 Generaattori VOLVO,FORD,V50 MW,C30,S40 II MS,C70 II Cabriolet,FOCUS II DA_<\/p>\n","protected":false},"featured_media":0,"template":"","meta":{"site-sidebar-layout":"default","site-content-layout":"default","ast-global-header-display":"","ast-main-header-display":"","ast-hfb-above-header-display":"","ast-hfb-below-header-display":"","ast-hfb-mobile-header-display":"","site-post-title":"","ast-breadcrumbs-content":"","ast-featured-img":"","footer-sml-layout":"","theme-transparent-header-meta":"","adv-header-id-meta":"","stick-header-meta":"","header-above-stick-meta":"","header-main-stick-meta":"","header-below-stick-meta":""},"pwb-brand":[157],"product_cat":[357],"product_tag":[],"class_list":{"0":"post-18747","1":"product","2":"type-product","3":"status-publish","5":"pwb-brand-ridex","6":"product_cat-laturi","7":"desktop-align-left","8":"tablet-align-left","9":"mobile-align-left","11":"first","12":"instock","13":"product-type-external"},"brands":[{"id":157,"name":"RIDEX","slug":"ridex"}],"_links":{"self":[{"href":"https:\/\/www.autonvaraosahaku.fi\/index.php?rest_route=\/wp\/v2\/product\/18747","targetHints":{"allow":["GET"]}}],"collection":[{"href":"https:\/\/www.autonvaraosahaku.fi\/index.php?rest_route=\/wp\/v2\/product"}],"about":[{"href":"https:\/\/www.autonvaraosahaku.fi\/index.php?rest_route=\/wp\/v2\/types\/product"}],"wp:attachment":[{"href":"https:\/\/www.autonvaraosahaku.fi\/index.php?rest_route=%2Fwp%2Fv2%2Fmedia&parent=18747"}],"wp:term":[{"taxonomy":"pwb-brand","embeddable":true,"href":"https:\/\/www.autonvaraosahaku.fi\/index.php?rest_route=%2Fwp%2Fv2%2Fpwb-brand&post=18747"},{"taxonomy":"product_cat","embeddable":true,"href":"https:\/\/www.autonvaraosahaku.fi\/index.php?rest_route=%2Fwp%2Fv2%2Fproduct_cat&post=18747"},{"taxonomy":"product_tag","embeddable":true,"href":"https:\/\/www.autonvaraosahaku.fi\/index.php?rest_route=%2Fwp%2Fv2%2Fproduct_tag&post=18747"}],"curies":[{"name":"wp","href":"https:\/\/api.w.org\/{rel}","templated":true}]}}