{"id":18759,"date":"2021-02-21T14:34:39","date_gmt":"2021-02-21T14:34:39","guid":{"rendered":"https:\/\/www.autonvaraosahaku.fi\/?product=ridex-854s1539-iskunvaimennin"},"modified":"2021-02-21T14:34:39","modified_gmt":"2021-02-21T14:34:39","slug":"ridex-854s1539-iskunvaimennin","status":"publish","type":"product","link":"https:\/\/www.autonvaraosahaku.fi\/?product=ridex-854s1539-iskunvaimennin","title":{"rendered":"RIDEX 854S1539 Iskunvaimennin"},"content":{"rendered":"<p>Asennuspuoli: Taka-akseli; Iskunvaimennin tyyppi: Kaasupaine; Iskunvaimennusj\u00e4rjestelm\u00e4: Kaksiputki; Iskunvaimennin asennustapa: Tappi ylh\u00e4\u00e4ll\u00e4, Silmukka alhaalla; Varusteet: f\u00fcr Fahrzeuge ohne Niveauregulierung; DAEWOO: LANOS KLAT,LANOS Stufenheck KLAT,NEXIA KLETN,ESPERO KLEJ,NEXIA Stufenheck KLETN,CIELO Stufenheck; OPEL: ASTRA F CC 53_, 54_, 58_, 59_,VECTRA A 86_, 87_,ASTRA F Cabriolet 53_B,ASTRA F 56_, 57_,KADETT E CC 33_, 34_, 43_, 44_,VECTRA A CC 88_, 89_,KADETT E Cabriolet 43B_,ASCONA C 81_, 86_, 87_, 88_,ASTRA F CLASSIC CC,KADETT D 31_-34_, 41_-44_,ASTRA F CLASSIC Stufenheck,KADETT E 39_, 49_,ASCONA C CC 84_, 89_,KADETT D 32_,37_,39, _42; VAUXHALL: ASTRA Mk III F CC,ASTRA Mk II CC,CAVALIER Mk III 87,CAVALIER Mk III CC,CAVALIER Mk II CC; 436001, 436004, 436006, 436008, 436009, 436010, 436030, 436035, 436049, 436054, 436064, 436071, 436072, 436112, 436113, 436135, 436202, 436217, 436218, 436219, 436224, 436233, 436235, 436488, 436489, 436506, 436512, 436520, 436526, 436529, 436530, 436571, 436575, 436580, 436595, 436596, 436598, 72118762, 7455025, 90272953, 90373164, 96208557, 96208558, 96212997, 96226990, 96246626, D96208558, 72118762, 22012276, 22081177, 22081231, 426218, 436000, 436005, 436007, 436013, 436021, 436025, 436028, 436036, 436059, 436073, 436077, 436087, 436088, 436129, 436148, 436195, 436205, 436206, 436207, 436209, 436557, 436558, 436582, 436583, 436591, 436592, 436593, 436594, 436597, 436599, 72080190, 72081670, 72118266, 72118763, 72118765, 72118772, 72118777, 72118784, 72118786, 7455025, 77118762, 9004365, 90193744, 90268695, 90271096, 90271097, 90272953, 90295311, 90295385, 90297719, 90297919, 90297920, 90304471, 90335187, 90335772, 90335773, 90335774, 90342004, 90348212, 90348397, 90348398, 903483&#8230;; Iskarit,Iskunvaimennin<\/p>\n","protected":false},"excerpt":{"rendered":"<p>RIDEX Iskunvaimentimet 854S1539 Iskarit,Iskunvaimennin DAEWOO,OPEL,VAUXHALL,LANOS KLAT,LANOS Stufenheck KLAT,NEXIA KLETN,ESPERO KLEJ<\/p>\n","protected":false},"featured_media":0,"template":"","meta":{"site-sidebar-layout":"default","site-content-layout":"default","ast-global-header-display":"","ast-main-header-display":"","ast-hfb-above-header-display":"","ast-hfb-below-header-display":"","ast-hfb-mobile-header-display":"","site-post-title":"","ast-breadcrumbs-content":"","ast-featured-img":"","footer-sml-layout":"","theme-transparent-header-meta":"","adv-header-id-meta":"","stick-header-meta":"","header-above-stick-meta":"","header-main-stick-meta":"","header-below-stick-meta":""},"pwb-brand":[157],"product_cat":[80],"product_tag":[],"class_list":{"0":"post-18759","1":"product","2":"type-product","3":"status-publish","5":"pwb-brand-ridex","6":"product_cat-iskunvaimennin","7":"desktop-align-left","8":"tablet-align-left","9":"mobile-align-left","11":"first","12":"instock","13":"product-type-external"},"brands":[{"id":157,"name":"RIDEX","slug":"ridex"}],"_links":{"self":[{"href":"https:\/\/www.autonvaraosahaku.fi\/index.php?rest_route=\/wp\/v2\/product\/18759","targetHints":{"allow":["GET"]}}],"collection":[{"href":"https:\/\/www.autonvaraosahaku.fi\/index.php?rest_route=\/wp\/v2\/product"}],"about":[{"href":"https:\/\/www.autonvaraosahaku.fi\/index.php?rest_route=\/wp\/v2\/types\/product"}],"wp:attachment":[{"href":"https:\/\/www.autonvaraosahaku.fi\/index.php?rest_route=%2Fwp%2Fv2%2Fmedia&parent=18759"}],"wp:term":[{"taxonomy":"pwb-brand","embeddable":true,"href":"https:\/\/www.autonvaraosahaku.fi\/index.php?rest_route=%2Fwp%2Fv2%2Fpwb-brand&post=18759"},{"taxonomy":"product_cat","embeddable":true,"href":"https:\/\/www.autonvaraosahaku.fi\/index.php?rest_route=%2Fwp%2Fv2%2Fproduct_cat&post=18759"},{"taxonomy":"product_tag","embeddable":true,"href":"https:\/\/www.autonvaraosahaku.fi\/index.php?rest_route=%2Fwp%2Fv2%2Fproduct_tag&post=18759"}],"curies":[{"name":"wp","href":"https:\/\/api.w.org\/{rel}","templated":true}]}}