{"id":18762,"date":"2021-02-21T14:34:39","date_gmt":"2021-02-21T14:34:39","guid":{"rendered":"https:\/\/www.autonvaraosahaku.fi\/?product=johns-ksp-20-08-001-polttoainepumppu"},"modified":"2021-02-21T14:34:40","modified_gmt":"2021-02-21T14:34:40","slug":"johns-ksp-20-08-001-polttoainepumppu","status":"publish","type":"product","link":"https:\/\/www.autonvaraosahaku.fi\/?product=johns-ksp-20-08-001-polttoainepumppu","title":{"rendered":"JOHNS KSP 20 08-001 Polttoainepumppu"},"content":{"rendered":"<p>K\u00e4ytt\u00f6: S\u00e4hk\u00f6inen; Asennuspuoli: Polttoainejohdin; Paine (bar): 5,0; Siirtom\u00e4\u00e4r\u00e4 (l\/h): 180; BMW: 3 E46,5 E39,3 Touring E46,5 Touring E39,3 Compact E46,3 Coupe E46,X5 E53,3 Cabriolet E46,7 E38; LAND ROVER: FREELANDER LN,RANGE ROVER III LM; ROVER: 75 RJ,75 Tourer RJ; OPEL: OMEGA B Caravan 21_, 22_, 23_,OMEGA B 25_, 26_, 27_; MG: MG ZT- T,MG ZT; 16114028194, 16117165590, 16121184633, 16124024376, 16124024377, 16126750016, 16126750603, 16126756000, 16126756157, 16126757305, 16126757530, 16126757531, 16126757607, 16126757702, 16126758498, 16126758525, 16144024378, 16146751867, 16146755456, 16146767383<\/p>\n","protected":false},"excerpt":{"rendered":"<p>JOHNS Polttoainepumppu KSP 20 08-001  BMW,LAND ROVER,ROVER,3 E46,5 E39,3 Touring E46,5 Touring E39,3 Compact E46,3 Coupe E46,X5 E53,3 Cabriolet E46<\/p>\n","protected":false},"featured_media":0,"template":"","meta":{"site-sidebar-layout":"default","site-content-layout":"default","ast-global-header-display":"","ast-main-header-display":"","ast-hfb-above-header-display":"","ast-hfb-below-header-display":"","ast-hfb-mobile-header-display":"","site-post-title":"","ast-breadcrumbs-content":"","ast-featured-img":"","footer-sml-layout":"","theme-transparent-header-meta":"","adv-header-id-meta":"","stick-header-meta":"","header-above-stick-meta":"","header-main-stick-meta":"","header-below-stick-meta":""},"pwb-brand":[214],"product_cat":[73],"product_tag":[],"class_list":{"0":"post-18762","1":"product","2":"type-product","3":"status-publish","5":"pwb-brand-johns","6":"product_cat-polttoainepumppu","7":"desktop-align-left","8":"tablet-align-left","9":"mobile-align-left","11":"first","12":"instock","13":"product-type-external"},"brands":[{"id":214,"name":"JOHNS","slug":"johns"}],"_links":{"self":[{"href":"https:\/\/www.autonvaraosahaku.fi\/index.php?rest_route=\/wp\/v2\/product\/18762","targetHints":{"allow":["GET"]}}],"collection":[{"href":"https:\/\/www.autonvaraosahaku.fi\/index.php?rest_route=\/wp\/v2\/product"}],"about":[{"href":"https:\/\/www.autonvaraosahaku.fi\/index.php?rest_route=\/wp\/v2\/types\/product"}],"wp:attachment":[{"href":"https:\/\/www.autonvaraosahaku.fi\/index.php?rest_route=%2Fwp%2Fv2%2Fmedia&parent=18762"}],"wp:term":[{"taxonomy":"pwb-brand","embeddable":true,"href":"https:\/\/www.autonvaraosahaku.fi\/index.php?rest_route=%2Fwp%2Fv2%2Fpwb-brand&post=18762"},{"taxonomy":"product_cat","embeddable":true,"href":"https:\/\/www.autonvaraosahaku.fi\/index.php?rest_route=%2Fwp%2Fv2%2Fproduct_cat&post=18762"},{"taxonomy":"product_tag","embeddable":true,"href":"https:\/\/www.autonvaraosahaku.fi\/index.php?rest_route=%2Fwp%2Fv2%2Fproduct_tag&post=18762"}],"curies":[{"name":"wp","href":"https:\/\/api.w.org\/{rel}","templated":true}]}}