{"id":18763,"date":"2021-02-21T14:34:39","date_gmt":"2021-02-21T14:34:39","guid":{"rendered":"https:\/\/www.autonvaraosahaku.fi\/?product=kroon-oil-32382-moottorioljy"},"modified":"2021-02-21T14:34:40","modified_gmt":"2021-02-21T14:34:40","slug":"kroon-oil-32382-moottorioljy","status":"publish","type":"product","link":"https:\/\/www.autonvaraosahaku.fi\/?product=kroon-oil-32382-moottorioljy","title":{"rendered":"KROON OIL 32382 Moottori\u00f6ljy"},"content":{"rendered":"<p>\u00d6ljy: Synteettinen \u00f6ljy; Viskositeettiluokka SAE: 0W-30; Pakkaustyyppi: Pullo; Tilavuus (litra): 1; Erittely: ACEA C2; Valmistajan hyv\u00e4ksym\u00e4: Ford WSS-M2C950-A, STJLR.03.5007; Tuotelinja: DURANZA; Versio: MSP; API-m\u00e4\u00e4rittely: SF; FORD: FIESTA VI,FOCUS III Turnier,FOCUS III,C-MAX II,RANGER TKE,KUGA II DM2,GRAND C-MAX,B-MAX JK,ECOSPORT,FOCUS III Stufenheck,TRANSIT CUSTOM Kasten,TOURNEO CUSTOM Bus,TRANSIT CUSTOM Bus,TOURNEO CONNECT \/ GRAND TOURNEO CONNECT Kombi,FIESTA VI Van,TRANSIT CONNECT Kasten,MONDEO V Turnier,S-MAX,MONDEO V Stufenheck,TRANSIT Custom  Bus,GRAND C-MAX Van,FIESTA VII,GALAXY,TRANSIT Custom Pritsche\/Fahrgestell,MONDEO V Schr\u00e4gheck,C-MAX II Van,B-MAX Van,TRANSIT CONNECT Kombi,KUGA II Van,FOCUS III Kasten\/Schr\u00e4gheck,KA; PEUGEOT: 206 Schr\u00e4gheck 2A\/C,206 CC 2D,207 WA_, WC_,307 SW 3H,407 SW 6E_,307 3A\/C,207 SW WK_,107,308 SW,206 SW 2E\/K,308 4A_, 4C_,307 Break 3E,407 6D_,1007 KM_,PARTNER Combispace 5F,4007 GP_,PARTNER Kasten 5,EXPERT Tepee VF3V_,EXPERT Kasten VF3A_, VF3U_, VF3X_,206 Stufenheck,BIPPER AA_,BIPPER Tepee,207 Van,EXPERT Pritsche\/Fahrgestell; TOYOTA: YARIS SCP9_, NSP9_, KSP9_, NCP9_, ZSP9_,AURIS NRE15_, ZZE15_, ADE15_, ZRE15_, NDE15_,RAV 4 III ACA3_, ACE_, ALA3_, GSA3_, ZSA3_,AVENSIS Station Wagon ZRT27, ADT27,VERSO _AUR2_, _ZGR2_,YARIS NHP13_, NSP13_, NCP13_, KSP13_, NLP13_,AURIS NZE18_, ZRE18_,AURIS TOURING SPORTS ADE18_, ZWE18_, ZRE18_,IQ KPJ1_, NGJ1_, KGJ1_, NUJ1_,AVENSIS Stufenheck ZRT27, ADT27,RAV 4 IV ZSA4_, ALA4_,HILUX III Pick-up TGN1_, GGN2_, GGN1_, KUN2_, KUN1_,VERSO S NLP12_, NCP12_, NSP12_,URBAN CRUISER NSP1_, NLP1_, ZSP1_, NCP11_,LAND CRUISER 150 KDJ15_, GRJ15_,LAND CRUISER VDJ20_, UZJ20_,COROLLA Stufenheck E15_,COROLLA Stufenheck NRE18_, ZRE17_, ZRE18_, NDE18_,AURIS VAN Kasten ZRE18_, NZE18_,DYNA Pritsche\/Fahrgestell KD_, LY_, TRY2_, KDY2_, XZU4_, XZ,HILUX Pick-up GUN1_; HYUNDAI: i40 CW VF,i30 GD,ix20 JC,i30 CW GD,SANTA F\u00c9 III DM,i30 Coupe,i40 VF,GRAND SANTA F\u00c9,TUCSON,ELANTRA Stufenheck MD, UD,i20 GB,i30 PDE,i30 Kombi PDE,i20 ACTIVE GB,i20 Coupe,KONA OS; CITRO\u00cbN: C1 PM_, PN_,BERLINGO MF,C2 JM_,C3 I FC_,C4 Picasso I UD_,C4 Grand Picasso I UA_,C4 I LC_,BERLINGO Kasten M_,C5 II Break RE_,C4 Coupe LA_,C3 Pluriel HB_,C5 II RC_,NEMO Kasten AA_,NEMO Kombi,C2 ENTERPRISE; KIA: SPORTAGE SL,VENGA YN,RIO III UB,CEE&#8217;D JD,CEE`D Sportswagon JD,CARENS IV,PRO CEE\u00b4D JD,OPTIMA,SPORTAGE QL,SORENTO III,SOUL II PS,OPTIMA Sportswagon,RIO IV YB,CEE&#8217;D Combi Van JD,PICANTO JA; HONDA: CIVIC VIII Hatchback FN, FK,CR-V III RE,ACCORD VII CL,FR-V BE,CR-V IV RE,ACCORD VIII CU,ACCORD VII Tourer CM,CIVIC IX FK,ACCORD VIII Kombi,CIVIC IX Tourer FK,HR-V RU,CIVIC X Schr\u00e4gheck FC_, FK,CIVIC X Stufenheck FC_; MITSUBISHI: ASX GA_W_,OUTLANDER XL II CW_W,OUTLANDER III GG_W, GF_W, ZJ,LANCER SPORTBACK CX_A,LANCER Stufenheck CY\/Z_A,PAJERO IV V8_W, V9_W,L 200 KB_T, KA_T,PAJERO IV Van V90, V80,ASX Van GA_W_,L200 KJ_; SUZUKI: SX4 S-Cross,VITARA LY; IVECO: DAILY VI Kasten\/Kombi,DAILY VI Pritsche\/Fahrgestell,DAILY VI Bus,DAILY TOURYS Bus,DAILY CITYS<\/p>\n","protected":false},"excerpt":{"rendered":"<p>KROON OIL Moottori\u00f6ljy 32382<\/p>\n","protected":false},"featured_media":0,"template":"","meta":{"site-sidebar-layout":"default","site-content-layout":"default","ast-global-header-display":"","ast-main-header-display":"","ast-hfb-above-header-display":"","ast-hfb-below-header-display":"","ast-hfb-mobile-header-display":"","site-post-title":"","ast-breadcrumbs-content":"","ast-featured-img":"","footer-sml-layout":"","theme-transparent-header-meta":"","adv-header-id-meta":"","stick-header-meta":"","header-above-stick-meta":"","header-main-stick-meta":"","header-below-stick-meta":""},"pwb-brand":[390],"product_cat":[129],"product_tag":[],"class_list":{"0":"post-18763","1":"product","2":"type-product","3":"status-publish","5":"pwb-brand-kroon-oil","6":"product_cat-moottorioljy","7":"desktop-align-left","8":"tablet-align-left","9":"mobile-align-left","11":"first","12":"instock","13":"product-type-external"},"brands":[{"id":390,"name":"KROON OIL","slug":"kroon-oil"}],"_links":{"self":[{"href":"https:\/\/www.autonvaraosahaku.fi\/index.php?rest_route=\/wp\/v2\/product\/18763","targetHints":{"allow":["GET"]}}],"collection":[{"href":"https:\/\/www.autonvaraosahaku.fi\/index.php?rest_route=\/wp\/v2\/product"}],"about":[{"href":"https:\/\/www.autonvaraosahaku.fi\/index.php?rest_route=\/wp\/v2\/types\/product"}],"wp:attachment":[{"href":"https:\/\/www.autonvaraosahaku.fi\/index.php?rest_route=%2Fwp%2Fv2%2Fmedia&parent=18763"}],"wp:term":[{"taxonomy":"pwb-brand","embeddable":true,"href":"https:\/\/www.autonvaraosahaku.fi\/index.php?rest_route=%2Fwp%2Fv2%2Fpwb-brand&post=18763"},{"taxonomy":"product_cat","embeddable":true,"href":"https:\/\/www.autonvaraosahaku.fi\/index.php?rest_route=%2Fwp%2Fv2%2Fproduct_cat&post=18763"},{"taxonomy":"product_tag","embeddable":true,"href":"https:\/\/www.autonvaraosahaku.fi\/index.php?rest_route=%2Fwp%2Fv2%2Fproduct_tag&post=18763"}],"curies":[{"name":"wp","href":"https:\/\/api.w.org\/{rel}","templated":true}]}}