{"id":18796,"date":"2021-02-21T14:34:43","date_gmt":"2021-02-21T14:34:43","guid":{"rendered":"https:\/\/www.autonvaraosahaku.fi\/?product=as-pl-a4003pr-laturi"},"modified":"2021-02-21T14:34:45","modified_gmt":"2021-02-21T14:34:45","slug":"as-pl-a4003pr-laturi","status":"publish","type":"product","link":"https:\/\/www.autonvaraosahaku.fi\/?product=as-pl-a4003pr-laturi","title":{"rendered":"AS-PL A4003PR Laturi"},"content":{"rendered":"<p>Pituus 1 (mm): 54,00; Pituus 2 (mm): 32,00; J\u00e4nnite (V): 12; Laturi varausvirta (A): 65; Hihnapy\u00f6r\u00e4t: Hihnapy\u00f6r\u00e4ll\u00e4; Moottorinumero: LCT; FORD: SIERRA Kombi BNC; FIAT: PUNTO 188,PANDA 169,SEICENTO 187,DOBLO Cargo 223,PUNTO 176,DOBLO 119,PANDA Van 169,PANDA 141A_,STRADA Pick-up 178E,PUNTO Van 188AX,PUNTO Cabriolet 176C,PALIO Weekend 178DX,SEICENTO Van 187,PANDA Van 141_,PUNTO Van 176L,PALIO 178BX,SIENA 178_; PEUGEOT: EXPERT Pritsche\/Fahrgestell 223; CITRO\u00cbN: JUMPY U6U; LANCIA: YPSILON 843,Y 840A; 43420960, 46231693, 46407644, 46407647, 46419297, 46420960, 46530060, 46758244, 46800157, 46800158, 46843093, 5895028, 71721120, 71721152, 7715541, 7779915; Generaattori<\/p>\n","protected":false},"excerpt":{"rendered":"<p>AS-PL Laturi Brand new AS-PL Starter motor 97VB11000AA A4003PR Generaattori FORD,FIAT,PEUGEOT,SIERRA Kombi BNC,PUNTO 188,PANDA 169,SEICENTO 187<\/p>\n","protected":false},"featured_media":0,"template":"","meta":{"site-sidebar-layout":"default","site-content-layout":"default","ast-global-header-display":"","ast-main-header-display":"","ast-hfb-above-header-display":"","ast-hfb-below-header-display":"","ast-hfb-mobile-header-display":"","site-post-title":"","ast-breadcrumbs-content":"","ast-featured-img":"","footer-sml-layout":"","theme-transparent-header-meta":"","adv-header-id-meta":"","stick-header-meta":"","header-above-stick-meta":"","header-main-stick-meta":"","header-below-stick-meta":""},"pwb-brand":[347],"product_cat":[357],"product_tag":[],"class_list":{"0":"post-18796","1":"product","2":"type-product","3":"status-publish","5":"pwb-brand-as-pl","6":"product_cat-laturi","7":"desktop-align-left","8":"tablet-align-left","9":"mobile-align-left","11":"first","12":"instock","13":"product-type-external"},"brands":[{"id":347,"name":"AS-PL","slug":"as-pl"}],"_links":{"self":[{"href":"https:\/\/www.autonvaraosahaku.fi\/index.php?rest_route=\/wp\/v2\/product\/18796","targetHints":{"allow":["GET"]}}],"collection":[{"href":"https:\/\/www.autonvaraosahaku.fi\/index.php?rest_route=\/wp\/v2\/product"}],"about":[{"href":"https:\/\/www.autonvaraosahaku.fi\/index.php?rest_route=\/wp\/v2\/types\/product"}],"wp:attachment":[{"href":"https:\/\/www.autonvaraosahaku.fi\/index.php?rest_route=%2Fwp%2Fv2%2Fmedia&parent=18796"}],"wp:term":[{"taxonomy":"pwb-brand","embeddable":true,"href":"https:\/\/www.autonvaraosahaku.fi\/index.php?rest_route=%2Fwp%2Fv2%2Fpwb-brand&post=18796"},{"taxonomy":"product_cat","embeddable":true,"href":"https:\/\/www.autonvaraosahaku.fi\/index.php?rest_route=%2Fwp%2Fv2%2Fproduct_cat&post=18796"},{"taxonomy":"product_tag","embeddable":true,"href":"https:\/\/www.autonvaraosahaku.fi\/index.php?rest_route=%2Fwp%2Fv2%2Fproduct_tag&post=18796"}],"curies":[{"name":"wp","href":"https:\/\/api.w.org\/{rel}","templated":true}]}}