{"id":18801,"date":"2021-02-21T14:34:47","date_gmt":"2021-02-21T14:34:47","guid":{"rendered":"https:\/\/www.autonvaraosahaku.fi\/?product=meyle-014-135-1404-muut-luokat"},"modified":"2021-02-21T14:34:47","modified_gmt":"2021-02-21T14:34:47","slug":"meyle-014-135-1404-muut-luokat","status":"publish","type":"product","link":"https:\/\/www.autonvaraosahaku.fi\/?product=meyle-014-135-1404-muut-luokat","title":{"rendered":"MEYLE 014 135 1404 Muut luokat"},"content":{"rendered":"<p>Vaihteistomalli: W7N 700, W7C 700, W7C 1000, W7B 700, K7X 1000, K7C 1000, 7G-TRONIC +, 722.9, W7X 700; Vaihteistomalli: Automaattivaihteisto, 7-vaiht.; Valmistaja rajaus: MERCEDES-BENZ; Lis\u00e4tarvike\/lis\u00e4tieto: Tarvikkeilla; M\u00e4\u00e4r\u00e4yksikk\u00f6: Sarja; Lis\u00e4ainetyyppi: pienempi kitka; Vaihteistonumero: 722.906; MERCEDES-BENZ: C-CLASS W204,C-CLASS T-Model S204,E-CLASS W212,M-CLASS W164,E-CLASS T-Model S212,GLK-CLASS X204,SLK R171,SPRINTER 3,5-t Kasten 906,S-CLASS W221,CLS C219,SL R230,R-CLASS W251, V251,M-CLASS W166,G-CLASS W463,E-CLASS Coupe C207,C-CLASS Coupe C204,SPRINTER 3,5-t Bus 906,SPRINTER 3-t Kasten 906,SLK R172,E-CLASS Cabriolet A207,GL-CLASS X164,CLS C218,SPRINTER 3,5-t Pritsche\/Fahrgestell 906,S-CLASS Coupe C216,CLS Shooting Brake X218,S-CLASS W222, V222, X222,SPRINTER 5-t Pritsche\/Fahrgestell 906,GL-CLASS X166,SL R231,G-CLASS Cabrio W463,SPRINTER 3-t Pritsche\/Fahrgestell 906,C-CLASS T-Model S205,C-CLASS W205,V-CLASS W447,VITO Tourer W447,VITO Kasten W447,GLE W166,C-CLASS Coupe C205,GLE Coupe C292,GLS X166,S-CLASS Coupe C217; 2212770000, 2212770100, 2222772000<\/p>\n","protected":false},"excerpt":{"rendered":"<p>MEYLE Tarvikesarja, \u00d6ljynvaihto-Automaattivaihteisto MEYLE-ORIGINAL-KIT: Better solution for you! 014 135 1404  MERCEDES-BENZ,C-CLASS W204<\/p>\n","protected":false},"featured_media":0,"template":"","meta":{"site-sidebar-layout":"default","site-content-layout":"default","ast-global-header-display":"","ast-main-header-display":"","ast-hfb-above-header-display":"","ast-hfb-below-header-display":"","ast-hfb-mobile-header-display":"","site-post-title":"","ast-breadcrumbs-content":"","ast-featured-img":"","footer-sml-layout":"","theme-transparent-header-meta":"","adv-header-id-meta":"","stick-header-meta":"","header-above-stick-meta":"","header-main-stick-meta":"","header-below-stick-meta":""},"pwb-brand":[84],"product_cat":[37],"product_tag":[],"class_list":{"0":"post-18801","1":"product","2":"type-product","3":"status-publish","5":"pwb-brand-meyle","6":"product_cat-muut-luokat","7":"desktop-align-left","8":"tablet-align-left","9":"mobile-align-left","11":"first","12":"instock","13":"product-type-external"},"brands":[{"id":84,"name":"MEYLE","slug":"meyle"}],"_links":{"self":[{"href":"https:\/\/www.autonvaraosahaku.fi\/index.php?rest_route=\/wp\/v2\/product\/18801","targetHints":{"allow":["GET"]}}],"collection":[{"href":"https:\/\/www.autonvaraosahaku.fi\/index.php?rest_route=\/wp\/v2\/product"}],"about":[{"href":"https:\/\/www.autonvaraosahaku.fi\/index.php?rest_route=\/wp\/v2\/types\/product"}],"wp:attachment":[{"href":"https:\/\/www.autonvaraosahaku.fi\/index.php?rest_route=%2Fwp%2Fv2%2Fmedia&parent=18801"}],"wp:term":[{"taxonomy":"pwb-brand","embeddable":true,"href":"https:\/\/www.autonvaraosahaku.fi\/index.php?rest_route=%2Fwp%2Fv2%2Fpwb-brand&post=18801"},{"taxonomy":"product_cat","embeddable":true,"href":"https:\/\/www.autonvaraosahaku.fi\/index.php?rest_route=%2Fwp%2Fv2%2Fproduct_cat&post=18801"},{"taxonomy":"product_tag","embeddable":true,"href":"https:\/\/www.autonvaraosahaku.fi\/index.php?rest_route=%2Fwp%2Fv2%2Fproduct_tag&post=18801"}],"curies":[{"name":"wp","href":"https:\/\/api.w.org\/{rel}","templated":true}]}}